{"id":4331,"date":"2024-07-11T17:19:01","date_gmt":"2024-07-11T13:19:01","guid":{"rendered":"https:\/\/57safari.com\/?page_id=4331"},"modified":"2025-09-25T17:19:59","modified_gmt":"2025-09-25T13:19:59","slug":"stornobedingungen","status":"publish","type":"page","link":"https:\/\/57safari.com\/de\/stornobedingungen\/","title":{"rendered":"Stornierungs- und R\u00fcckerstattungsbedingungen"},"content":{"rendered":"<div data-elementor-type=\"wp-page\" data-elementor-id=\"4331\" class=\"elementor elementor-4331\" data-elementor-post-type=\"page\">\n\t\t\t\t<div class=\"elementor-element elementor-element-0c326e9 e-flex e-con-boxed e-con e-parent\" data-id=\"0c326e9\" data-element_type=\"container\" data-e-type=\"container\" data-settings=\"{&quot;background_background&quot;:&quot;classic&quot;}\">\n\t\t\t\t\t<div class=\"e-con-inner\">\n\t\t\t\t\t<\/div>\n\t\t\t\t<\/div>\n\t\t<div class=\"elementor-element elementor-element-0af03c0 e-flex e-con-boxed e-con e-parent\" data-id=\"0af03c0\" data-element_type=\"container\" data-e-type=\"container\">\n\t\t\t\t\t<div class=\"e-con-inner\">\n\t\t\t\t<div class=\"elementor-element elementor-element-165aeb6 elementor-widget elementor-widget-text-editor\" data-id=\"165aeb6\" data-element_type=\"widget\" data-e-type=\"widget\" data-widget_type=\"text-editor.default\">\n\t\t\t\t\t\t\t\t\t<p data-pm-slice=\"1 1 []\"><strong>1. Anspruch auf volle R\u00fcckerstattung:<\/strong><\/p><ul data-spread=\"false\"><li><p>Stornierungen oder \u00c4nderungen <strong>mindestens 24 Stunden vor Tourbeginn<\/strong> qualifizieren f\u00fcr eine <strong>volle R\u00fcckerstattung<\/strong>.<\/p><\/li><\/ul><p><strong>2. Nicht erstattungsf\u00e4hige F\u00e4lle:<\/strong><\/p><ul data-spread=\"false\"><li><p>Stornierungen vorgenommen <strong>innerhalb von 24 Stunden vor Tourbeginn<\/strong> Sind <strong>kein Anspruch auf R\u00fcckerstattung<\/strong>.<\/p><\/li><li><p>Nichtteilnahme an der Tour, Teilnahme <strong>nach der Abreise<\/strong>oder das Verlassen vor der Fertigstellung <strong>macht jegliche R\u00fcckerstattung ung\u00fcltig<\/strong>.<\/p><\/li><\/ul><p><strong>3. Wetter- und Betriebsverz\u00f6gerungen:<\/strong><\/p><ul data-spread=\"false\"><li><p>In F\u00e4llen von <strong>schlechtes Wetter<\/strong>Den G\u00e4sten wird entweder ein <strong>volle R\u00fcckerstattung oder ein alternatives Buchungsdatum<\/strong>.<\/p><\/li><li><p>Es erfolgt keine R\u00fcckerstattung f\u00fcr <strong>angemessene Verz\u00f6gerungen, K\u00fcrzungen oder \u00c4nderungen<\/strong> zu einer Fahrt aufgrund von Wetterbedingungen oder mechanischen Ausf\u00e4llen.<\/p><\/li><\/ul><p><strong>4. Zahlungs- und R\u00fcckerstattungsabwicklung:<\/strong><\/p><ul data-spread=\"false\"><li><p>Zahlungen werden online akzeptiert \u00fcber <strong>Visa und MasterCard<\/strong> im AED.<\/p><\/li><li><p>R\u00fcckerstattungen werden bearbeitet durch die <strong>urspr\u00fcngliche Zahlungsart<\/strong>.<\/p><\/li><li><p>R\u00fcckerstattungen f\u00fcr Zahlungen \u00fcber <strong>Online-Zahlungsgateways<\/strong> wird verarbeitet <strong>abz\u00fcglich aller anfallenden Transaktionsgeb\u00fchren<\/strong>.<\/p><\/li><\/ul><p><strong>5. Geltendes Recht:<\/strong><\/p><ul data-spread=\"false\"><li><p>Alle Streitigkeiten, die sich aus oder im Zusammenhang mit dieser Website ergeben, werden <strong>unterliegt den Gesetzen der VAE<\/strong>.<\/p><\/li><\/ul><p>Diese <strong>Stornierungs- und R\u00fcckerstattungsrichtlinien<\/strong> k\u00f6nnen nach Ermessen von ge\u00e4ndert werden <strong>57 Kulturtourismus LLC<\/strong>. Indem Sie unsere Dienste nutzen, akzeptieren Sie diese Bedingungen und erkl\u00e4ren sich damit einverstanden, sie einzuhalten.<\/p><p>Bei Fragen oder Unklarheiten kontaktieren Sie uns bitte unter <a><strong>info@57safari.com<\/strong><\/a> oder rufen Sie an <strong>+971 52 334 4891<\/strong>.<\/p>\t\t\t\t\t\t\t\t<\/div>\n\t\t\t\t\t<\/div>\n\t\t\t\t<\/div>\n\t\t\t\t<\/div>","protected":false},"excerpt":{"rendered":"<p>1. Anspruch auf volle R\u00fcckerstattung: Stornierungen oder \u00c4nderungen, die mindestens 24 Stunden vor Reisebeginn erfolgen, berechtigen zu einer vollen R\u00fcckerstattung. 2. Nicht erstattungsf\u00e4hige F\u00e4lle: Stornierungen, die innerhalb von 24 Stunden vor Reisebeginn erfolgen, berechtigen nicht zur R\u00fcckerstattung. Bei Nichtantritt der Reise, bei Teilnahme nach Reisebeginn oder bei vorzeitiger Abreise erlischt jede R\u00fcckerstattung. [\u2026]<\/p>","protected":false},"author":8,"featured_media":0,"parent":0,"menu_order":0,"comment_status":"closed","ping_status":"closed","template":"","meta":{"_acf_changed":false,"iawp_total_views":12,"footnotes":""},"class_list":["post-4331","page","type-page","status-publish","hentry"],"acf":[],"_links":{"self":[{"href":"https:\/\/57safari.com\/de\/wp-json\/wp\/v2\/pages\/4331","targetHints":{"allow":["GET"]}}],"collection":[{"href":"https:\/\/57safari.com\/de\/wp-json\/wp\/v2\/pages"}],"about":[{"href":"https:\/\/57safari.com\/de\/wp-json\/wp\/v2\/types\/page"}],"author":[{"embeddable":true,"href":"https:\/\/57safari.com\/de\/wp-json\/wp\/v2\/users\/8"}],"replies":[{"embeddable":true,"href":"https:\/\/57safari.com\/de\/wp-json\/wp\/v2\/comments?post=4331"}],"version-history":[{"count":0,"href":"https:\/\/57safari.com\/de\/wp-json\/wp\/v2\/pages\/4331\/revisions"}],"wp:attachment":[{"href":"https:\/\/57safari.com\/de\/wp-json\/wp\/v2\/media?parent=4331"}],"curies":[{"name":"wp","href":"https:\/\/api.w.org\/{rel}","templated":true}]}}