{"id":924,"date":"2023-12-27T04:59:32","date_gmt":"2023-12-27T00:59:32","guid":{"rendered":"https:\/\/57safari.com\/?page_id=924"},"modified":"2025-07-12T19:39:45","modified_gmt":"2025-07-12T15:39:45","slug":"geschaftsbedingungen","status":"publish","type":"page","link":"https:\/\/57safari.com\/de\/geschaftsbedingungen\/","title":{"rendered":"Allgemeine Gesch\u00e4ftsbedingungen"},"content":{"rendered":"<div data-elementor-type=\"wp-page\" data-elementor-id=\"924\" class=\"elementor elementor-924\" data-elementor-post-type=\"page\">\n\t\t\t\t<div class=\"elementor-element elementor-element-dc682b9 e-flex e-con-boxed e-con e-parent\" data-id=\"dc682b9\" data-element_type=\"container\" data-e-type=\"container\" data-settings=\"{&quot;background_background&quot;:&quot;classic&quot;}\">\n\t\t\t\t\t<div class=\"e-con-inner\">\n\t\t\t\t\t<\/div>\n\t\t\t\t<\/div>\n\t\t<div class=\"elementor-element elementor-element-45412dc e-flex e-con-boxed e-con e-parent\" data-id=\"45412dc\" data-element_type=\"container\" data-e-type=\"container\">\n\t\t\t\t\t<div class=\"e-con-inner\">\n\t\t\t\t<div class=\"elementor-element elementor-element-d8a8731 elementor-widget elementor-widget-text-editor\" data-id=\"d8a8731\" data-element_type=\"widget\" data-e-type=\"widget\" data-widget_type=\"text-editor.default\">\n\t\t\t\t\t\t\t\t\t<h3 class=\"\" data-start=\"187\" data-end=\"217\"><strong data-start=\"191\" data-end=\"217\">1. Allgemeine Informationen<\/strong><\/h3><ul data-start=\"218\" data-end=\"708\"><li class=\"\" data-start=\"218\" data-end=\"330\"><p class=\"\" data-start=\"220\" data-end=\"330\">57 Heritage Tourism LLC hat seinen Sitz in den Vereinigten Arabischen Emiraten und alle Dienstleistungen unterliegen den Gesetzen der VAE.<\/p><\/li><li class=\"\" data-start=\"331\" data-end=\"398\"><p class=\"\" data-start=\"333\" data-end=\"398\">Unsere Dienste werden nicht in L\u00e4ndern erbracht, die vom OFAC sanktioniert wurden.<\/p><\/li><li class=\"\" data-start=\"399\" data-end=\"508\"><p class=\"\" data-start=\"401\" data-end=\"508\">Minderj\u00e4hrigen unter 18 Jahren ist es nicht gestattet, sich als Benutzer zu registrieren oder Transaktionen auf dieser Website durchzuf\u00fchren.<\/p><\/li><li class=\"\" data-start=\"509\" data-end=\"627\"><p class=\"\" data-start=\"511\" data-end=\"627\">Karteninhaber m\u00fcssen Kopien ihrer Transaktionsaufzeichnungen aufbewahren und die Richtlinien und Vorschriften des H\u00e4ndlers einhalten.<\/p><\/li><li class=\"\" data-start=\"628\" data-end=\"708\"><p class=\"\" data-start=\"630\" data-end=\"708\">Benutzer sind f\u00fcr die Gew\u00e4hrleistung der Privatsph\u00e4re und Sicherheit ihrer Konten verantwortlich.<\/p><\/li><\/ul><hr class=\"\" data-start=\"710\" data-end=\"713\" \/><h3 class=\"\" data-start=\"715\" data-end=\"747\"><strong data-start=\"719\" data-end=\"747\">2. Reiseverlauf und \u00c4nderungen<\/strong><\/h3><ul data-start=\"748\" data-end=\"1163\"><li class=\"\" data-start=\"748\" data-end=\"900\"><p class=\"\" data-start=\"750\" data-end=\"900\">Die Reiserouten sind zum Zeitpunkt der Ver\u00f6ffentlichung korrekt, k\u00f6nnen jedoch zur Verbesserung oder aufgrund externer Faktoren au\u00dferhalb unserer Kontrolle geringf\u00fcgigen \u00c4nderungen unterliegen.<\/p><\/li><li class=\"\" data-start=\"901\" data-end=\"1025\"><p class=\"\" data-start=\"903\" data-end=\"1025\">Wenn eine bestimmte Dienstleistung oder Aktivit\u00e4t nicht wie angegeben erbracht werden kann, werden, sofern m\u00f6glich, geeignete Alternativen angeboten.<\/p><\/li><li class=\"\" data-start=\"1026\" data-end=\"1163\"><p class=\"\" data-start=\"1028\" data-end=\"1163\">Aufgrund saisonaler Bedingungen, Wetterextremen, Naturkatastrophen oder Anforderungen an Naturschutzgebiete kann es zu \u00c4nderungen der Reiseroute kommen.<\/p><\/li><\/ul><hr class=\"\" data-start=\"1165\" data-end=\"1168\" \/><h3 class=\"\" data-start=\"1170\" data-end=\"1201\"><strong data-start=\"1174\" data-end=\"1201\">3. Preise und G\u00fcltigkeit<\/strong><\/h3><ul data-start=\"1202\" data-end=\"1331\"><li class=\"\" data-start=\"1202\" data-end=\"1262\"><p class=\"\" data-start=\"1204\" data-end=\"1262\">Die Preise sind in AED (Vereinigte Arabische Emirate-Dirham) angegeben.<\/p><\/li><li class=\"\" data-start=\"1263\" data-end=\"1331\"><p class=\"\" data-start=\"1265\" data-end=\"1331\">Das Unternehmen beh\u00e4lt sich das Recht vor, die Preise nach eigenem Ermessen zu \u00e4ndern.<\/p><\/li><\/ul><hr class=\"\" data-start=\"1333\" data-end=\"1336\" \/><h3 class=\"\" data-start=\"1338\" data-end=\"1365\"><strong data-start=\"1342\" data-end=\"1365\">4. Reiseversicherung<\/strong><\/h3><ul data-start=\"1366\" data-end=\"1603\"><li class=\"\" data-start=\"1366\" data-end=\"1506\"><p class=\"\" data-start=\"1368\" data-end=\"1506\">Wir empfehlen dringend, eine ausreichende Reiseversicherung abzuschlie\u00dfen, die unvorhergesehene Umst\u00e4nde abdeckt, die eine Teilnahme an geplanten Touren verhindern.<\/p><\/li><li class=\"\" data-start=\"1507\" data-end=\"1603\"><p class=\"\" data-start=\"1509\" data-end=\"1603\">Auf Wunsch unterst\u00fctzen wir Sie dabei, die notwendigen Unterlagen bei Ihrer Versicherung einzureichen.<\/p><\/li><\/ul><hr class=\"\" data-start=\"1605\" data-end=\"1608\" \/><h3 class=\"\" data-start=\"1610\" data-end=\"1648\"><strong data-start=\"1614\" data-end=\"1648\">5. Wetter und Reisebetrieb<\/strong><\/h3><ul data-start=\"1649\" data-end=\"1870\"><li class=\"\" data-start=\"1649\" data-end=\"1742\"><p class=\"\" data-start=\"1651\" data-end=\"1742\">Bei schlechtem Wetter wird eine volle R\u00fcckerstattung oder ein alternativer Buchungstermin angeboten.<\/p><\/li><li class=\"\" data-start=\"1743\" data-end=\"1870\"><p class=\"\" data-start=\"1745\" data-end=\"1870\">F\u00fcr angemessene Verz\u00f6gerungen, Verk\u00fcrzungen oder \u00c4nderungen aufgrund von Wetterbedingungen oder mechanischen Ausf\u00e4llen werden keine Erstattungen gew\u00e4hrt.<\/p><\/li><\/ul><hr class=\"\" data-start=\"2105\" data-end=\"2108\" \/><h3 class=\"\" data-start=\"2110\" data-end=\"2140\"><strong data-start=\"2114\" data-end=\"2140\">6. Risikoanerkennung<\/strong><\/h3><ul data-start=\"2141\" data-end=\"2292\"><li class=\"\" data-start=\"2141\" data-end=\"2292\"><p class=\"\" data-start=\"2143\" data-end=\"2292\">Die Teilnehmer sind sich der mit den Aktivit\u00e4ten verbundenen Risiken bewusst und tragen die Verantwortung f\u00fcr ihre Sicherheit. Sie verpflichten sich, die bereitgestellten Sicherheitsanweisungen einzuhalten.<\/p><\/li><\/ul><hr class=\"\" data-start=\"2294\" data-end=\"2297\" \/><h3 class=\"\" data-start=\"2299\" data-end=\"2337\"><strong data-start=\"2303\" data-end=\"2337\">7. Alters- und Gesundheitsanforderungen<\/strong><\/h3><ul data-start=\"2338\" data-end=\"2658\"><li class=\"\" data-start=\"2338\" data-end=\"2406\"><p class=\"\" data-start=\"2340\" data-end=\"2406\">Kinder unter 5 Jahren d\u00fcrfen nicht in Gemeinschaftsfahrzeugen mitfahren.<\/p><\/li><li class=\"\" data-start=\"2407\" data-end=\"2511\"><p class=\"\" data-start=\"2409\" data-end=\"2511\">F\u00fcr Kinder im Alter von 12 Monaten bis 5 Jahren k\u00f6nnen spezielle Vereinbarungen auf Basis eines privaten Fahrzeugs getroffen werden.<\/p><\/li><li class=\"\" data-start=\"2512\" data-end=\"2658\"><p class=\"\" data-start=\"2514\" data-end=\"2658\">F\u00fcr einige Aktivit\u00e4ten gelten Altersbeschr\u00e4nkungen und schwangeren G\u00e4sten wird von bestimmten Erlebnissen abgeraten, insbesondere in den fortgeschrittenen Stadien der Schwangerschaft.<\/p><\/li><\/ul><hr class=\"\" data-start=\"2660\" data-end=\"2663\" \/><h3 class=\"\" data-start=\"2665\" data-end=\"2695\"><strong data-start=\"2669\" data-end=\"2695\">8. Ern\u00e4hrungspr\u00e4ferenzen<\/strong><\/h3><ul data-start=\"2696\" data-end=\"2797\"><li class=\"\" data-start=\"2696\" data-end=\"2797\"><p class=\"\" data-start=\"2698\" data-end=\"2797\">Wir ber\u00fccksichtigen alle Ern\u00e4hrungsbed\u00fcrfnisse. Bitte informieren Sie uns bei der Buchung \u00fcber etwaige Ern\u00e4hrungsw\u00fcnsche.<\/p><\/li><\/ul><hr class=\"\" data-start=\"2799\" data-end=\"2802\" \/><h3 class=\"\" data-start=\"2804\" data-end=\"2846\"><strong data-start=\"2808\" data-end=\"2846\">9. Rauchen, Alkohol und Verhalten<\/strong><\/h3><ul data-start=\"2847\" data-end=\"3111\"><li class=\"\" data-start=\"2847\" data-end=\"2894\"><p class=\"\" data-start=\"2849\" data-end=\"2894\">Das Rauchen ist in den Tourfahrzeugen verboten.<\/p><\/li><li class=\"\" data-start=\"2895\" data-end=\"2961\"><p class=\"\" data-start=\"2897\" data-end=\"2961\">Nach dem Recht der VAE ist das Mitf\u00fchren von Alkohol in Touristenfahrzeugen illegal.<\/p><\/li><li class=\"\" data-start=\"2962\" data-end=\"3111\"><p class=\"\" data-start=\"2964\" data-end=\"3111\">Das Unternehmen beh\u00e4lt sich das Recht vor, Personen, deren Verhalten den Spa\u00df der Gruppe beeintr\u00e4chtigt oder eine Sicherheitsgefahr darstellt, den Service zu verweigern.<\/p><\/li><\/ul><hr class=\"\" data-start=\"3113\" data-end=\"3116\" \/><h3 class=\"\" data-start=\"3118\" data-end=\"3150\"><strong data-start=\"3122\" data-end=\"3150\">10. Zahlung und Streitigkeiten<\/strong><\/h3><ul data-start=\"3151\" data-end=\"3374\"><li class=\"\" data-start=\"3151\" data-end=\"3215\"><p class=\"\" data-start=\"3153\" data-end=\"3215\">Online-Zahlungen werden per Visa und MasterCard in AED akzeptiert.<\/p><\/li><li class=\"\" data-start=\"3216\" data-end=\"3275\"><p class=\"\" data-start=\"3218\" data-end=\"3275\">R\u00fcckerstattungen werden \u00fcber die urspr\u00fcngliche Zahlungsmethode abgewickelt.<\/p><\/li><li class=\"\" data-start=\"3276\" data-end=\"3374\"><p class=\"\" data-start=\"3278\" data-end=\"3374\">S\u00e4mtliche Streitigkeiten, die sich aus oder im Zusammenhang mit dieser Website ergeben, unterliegen den Gesetzen der Vereinigten Arabischen Emirate.<\/p><\/li><\/ul><hr class=\"\" data-start=\"3376\" data-end=\"3379\" \/><h3 class=\"\" data-start=\"3381\" data-end=\"3409\"><strong data-start=\"3385\" data-end=\"3409\">11. Technologienutzung<\/strong><\/h3><ul data-start=\"3410\" data-end=\"3692\"><li class=\"\" data-start=\"3410\" data-end=\"3507\"><p class=\"\" data-start=\"3412\" data-end=\"3507\">Fahrzeuge k\u00f6nnen aus rechtlichen, versicherungstechnischen und Schulungszwecken mit Dashcam-Technologie ausgestattet sein.<\/p><\/li><li class=\"\" data-start=\"3508\" data-end=\"3692\"><p class=\"\" data-start=\"3510\" data-end=\"3692\">Drohnen sind w\u00e4hrend regul\u00e4rer Falkenshows verboten, sofern keine besonderen Umst\u00e4nde vorab von 57 Heritage Tourism LLC und der General Civil Aviation Authority (GCAA) der VAE genehmigt wurden.<\/p><\/li><\/ul><hr class=\"\" data-start=\"3694\" data-end=\"3697\" \/><h3 class=\"\" data-start=\"3699\" data-end=\"3739\"><strong data-start=\"3703\" data-end=\"3739\">12. Fotografie und Bildrechte<\/strong><\/h3><ul data-start=\"3740\" data-end=\"3903\"><li class=\"\" data-start=\"3740\" data-end=\"3903\"><p class=\"\" data-start=\"3742\" data-end=\"3903\">Die Teilnehmer erkl\u00e4ren sich mit der m\u00f6glichen Erfassung ihrer Bilder einverstanden und erteilen dem Unternehmen eine unbefristete, geb\u00fchrenfreie Lizenz zur Verwendung dieser Bilder f\u00fcr Werbezwecke.<\/p><\/li><\/ul><hr class=\"\" data-start=\"3905\" data-end=\"3908\" \/><h3 class=\"\" data-start=\"3910\" data-end=\"3950\"><strong data-start=\"3914\" data-end=\"3950\">13. Stornierungs- und R\u00fcckerstattungsbedingungen<\/strong><\/h3><p class=\"\" data-start=\"3952\" data-end=\"3982\"><strong data-start=\"3952\" data-end=\"3980\">Anspruch auf volle R\u00fcckerstattung:<\/strong><\/p><ul data-start=\"3983\" data-end=\"4088\"><li class=\"\" data-start=\"3983\" data-end=\"4088\"><p class=\"\" data-start=\"3985\" data-end=\"4088\">Bei Stornierungen oder \u00c4nderungen, die mindestens 48 Stunden vor Tourbeginn erfolgen, ist eine volle R\u00fcckerstattung m\u00f6glich.<\/p><\/li><\/ul><p class=\"\" data-start=\"4090\" data-end=\"4111\"><strong data-start=\"4090\" data-end=\"4109\">Nicht erstattungsf\u00e4hig:<\/strong><\/p><ul data-start=\"4112\" data-end=\"4307\"><li class=\"\" data-start=\"4112\" data-end=\"4203\"><p class=\"\" data-start=\"4114\" data-end=\"4203\">Bei Stornierungen innerhalb von 48 Stunden vor Tourbeginn ist keine R\u00fcckerstattung m\u00f6glich.<\/p><\/li><li class=\"\" data-start=\"4204\" data-end=\"4307\"><p class=\"\" data-start=\"4206\" data-end=\"4307\">Bei Nichtantritt der Tour, bei Teilnahme nach der Abreise oder bei Abreise vor deren Ende erlischt jegliche R\u00fcckerstattung.<\/p><\/li><\/ul><p class=\"\" data-start=\"4309\" data-end=\"4346\"><strong data-start=\"4309\" data-end=\"4344\">Wetter und Betriebsverz\u00f6gerungen:<\/strong><\/p><ul data-start=\"4347\" data-end=\"4591\"><li class=\"\" data-start=\"4347\" data-end=\"4457\"><p class=\"\" data-start=\"4349\" data-end=\"4457\">Bei Schlechtwetter wird den G\u00e4sten entweder eine volle R\u00fcckerstattung oder ein alternativer Buchungstermin angeboten.<\/p><\/li><li class=\"\" data-start=\"4458\" data-end=\"4591\"><p class=\"\" data-start=\"4460\" data-end=\"4591\">F\u00fcr angemessene Verz\u00f6gerungen, Verk\u00fcrzungen oder \u00c4nderungen einer Reise aufgrund von Wetterbedingungen oder mechanischen Ausf\u00e4llen werden keine Erstattungen gew\u00e4hrt.<\/p><\/li><\/ul><p class=\"\" data-start=\"4816\" data-end=\"4852\"><strong data-start=\"4816\" data-end=\"4850\">Zahlungs- und R\u00fcckerstattungsabwicklung:<\/strong><\/p><ul data-start=\"4853\" data-end=\"5098\"><li class=\"\" data-start=\"4853\" data-end=\"4917\"><p class=\"\" data-start=\"4855\" data-end=\"4917\">Online-Zahlungen werden per Visa und MasterCard in AED akzeptiert.<\/p><\/li><li class=\"\" data-start=\"4918\" data-end=\"4981\"><p class=\"\" data-start=\"4920\" data-end=\"4981\">R\u00fcckerstattungen werden \u00fcber die urspr\u00fcngliche Zahlungsmethode abgewickelt.<\/p><\/li><li class=\"\" data-start=\"4982\" data-end=\"5098\"><p class=\"\" data-start=\"4984\" data-end=\"5098\">R\u00fcckerstattungen f\u00fcr \u00fcber Online-Zahlungsgateways get\u00e4tigte Zahlungen werden abz\u00fcglich aller anfallenden Transaktionsgeb\u00fchren bearbeitet.<\/p><\/li><\/ul><p class=\"\" data-start=\"5100\" data-end=\"5120\"><strong data-start=\"5100\" data-end=\"5118\">Geltendes Recht:<\/strong><\/p><ul data-start=\"5121\" data-end=\"5219\"><li class=\"\" data-start=\"5121\" data-end=\"5219\"><p class=\"\" data-start=\"5123\" data-end=\"5219\">S\u00e4mtliche Streitigkeiten, die sich aus oder im Zusammenhang mit dieser Website ergeben, unterliegen den Gesetzen der Vereinigten Arabischen Emirate.<\/p><\/li><\/ul><hr class=\"\" data-start=\"5221\" data-end=\"5224\" \/><h3 class=\"\" data-start=\"5226\" data-end=\"5260\"><strong data-start=\"5230\" data-end=\"5260\">14. Buggys und Quads<\/strong><\/h3><p class=\"\" data-start=\"5262\" data-end=\"5286\"><strong data-start=\"5262\" data-end=\"5284\">Fahrerberechtigung<\/strong><\/p><ul data-start=\"5287\" data-end=\"5449\"><li class=\"\" data-start=\"5287\" data-end=\"5363\"><p class=\"\" data-start=\"5289\" data-end=\"5363\">Fahrer m\u00fcssen mindestens 18 Jahre alt sein und einen g\u00fcltigen F\u00fchrerschein besitzen.<\/p><\/li><li class=\"\" data-start=\"5364\" data-end=\"5449\"><p class=\"\" data-start=\"5366\" data-end=\"5449\">Passagiere m\u00fcssen mindestens 10 Jahre alt sein und von einem Erwachsenen begleitet werden, wenn sie unter 18 sind.<\/p><\/li><\/ul><p class=\"\" data-start=\"5451\" data-end=\"5472\"><strong data-start=\"5451\" data-end=\"5470\">Gesundheit und Sicherheit<\/strong><\/p><ul data-start=\"5473\" data-end=\"5687\"><li class=\"\" data-start=\"5473\" data-end=\"5596\"><p class=\"\" data-start=\"5475\" data-end=\"5596\">Diese Aktivit\u00e4ten werden f\u00fcr schwangere G\u00e4ste oder Personen mit R\u00fccken-, Nacken- oder ernsthaften Erkrankungen nicht empfohlen.<\/p><\/li><li class=\"\" data-start=\"5597\" data-end=\"5687\"><p class=\"\" data-start=\"5599\" data-end=\"5687\">Alle Teilnehmer m\u00fcssen w\u00e4hrend des Erlebnisses Helme und bereitgestellte Schutzausr\u00fcstung tragen.<\/p><\/li><\/ul><p class=\"\" data-start=\"5689\" data-end=\"5721\"><strong data-start=\"5689\" data-end=\"5719\">Verhalten und Verantwortung<\/strong><\/p><ul data-start=\"5722\" data-end=\"6003\"><li class=\"\" data-start=\"5722\" data-end=\"5828\"><p class=\"\" data-start=\"5724\" data-end=\"5828\">R\u00fccksichtsloses Fahren, Fahren abseits der Wege, Driften oder Missachtung der Anweisungen des Reiseleiters sind streng verboten.<\/p><\/li><li class=\"\" data-start=\"5829\" data-end=\"5918\"><p class=\"\" data-start=\"5831\" data-end=\"5918\">Die Teilnehmer m\u00fcssen alle Sicherheitsanweisungen und Anweisungen des Reiseleiters befolgen.<\/p><\/li><li class=\"\" data-start=\"5919\" data-end=\"6003\"><p class=\"\" data-start=\"5921\" data-end=\"6003\">F\u00fcr Sch\u00e4den, die durch Fahrl\u00e4ssigkeit oder Missbrauch an Fahrzeugen entstehen, haftet der Gast.<\/p><\/li><\/ul><p class=\"\" data-start=\"6005\" data-end=\"6024\"><strong data-start=\"6005\" data-end=\"6022\">Substanzgebrauch<\/strong><\/p><ul data-start=\"6025\" data-end=\"6218\"><li class=\"\" data-start=\"6025\" data-end=\"6126\"><p class=\"\" data-start=\"6027\" data-end=\"6126\">Der Konsum von Alkohol oder anderen illegalen Substanzen vor oder w\u00e4hrend der Aktivit\u00e4t ist strengstens verboten.<\/p><\/li><li class=\"\" data-start=\"6127\" data-end=\"6218\"><p class=\"\" data-start=\"6129\" data-end=\"6218\">G\u00e4sten, bei denen der Verdacht besteht, dass sie unter Einfluss von Alkohol oder Drogen stehen, wird die Teilnahme ohne R\u00fcckerstattung verweigert.<\/p><\/li><\/ul><p class=\"\" data-start=\"6220\" data-end=\"6260\"><strong data-start=\"6220\" data-end=\"6258\">Wetter- und Betriebsbedingungen<\/strong><\/p><ul data-start=\"6261\" data-end=\"6478\"><li class=\"\" data-start=\"6261\" data-end=\"6398\"><p class=\"\" data-start=\"6263\" data-end=\"6398\">Bei extremen Wetterbedingungen oder unvorhergesehenen Umst\u00e4nden kann das Erlebnis aus Sicherheitsgr\u00fcnden verschoben oder abgesagt werden.<\/p><\/li><li class=\"\" data-start=\"6399\" data-end=\"6478\"><p class=\"\" data-start=\"6401\" data-end=\"6478\">In solchen F\u00e4llen wird den G\u00e4sten eine vollst\u00e4ndige R\u00fcckerstattung oder ein alternativer Termin angeboten.<\/p><\/li><\/ul><p class=\"\" data-start=\"6480\" data-end=\"6508\"><strong data-start=\"6480\" data-end=\"6506\">Anerkennung des Risikos<\/strong><\/p><ul data-start=\"6509\" data-end=\"6711\"><li class=\"\" data-start=\"6509\" data-end=\"6633\"><p class=\"\" data-start=\"6511\" data-end=\"6633\">Den G\u00e4sten ist bewusst, dass Buggy- und Quad-Aktivit\u00e4ten gewisse Risiken bergen, und sie erkl\u00e4ren sich damit einverstanden, auf eigene Gefahr daran teilzunehmen.<\/p><\/li><li class=\"\" data-start=\"6634\" data-end=\"6711\"><p class=\"\" data-start=\"6636\" data-end=\"6711\">Vor Beginn der Aktivit\u00e4t muss m\u00f6glicherweise ein Haftungsausschluss unterzeichnet werden.<\/p><\/li><\/ul><hr class=\"\" data-start=\"6713\" data-end=\"6716\" \/><p class=\"\" data-start=\"6718\" data-end=\"6853\"><strong data-start=\"6718\" data-end=\"6777\">Bei Fragen oder Unklarheiten kontaktieren Sie uns bitte unter<\/strong> <a rel=\"noopener\" data-start=\"6778\" data-end=\"6823\">info@57safari.com<\/a> <strong data-start=\"6824\" data-end=\"6835\">oder rufen Sie an<\/strong> +971 52 334 4891.<\/p>\t\t\t\t\t\t\t\t<\/div>\n\t\t\t\t\t<\/div>\n\t\t\t\t<\/div>\n\t\t\t\t<\/div>","protected":false},"excerpt":{"rendered":"<p>1. Allgemeine Informationen 57 Heritage Tourism LLC hat seinen Sitz in den Vereinigten Arabischen Emiraten, und alle Dienstleistungen unterliegen den Gesetzen der VAE. Unsere Dienstleistungen werden nicht in OFAC-sanktionierte L\u00e4nder erbracht. Minderj\u00e4hrigen unter 18 Jahren ist die Registrierung als Nutzer oder die Durchf\u00fchrung von Transaktionen auf dieser Website nicht gestattet. Karteninhaber m\u00fcssen Kopien ihrer [\u2026] aufbewahren.<\/p>","protected":false},"author":8,"featured_media":0,"parent":0,"menu_order":0,"comment_status":"closed","ping_status":"closed","template":"","meta":{"_acf_changed":false,"iawp_total_views":7,"footnotes":""},"class_list":["post-924","page","type-page","status-publish","hentry"],"acf":[],"_links":{"self":[{"href":"https:\/\/57safari.com\/de\/wp-json\/wp\/v2\/pages\/924","targetHints":{"allow":["GET"]}}],"collection":[{"href":"https:\/\/57safari.com\/de\/wp-json\/wp\/v2\/pages"}],"about":[{"href":"https:\/\/57safari.com\/de\/wp-json\/wp\/v2\/types\/page"}],"author":[{"embeddable":true,"href":"https:\/\/57safari.com\/de\/wp-json\/wp\/v2\/users\/8"}],"replies":[{"embeddable":true,"href":"https:\/\/57safari.com\/de\/wp-json\/wp\/v2\/comments?post=924"}],"version-history":[{"count":0,"href":"https:\/\/57safari.com\/de\/wp-json\/wp\/v2\/pages\/924\/revisions"}],"wp:attachment":[{"href":"https:\/\/57safari.com\/de\/wp-json\/wp\/v2\/media?parent=924"}],"curies":[{"name":"wp","href":"https:\/\/api.w.org\/{rel}","templated":true}]}}