{"id":9979,"date":"2024-12-09T01:15:03","date_gmt":"2024-12-08T21:15:03","guid":{"rendered":"https:\/\/57safari.com\/?page_id=9979"},"modified":"2024-12-09T02:18:19","modified_gmt":"2024-12-08T22:18:19","slug":"luxusyachtverleih-in-dubai","status":"publish","type":"page","link":"https:\/\/57safari.com\/de\/luxusyachtverleih-in-dubai\/","title":{"rendered":"Luxusyacht-Verleih in Dubai"},"content":{"rendered":"<div data-elementor-type=\"wp-page\" data-elementor-id=\"9979\" class=\"elementor elementor-9979\" data-elementor-post-type=\"page\">\n\t\t\t\t<div class=\"elementor-element elementor-element-346486b e-flex e-con-boxed e-con e-parent\" data-id=\"346486b\" data-element_type=\"container\" data-e-type=\"container\">\n\t\t\t\t\t<div class=\"e-con-inner\">\n\t\t<div class=\"elementor-element elementor-element-32efdd7 e-con-full e-flex e-con e-child\" data-id=\"32efdd7\" data-element_type=\"container\" data-e-type=\"container\">\n\t\t\t\t<div class=\"elementor-element elementor-element-ee4a51d elementor-widget elementor-widget-heading\" data-id=\"ee4a51d\" data-element_type=\"widget\" data-e-type=\"widget\" data-widget_type=\"heading.default\">\n\t\t\t\t\t<div class=\"elementor-heading-title elementor-size-default\">Exklusive Yachtcharter<\/div>\t\t\t\t<\/div>\n\t\t\t\t<div class=\"elementor-element elementor-element-9901c88 elementor-widget elementor-widget-heading\" data-id=\"9901c88\" data-element_type=\"widget\" data-e-type=\"widget\" data-widget_type=\"heading.default\">\n\t\t\t\t\t<h1 class=\"elementor-heading-title elementor-size-default\">Luxusyacht-Verleih in Dubai<\/h1>\t\t\t\t<\/div>\n\t\t\t\t<div class=\"elementor-element elementor-element-321ace8 elementor-widget elementor-widget-text-editor\" data-id=\"321ace8\" data-element_type=\"widget\" data-e-type=\"widget\" data-widget_type=\"text-editor.default\">\n\t\t\t\t\t\t\t\t\t<p>Entdecken Sie die M\u00f6glichkeit, in Dubai Luxusyachten zu mieten. Buchen Sie ger\u00e4umige Yachten mit professioneller Crew, modernen Annehmlichkeiten und atemberaubender Aussicht auf den Arabischen Golf.<\/p>\t\t\t\t\t\t\t\t<\/div>\n\t\t\t\t<\/div>\n\t\t<div class=\"elementor-element elementor-element-9750ec7 e-con-full e-flex e-con e-child\" data-id=\"9750ec7\" data-element_type=\"container\" data-e-type=\"container\">\n\t\t\t\t<div class=\"elementor-element elementor-element-9fe5d37 elementor-widget elementor-widget-image\" data-id=\"9fe5d37\" data-element_type=\"widget\" data-e-type=\"widget\" data-widget_type=\"image.default\">\n\t\t\t\t\t\t\t\t\t\t\t\t\t\t\t<img fetchpriority=\"high\" decoding=\"async\" width=\"768\" height=\"428\" src=\"https:\/\/57safari.com\/wp-content\/uploads\/2024\/12\/Pershing-5X-5-768x428.webp\" class=\"attachment-medium_large size-medium_large wp-image-10038\" alt=\"\" srcset=\"https:\/\/57safari.com\/wp-content\/uploads\/2024\/12\/Pershing-5X-5-768x428.webp 768w, https:\/\/57safari.com\/wp-content\/uploads\/2024\/12\/Pershing-5X-5-300x167.webp 300w, https:\/\/57safari.com\/wp-content\/uploads\/2024\/12\/Pershing-5X-5-1024x571.webp 1024w, https:\/\/57safari.com\/wp-content\/uploads\/2024\/12\/Pershing-5X-5-18x10.webp 18w, https:\/\/57safari.com\/wp-content\/uploads\/2024\/12\/Pershing-5X-5-600x334.webp 600w, https:\/\/57safari.com\/wp-content\/uploads\/2024\/12\/Pershing-5X-5.webp 1080w\" sizes=\"(max-width: 768px) 100vw, 768px\" title=\"\">\t\t\t\t\t\t\t\t\t\t\t\t\t\t\t<\/div>\n\t\t\t\t<\/div>\n\t\t\t\t\t<\/div>\n\t\t\t\t<\/div>\n\t\t<div class=\"elementor-element elementor-element-eda470d e-flex e-con-boxed e-con e-parent\" data-id=\"eda470d\" data-element_type=\"container\" data-e-type=\"container\">\n\t\t\t\t\t<div class=\"e-con-inner\">\n\t\t\t\t<div class=\"woocommerce elementor-element elementor-element-f35f809 elementor-grid-3 elementor-grid-tablet-2 elementor-grid-mobile-1 elementor-widget elementor-widget-loop-grid\" data-id=\"f35f809\" data-element_type=\"widget\" data-e-type=\"widget\" data-settings=\"{&quot;_skin&quot;:&quot;product&quot;,&quot;template_id&quot;:&quot;679&quot;,&quot;pagination_type&quot;:&quot;load_more_infinite_scroll&quot;,&quot;columns&quot;:&quot;3&quot;,&quot;columns_tablet&quot;:&quot;2&quot;,&quot;columns_mobile&quot;:&quot;1&quot;,&quot;edit_handle_selector&quot;:&quot;[data-elementor-type=\\&quot;loop-item\\&quot;]&quot;,&quot;lgefep_acf_repeater_tag&quot;:&quot;no&quot;,&quot;load_more_spinner&quot;:{&quot;value&quot;:&quot;fas fa-spinner&quot;,&quot;library&quot;:&quot;fa-solid&quot;},&quot;row_gap&quot;:{&quot;unit&quot;:&quot;px&quot;,&quot;size&quot;:&quot;&quot;,&quot;sizes&quot;:[]},&quot;row_gap_widescreen&quot;:{&quot;unit&quot;:&quot;px&quot;,&quot;size&quot;:&quot;&quot;,&quot;sizes&quot;:[]},&quot;row_gap_laptop&quot;:{&quot;unit&quot;:&quot;px&quot;,&quot;size&quot;:&quot;&quot;,&quot;sizes&quot;:[]},&quot;row_gap_tablet_extra&quot;:{&quot;unit&quot;:&quot;px&quot;,&quot;size&quot;:&quot;&quot;,&quot;sizes&quot;:[]},&quot;row_gap_tablet&quot;:{&quot;unit&quot;:&quot;px&quot;,&quot;size&quot;:&quot;&quot;,&quot;sizes&quot;:[]},&quot;row_gap_mobile_extra&quot;:{&quot;unit&quot;:&quot;px&quot;,&quot;size&quot;:&quot;&quot;,&quot;sizes&quot;:[]},&quot;row_gap_mobile&quot;:{&quot;unit&quot;:&quot;px&quot;,&quot;size&quot;:&quot;&quot;,&quot;sizes&quot;:[]}}\" data-widget_type=\"loop-grid.product\">\n\t\t\t\t<div class=\"elementor-widget-container\">\n\t\t\t\t\t\t\t<div class=\"elementor-loop-container elementor-grid\" role=\"list\">\n\t\t<style id=\"loop-679\">.elementor-679 .elementor-element.elementor-element-40e07a1{--display:flex;--flex-direction:row;--container-widget-width:calc( ( 1 - var( --container-widget-flex-grow ) ) * 100% );--container-widget-height:100%;--container-widget-flex-grow:1;--container-widget-align-self:stretch;--flex-wrap-mobile:wrap;--align-items:stretch;--gap:5px 5px;--row-gap:5px;--column-gap:5px;--flex-wrap:wrap;border-style:none;--border-style:none;--border-radius:5px 5px 5px 5px;}.elementor-widget-heading .elementor-heading-title{font-family:var( --e-global-typography-primary-font-family ), Sans-serif;font-weight:var( --e-global-typography-primary-font-weight );text-transform:var( --e-global-typography-primary-text-transform );color:var( --e-global-color-primary );}.elementor-679 .elementor-element.elementor-element-d5f200b .elementor-heading-title{font-family:var( --e-global-typography-secondary-font-family ), Sans-serif;font-weight:var( --e-global-typography-secondary-font-weight );text-transform:var( --e-global-typography-secondary-text-transform );text-shadow:0px 0px 5px #000000;color:var( --e-global-color-text );}.elementor-679 .elementor-element.elementor-element-d5f200b{padding:10px 10px 10px 10px;top:19px;background-color:var( --e-global-color-d1cdaed );border-radius:5px 5px 5px 5px;}body:not(.rtl) .elementor-679 .elementor-element.elementor-element-d5f200b{left:19px;}body.rtl .elementor-679 .elementor-element.elementor-element-d5f200b{right:19px;}.elementor-widget-image .widget-image-caption{color:var( --e-global-color-text );font-family:var( --e-global-typography-text-font-family ), Sans-serif;font-weight:var( --e-global-typography-text-font-weight );text-transform:var( --e-global-typography-text-text-transform );}.elementor-679 .elementor-element.elementor-element-cf3760b img{border-radius:5px 5px 5px 5px;}.elementor-679 .elementor-element.elementor-element-cf3760b{width:100%;max-width:100%;}.elementor-679 .elementor-element.elementor-element-269f5a7 .elementor-heading-title{font-family:\"Cinzel\", Sans-serif;font-size:18px;font-weight:400;text-transform:uppercase;}.elementor-679 .elementor-element.elementor-element-269f5a7{width:100%;max-width:100%;}.elementor-widget-text-editor{font-family:var( --e-global-typography-text-font-family ), Sans-serif;font-weight:var( --e-global-typography-text-font-weight );text-transform:var( --e-global-typography-text-text-transform );color:var( --e-global-color-text );}.elementor-widget-text-editor.elementor-drop-cap-view-stacked .elementor-drop-cap{background-color:var( --e-global-color-primary );}.elementor-widget-text-editor.elementor-drop-cap-view-framed .elementor-drop-cap, .elementor-widget-text-editor.elementor-drop-cap-view-default .elementor-drop-cap{color:var( --e-global-color-primary );border-color:var( --e-global-color-primary );}.elementor-679 .elementor-element.elementor-element-1198d0a{text-align:start;font-family:\"Lora\", Sans-serif;font-size:12px;font-weight:normal;text-transform:none;}.elementor-679 .elementor-element.elementor-element-48d6dd6{--display:flex;--flex-direction:row;--container-widget-width:calc( ( 1 - var( --container-widget-flex-grow ) ) * 100% );--container-widget-height:100%;--container-widget-flex-grow:1;--container-widget-align-self:stretch;--flex-wrap-mobile:wrap;--justify-content:flex-start;--align-items:flex-start;--gap:5px 5px;--row-gap:5px;--column-gap:5px;--flex-wrap:wrap;--border-radius:25px 25px 25px 25px;--padding-top:0px;--padding-bottom:0px;--padding-left:0px;--padding-right:0px;}.elementor-679 .elementor-element.elementor-element-ccbadee .elementor-heading-title{font-family:\"Montserrat\", Sans-serif;font-size:22px;font-weight:600;text-transform:uppercase;color:var( --e-global-color-primary );}.elementor-679 .elementor-element.elementor-element-756dd03 .elementor-heading-title{font-family:\"Lora\", Sans-serif;font-size:12px;font-weight:normal;text-transform:none;color:var( --e-global-color-text );}.elementor-679 .elementor-element.elementor-element-6252a4d .elementor-heading-title{font-family:\"Lora\", Sans-serif;font-size:12px;font-weight:normal;text-transform:none;color:var( --e-global-color-text );}.elementor-679 .elementor-element.elementor-element-6252a4d{width:100%;max-width:100%;}.elementor-679 .elementor-element.elementor-element-c7ec86a .elementor-heading-title{font-family:\"Lora\", Sans-serif;font-size:12px;font-weight:normal;text-transform:none;color:var( --e-global-color-text );}.elementor-679 .elementor-element.elementor-element-c7ec86a{width:100%;max-width:100%;}.elementor-widget-button .elementor-button{font-family:var( --e-global-typography-accent-font-family ), Sans-serif;font-weight:var( --e-global-typography-accent-font-weight );font-style:var( --e-global-typography-accent-font-style );background-color:var( --e-global-color-accent );}.elementor-679 .elementor-element.elementor-element-8b9a4a6 .elementor-button .elementor-button-content-wrapper{justify-content:center;}.elementor-679 .elementor-element.elementor-element-8b9a4a6 .elementor-button{font-family:var( --e-global-typography-accent-font-family ), Sans-serif;font-weight:var( --e-global-typography-accent-font-weight );font-style:var( --e-global-typography-accent-font-style );fill:var( --e-global-color-primary );color:var( --e-global-color-primary );background-color:var( --e-global-color-d1cdaed );box-shadow:0px 0px 10px 0px rgba(0, 0, 0, 0.2);border-style:solid;border-width:2px 2px 2px 2px;border-color:var( --e-global-color-primary );border-radius:5px 5px 5px 5px;}.elementor-679 .elementor-element.elementor-element-8b9a4a6 .elementor-button:hover, .elementor-679 .elementor-element.elementor-element-8b9a4a6 .elementor-button:focus{color:var( --e-global-color-accent );background-color:var( --e-global-color-d1cdaed );border-color:var( --e-global-color-accent );}.elementor-679 .elementor-element.elementor-element-8b9a4a6 .elementor-button:hover svg, .elementor-679 .elementor-element.elementor-element-8b9a4a6 .elementor-button:focus svg{fill:var( --e-global-color-accent );}.elementor-679 .elementor-element.elementor-element-8b9a4a6{width:100%;max-width:100%;}\/* Start custom CSS for container, class: .elementor-element-40e07a1 *\/.product-card {\n    background-color: hsla(292, 0%, 0%, 1);\n    background-image: \n        radial-gradient(at 15% 82%, hsla(39, 100%, 12%, 1) 0px, transparent 50%),\n        radial-gradient(at 23% 30%, hsla(32, 100%, 12%, 1) 0px, transparent 50%),\n        radial-gradient(at 79% 21%, hsla(22, 100%, 12%, 1) 0px, transparent 50%),\n        radial-gradient(at 81% 72%, hsla(36, 100%, 12%, 1) 0px, transparent 50%);\n    background-size: 200% 200%;\n    background-position: 0 0;\n    transition: background-position 1s ease-in-out;\n}\n\n.product-card:hover {\n    background-position: 100% 100%;\n}\/* End custom CSS *\/<\/style>\t\t<div data-elementor-type=\"loop-item\" data-elementor-id=\"679\" class=\"elementor elementor-679 e-loop-item e-loop-item-9962 post-9962 product type-product status-publish has-post-thumbnail product_cat-uncategorized product_tag-yachts first instock virtual sold-individually taxable purchasable product-type-booking\" data-elementor-post-type=\"elementor_library\" data-custom-edit-handle=\"1\">\n\t\t\t<div class=\"elementor-element elementor-element-40e07a1 e-con-full product-card e-flex e-con e-parent\" data-id=\"40e07a1\" data-element_type=\"container\" data-e-type=\"container\">\n\t\t\t\t<div class=\"elementor-element elementor-element-cf3760b elementor-widget__width-inherit elementor-widget elementor-widget-image\" data-id=\"cf3760b\" data-element_type=\"widget\" data-e-type=\"widget\" data-widget_type=\"image.default\">\n\t\t\t\t\t\t\t\t\t\t\t\t\t\t\t\t<a href=\"https:\/\/57safari.com\/de\/produkt\/caliente-yacht-experience-dubai\/\">\n\t\t\t\t\t\t\t<img decoding=\"async\" src=\"https:\/\/57safari.com\/wp-content\/uploads\/elementor\/thumbs\/Caliente-Yacht-Dubai-4-rgs3o4jrtzfdq04uz77ki588aj3hso7nw2ez7qpe74.webp\" title=\"Caliente Yacht Dubai (4)\" alt=\"Caliente Yacht Dubai (4)\" loading=\"lazy\" \/>\t\t\t\t\t\t\t\t<\/a>\n\t\t\t\t\t\t\t\t\t\t\t\t\t\t\t<\/div>\n\t\t\t\t<div class=\"elementor-element elementor-element-269f5a7 elementor-widget__width-inherit limited-title elementor-widget elementor-widget-heading\" data-id=\"269f5a7\" data-element_type=\"widget\" data-e-type=\"widget\" data-settings=\"{&quot;_animation&quot;:&quot;none&quot;}\" data-widget_type=\"heading.default\">\n\t\t\t\t\t<div class=\"elementor-heading-title elementor-size-default\"><a href=\"https:\/\/57safari.com\/de\/produkt\/caliente-yacht-experience-dubai\/\">Caliente Yacht Experience Dubai<\/a><\/div>\t\t\t\t<\/div>\n\t\t\t\t<div class=\"elementor-element elementor-element-1198d0a elementor-widget elementor-widget-text-editor\" data-id=\"1198d0a\" data-element_type=\"widget\" data-e-type=\"widget\" data-widget_type=\"text-editor.default\">\n\t\t\t\t\t\t\t\t\tErleben Sie an Bord der 29 Meter langen Caliente Yacht ein exklusives Yacht-Erlebnis in Dubai. Gro\u00dfz\u00fcgige Decks, elegante Innenausstattung und eine komfortable private Kreuzfahrt \u2013 ideal f\u00fcr Feierlichkeiten, Sightseeing und luxuri\u00f6se Momente auf dem Wasser.\t\t\t\t\t\t\t\t<\/div>\n\t\t<div class=\"elementor-element elementor-element-48d6dd6 e-con-full e-flex e-con e-child\" data-id=\"48d6dd6\" data-element_type=\"container\" data-e-type=\"container\" data-settings=\"{&quot;background_background&quot;:&quot;classic&quot;}\">\n\t\t\t\t<div class=\"elementor-element elementor-element-ccbadee elementor-widget elementor-widget-heading\" data-id=\"ccbadee\" data-element_type=\"widget\" data-e-type=\"widget\" data-widget_type=\"heading.default\">\n\t\t\t\t\t<div class=\"elementor-heading-title elementor-size-default\"><span class=\"woocommerce-Price-amount amount\"><span class=\"woocommerce-Price-currencySymbol\">AED<\/span>&nbsp;3.000,00<\/span><\/div>\t\t\t\t<\/div>\n\t\t\t\t<div class=\"elementor-element elementor-element-756dd03 elementor-widget elementor-widget-heading\" data-id=\"756dd03\" data-element_type=\"widget\" data-e-type=\"widget\" data-widget_type=\"heading.default\">\n\t\t\t\t\t<div class=\"elementor-heading-title elementor-size-default\">\/ Stunde<\/div>\t\t\t\t<\/div>\n\t\t\t\t<div class=\"elementor-element elementor-element-8b9a4a6 elementor-align-justify elementor-widget__width-inherit elementor-widget elementor-widget-button\" data-id=\"8b9a4a6\" data-element_type=\"widget\" data-e-type=\"widget\" data-settings=\"{&quot;_animation&quot;:&quot;none&quot;,&quot;_animation_delay&quot;:100}\" data-widget_type=\"button.default\">\n\t\t\t\t\t\t\t\t\t\t<a class=\"elementor-button elementor-button-link elementor-size-sm\" href=\"https:\/\/57safari.com\/de\/produkt\/caliente-yacht-experience-dubai\/\">\n\t\t\t\t\t\t<span class=\"elementor-button-content-wrapper\">\n\t\t\t\t\t\t\t\t\t<span class=\"elementor-button-text\">Jetzt reservieren<\/span>\n\t\t\t\t\t<\/span>\n\t\t\t\t\t<\/a>\n\t\t\t\t\t\t\t\t<\/div>\n\t\t\t\t<\/div>\n\t\t\t\t<\/div>\n\t\t\t\t<\/div>\n\t\t\t\t<div data-elementor-type=\"loop-item\" data-elementor-id=\"679\" class=\"elementor elementor-679 e-loop-item e-loop-item-10013 post-10013 product type-product status-publish has-post-thumbnail product_cat-uncategorized product_tag-yachts  instock virtual sold-individually taxable purchasable product-type-booking\" data-elementor-post-type=\"elementor_library\" data-custom-edit-handle=\"1\">\n\t\t\t<div class=\"elementor-element elementor-element-40e07a1 e-con-full product-card e-flex e-con e-parent\" data-id=\"40e07a1\" data-element_type=\"container\" data-e-type=\"container\">\n\t\t\t\t<div class=\"elementor-element elementor-element-cf3760b elementor-widget__width-inherit elementor-widget elementor-widget-image\" data-id=\"cf3760b\" data-element_type=\"widget\" data-e-type=\"widget\" data-widget_type=\"image.default\">\n\t\t\t\t\t\t\t\t\t\t\t\t\t\t\t\t<a href=\"https:\/\/57safari.com\/de\/produkt\/infinity-yacht-experience-dubai\/\">\n\t\t\t\t\t\t\t<img decoding=\"async\" src=\"https:\/\/57safari.com\/wp-content\/uploads\/elementor\/thumbs\/Infinity-Yacht-Dubai-1-rgs4fyjq7dj1ibpeg8bvc4dlj9wrq0pj1tukspfpy8.webp\" title=\"Infinity Yacht Dubai (1)\" alt=\"Infinity Yacht Dubai (1)\" loading=\"lazy\" \/>\t\t\t\t\t\t\t\t<\/a>\n\t\t\t\t\t\t\t\t\t\t\t\t\t\t\t<\/div>\n\t\t\t\t<div class=\"elementor-element elementor-element-269f5a7 elementor-widget__width-inherit limited-title elementor-widget elementor-widget-heading\" data-id=\"269f5a7\" data-element_type=\"widget\" data-e-type=\"widget\" data-settings=\"{&quot;_animation&quot;:&quot;none&quot;}\" data-widget_type=\"heading.default\">\n\t\t\t\t\t<div class=\"elementor-heading-title elementor-size-default\"><a href=\"https:\/\/57safari.com\/de\/produkt\/infinity-yacht-experience-dubai\/\">Infinity Yacht Experience Dubai<\/a><\/div>\t\t\t\t<\/div>\n\t\t\t\t<div class=\"elementor-element elementor-element-1198d0a elementor-widget elementor-widget-text-editor\" data-id=\"1198d0a\" data-element_type=\"widget\" data-e-type=\"widget\" data-widget_type=\"text-editor.default\">\n\t\t\t\t\t\t\t\t\tErkunden Sie Dubais K\u00fcste an Bord der 18 Meter langen Infinity Yacht. Ein stilvolles und komfortables privates Yacht-Erlebnis \u2013 perfekt f\u00fcr Sightseeing, kleine Treffen und entspannte Luxusmomente auf dem Wasser.\t\t\t\t\t\t\t\t<\/div>\n\t\t<div class=\"elementor-element elementor-element-48d6dd6 e-con-full e-flex e-con e-child\" data-id=\"48d6dd6\" data-element_type=\"container\" data-e-type=\"container\" data-settings=\"{&quot;background_background&quot;:&quot;classic&quot;}\">\n\t\t\t\t<div class=\"elementor-element elementor-element-ccbadee elementor-widget elementor-widget-heading\" data-id=\"ccbadee\" data-element_type=\"widget\" data-e-type=\"widget\" data-widget_type=\"heading.default\">\n\t\t\t\t\t<div class=\"elementor-heading-title elementor-size-default\"><span class=\"woocommerce-Price-amount amount\"><span class=\"woocommerce-Price-currencySymbol\">AED<\/span>&nbsp;3.500,00<\/span><\/div>\t\t\t\t<\/div>\n\t\t\t\t<div class=\"elementor-element elementor-element-756dd03 elementor-widget elementor-widget-heading\" data-id=\"756dd03\" data-element_type=\"widget\" data-e-type=\"widget\" data-widget_type=\"heading.default\">\n\t\t\t\t\t<div class=\"elementor-heading-title elementor-size-default\">\/ Stunde<\/div>\t\t\t\t<\/div>\n\t\t\t\t<div class=\"elementor-element elementor-element-8b9a4a6 elementor-align-justify elementor-widget__width-inherit elementor-widget elementor-widget-button\" data-id=\"8b9a4a6\" data-element_type=\"widget\" data-e-type=\"widget\" data-settings=\"{&quot;_animation&quot;:&quot;none&quot;,&quot;_animation_delay&quot;:100}\" data-widget_type=\"button.default\">\n\t\t\t\t\t\t\t\t\t\t<a class=\"elementor-button elementor-button-link elementor-size-sm\" href=\"https:\/\/57safari.com\/de\/produkt\/infinity-yacht-experience-dubai\/\">\n\t\t\t\t\t\t<span class=\"elementor-button-content-wrapper\">\n\t\t\t\t\t\t\t\t\t<span class=\"elementor-button-text\">Jetzt reservieren<\/span>\n\t\t\t\t\t<\/span>\n\t\t\t\t\t<\/a>\n\t\t\t\t\t\t\t\t<\/div>\n\t\t\t\t<\/div>\n\t\t\t\t<\/div>\n\t\t\t\t<\/div>\n\t\t\t\t<div data-elementor-type=\"loop-item\" data-elementor-id=\"679\" class=\"elementor elementor-679 e-loop-item e-loop-item-10055 post-10055 product type-product status-publish has-post-thumbnail product_cat-uncategorized product_tag-yachts  instock virtual sold-individually taxable purchasable product-type-booking\" data-elementor-post-type=\"elementor_library\" data-custom-edit-handle=\"1\">\n\t\t\t<div class=\"elementor-element elementor-element-40e07a1 e-con-full product-card e-flex e-con e-parent\" data-id=\"40e07a1\" data-element_type=\"container\" data-e-type=\"container\">\n\t\t\t\t<div class=\"elementor-element elementor-element-cf3760b elementor-widget__width-inherit elementor-widget elementor-widget-image\" data-id=\"cf3760b\" data-element_type=\"widget\" data-e-type=\"widget\" data-widget_type=\"image.default\">\n\t\t\t\t\t\t\t\t\t\t\t\t\t\t\t\t<a href=\"https:\/\/57safari.com\/de\/produkt\/kona-yacht-experience-dubai\/\">\n\t\t\t\t\t\t\t<img decoding=\"async\" src=\"https:\/\/57safari.com\/wp-content\/uploads\/elementor\/thumbs\/Kona-Yacht-Dubai-1-rgs51x1zv1l6qdt5881432w94bogjgvseihxeevmlc.webp\" title=\"Kona Yacht Dubai (1)\" alt=\"Kona Yacht Dubai (1)\" loading=\"lazy\" \/>\t\t\t\t\t\t\t\t<\/a>\n\t\t\t\t\t\t\t\t\t\t\t\t\t\t\t<\/div>\n\t\t\t\t<div class=\"elementor-element elementor-element-269f5a7 elementor-widget__width-inherit limited-title elementor-widget elementor-widget-heading\" data-id=\"269f5a7\" data-element_type=\"widget\" data-e-type=\"widget\" data-settings=\"{&quot;_animation&quot;:&quot;none&quot;}\" data-widget_type=\"heading.default\">\n\t\t\t\t\t<div class=\"elementor-heading-title elementor-size-default\"><a href=\"https:\/\/57safari.com\/de\/produkt\/kona-yacht-experience-dubai\/\">Kona Yacht Experience Dubai<\/a><\/div>\t\t\t\t<\/div>\n\t\t\t\t<div class=\"elementor-element elementor-element-1198d0a elementor-widget elementor-widget-text-editor\" data-id=\"1198d0a\" data-element_type=\"widget\" data-e-type=\"widget\" data-widget_type=\"text-editor.default\">\n\t\t\t\t\t\t\t\t\tErleben Sie Dubai auf luxuri\u00f6se Weise an Bord der 33,5 Meter langen Kona Yacht. Gro\u00dfz\u00fcgige Decks, ein elegantes Interieur und eine exklusive Privatkreuzfahrt \u2013 perfekt f\u00fcr gehobene Veranstaltungen, Feierlichkeiten und unvergessliche Momente auf See.\t\t\t\t\t\t\t\t<\/div>\n\t\t<div class=\"elementor-element elementor-element-48d6dd6 e-con-full e-flex e-con e-child\" data-id=\"48d6dd6\" data-element_type=\"container\" data-e-type=\"container\" data-settings=\"{&quot;background_background&quot;:&quot;classic&quot;}\">\n\t\t\t\t<div class=\"elementor-element elementor-element-ccbadee elementor-widget elementor-widget-heading\" data-id=\"ccbadee\" data-element_type=\"widget\" data-e-type=\"widget\" data-widget_type=\"heading.default\">\n\t\t\t\t\t<div class=\"elementor-heading-title elementor-size-default\"><span class=\"woocommerce-Price-amount amount\"><span class=\"woocommerce-Price-currencySymbol\">AED<\/span>&nbsp;4.500,00<\/span><\/div>\t\t\t\t<\/div>\n\t\t\t\t<div class=\"elementor-element elementor-element-756dd03 elementor-widget elementor-widget-heading\" data-id=\"756dd03\" data-element_type=\"widget\" data-e-type=\"widget\" data-widget_type=\"heading.default\">\n\t\t\t\t\t<div class=\"elementor-heading-title elementor-size-default\">\/ Stunde<\/div>\t\t\t\t<\/div>\n\t\t\t\t<div class=\"elementor-element elementor-element-8b9a4a6 elementor-align-justify elementor-widget__width-inherit elementor-widget elementor-widget-button\" data-id=\"8b9a4a6\" data-element_type=\"widget\" data-e-type=\"widget\" data-settings=\"{&quot;_animation&quot;:&quot;none&quot;,&quot;_animation_delay&quot;:100}\" data-widget_type=\"button.default\">\n\t\t\t\t\t\t\t\t\t\t<a class=\"elementor-button elementor-button-link elementor-size-sm\" href=\"https:\/\/57safari.com\/de\/produkt\/kona-yacht-experience-dubai\/\">\n\t\t\t\t\t\t<span class=\"elementor-button-content-wrapper\">\n\t\t\t\t\t\t\t\t\t<span class=\"elementor-button-text\">Jetzt reservieren<\/span>\n\t\t\t\t\t<\/span>\n\t\t\t\t\t<\/a>\n\t\t\t\t\t\t\t\t<\/div>\n\t\t\t\t<\/div>\n\t\t\t\t<\/div>\n\t\t\t\t<\/div>\n\t\t\t\t<\/div>\n\t\t\t\t\t<span class=\"e-load-more-spinner\">\n\t\t\t\t<svg aria-hidden=\"true\" class=\"e-font-icon-svg e-fas-spinner\" viewbox=\"0 0 512 512\" xmlns=\"http:\/\/www.w3.org\/2000\/svg\"><path d=\"M304 48c0 26.51-21.49 48-48 48s-48-21.49-48-48 21.49-48 48-48 48 21.49 48 48zm-48 368c-26.51 0-48 21.49-48 48s21.49 48 48 48 48-21.49 48-48-21.49-48-48-48zm208-208c-26.51 0-48 21.49-48 48s21.49 48 48 48 48-21.49 48-48-21.49-48-48-48zM96 256c0-26.51-21.49-48-48-48S0 229.49 0 256s21.49 48 48 48 48-21.49 48-48zm12.922 99.078c-26.51 0-48 21.49-48 48s21.49 48 48 48 48-21.49 48-48c0-26.509-21.491-48-48-48zm294.156 0c-26.51 0-48 21.49-48 48s21.49 48 48 48 48-21.49 48-48c0-26.509-21.49-48-48-48zM108.922 60.922c-26.51 0-48 21.49-48 48s21.49 48 48 48 48-21.49 48-48-21.491-48-48-48z\"><\/path><\/svg>\t\t\t<\/span>\n\t\t\n\t\t\t\t\t\t<\/div>\n\t\t\t\t<\/div>\n\t\t\t\t\t<\/div>\n\t\t\t\t<\/div>\n\t\t\t\t<\/div>","protected":false},"excerpt":{"rendered":"<p>Exklusive Yachtcharter Luxusyachtverleih in Dubai Entdecken Sie Luxusyachtverleih in Dubai. Buchen Sie ger\u00e4umige Yachten mit professioneller Crew, modernen Annehmlichkeiten und atemberaubender Aussicht auf den Arabischen Golf.<\/p>","protected":false},"author":8,"featured_media":10035,"parent":0,"menu_order":0,"comment_status":"closed","ping_status":"closed","template":"","meta":{"_acf_changed":false,"iawp_total_views":3,"footnotes":""},"class_list":["post-9979","page","type-page","status-publish","has-post-thumbnail","hentry"],"acf":[],"_links":{"self":[{"href":"https:\/\/57safari.com\/de\/wp-json\/wp\/v2\/pages\/9979","targetHints":{"allow":["GET"]}}],"collection":[{"href":"https:\/\/57safari.com\/de\/wp-json\/wp\/v2\/pages"}],"about":[{"href":"https:\/\/57safari.com\/de\/wp-json\/wp\/v2\/types\/page"}],"author":[{"embeddable":true,"href":"https:\/\/57safari.com\/de\/wp-json\/wp\/v2\/users\/8"}],"replies":[{"embeddable":true,"href":"https:\/\/57safari.com\/de\/wp-json\/wp\/v2\/comments?post=9979"}],"version-history":[{"count":0,"href":"https:\/\/57safari.com\/de\/wp-json\/wp\/v2\/pages\/9979\/revisions"}],"wp:featuredmedia":[{"embeddable":true,"href":"https:\/\/57safari.com\/de\/wp-json\/wp\/v2\/media\/10035"}],"wp:attachment":[{"href":"https:\/\/57safari.com\/de\/wp-json\/wp\/v2\/media?parent=9979"}],"curies":[{"name":"wp","href":"https:\/\/api.w.org\/{rel}","templated":true}]}}