{"id":10055,"date":"2024-12-09T01:53:11","date_gmt":"2024-12-08T21:53:11","guid":{"rendered":"https:\/\/57safari.com\/?post_type=product&#038;p=10055"},"modified":"2025-12-27T20:33:37","modified_gmt":"2025-12-27T16:33:37","slug":"kona-yacht-experience-dubai","status":"publish","type":"product","link":"https:\/\/57safari.com\/de\/produkt\/kona-yacht-experience-dubai\/","title":{"rendered":"Kona Yacht Experience Dubai"},"content":{"rendered":"<div data-elementor-type=\"product-post\" data-elementor-id=\"10055\" class=\"elementor elementor-10055\" data-elementor-post-type=\"product\">\n\t\t\t\t<div class=\"elementor-element elementor-element-c16a6b5 e-flex e-con-boxed e-con e-parent\" data-id=\"c16a6b5\" data-element_type=\"container\" data-e-type=\"container\">\n\t\t\t\t\t<div class=\"e-con-inner\">\n\t\t\t\t<div class=\"elementor-element elementor-element-391a242 elementor-widget elementor-widget-template\" data-id=\"391a242\" data-element_type=\"widget\" data-e-type=\"widget\" data-widget_type=\"template.default\">\n\t\t\t\t<div class=\"elementor-widget-container\">\n\t\t\t\t\t\t\t<div class=\"elementor-template\">\n\t\t\t\t\t<div data-elementor-type=\"section\" data-elementor-id=\"9230\" class=\"elementor elementor-9230\" data-elementor-post-type=\"elementor_library\">\n\t\t\t<div class=\"elementor-element elementor-element-c76d877 e-con-full e-flex e-con e-parent\" data-id=\"c76d877\" data-element_type=\"container\" data-e-type=\"container\">\n\t\t\t\t<\/div>\n\t\t\t\t<\/div>\n\t\t\t\t<\/div>\n\t\t\t\t\t\t<\/div>\n\t\t\t\t<\/div>\n\t\t\t\t\t<\/div>\n\t\t\t\t<\/div>\n\t\t\t\t<\/div>","protected":false},"excerpt":{"rendered":"<p>Erleben Sie Dubai auf luxuri\u00f6se Weise an Bord der 33,5 Meter langen Kona Yacht. Gro\u00dfz\u00fcgige Decks, ein elegantes Interieur und eine exklusive Privatkreuzfahrt \u2013 perfekt f\u00fcr gehobene Veranstaltungen, Feierlichkeiten und unvergessliche Momente auf See.<\/p>","protected":false},"featured_media":13138,"template":"","meta":{"_acf_changed":false,"iawp_total_views":2},"car-type":[],"product_brand":[],"product_cat":[26],"product_tag":[55],"class_list":{"0":"post-10055","1":"product","2":"type-product","3":"status-publish","4":"has-post-thumbnail","6":"product_cat-uncategorized","7":"product_tag-yachts","9":"first","10":"instock","11":"virtual","12":"sold-individually","13":"taxable","14":"purchasable","15":"product-type-booking"},"acf":[],"_links":{"self":[{"href":"https:\/\/57safari.com\/de\/wp-json\/wp\/v2\/product\/10055","targetHints":{"allow":["GET"]}}],"collection":[{"href":"https:\/\/57safari.com\/de\/wp-json\/wp\/v2\/product"}],"about":[{"href":"https:\/\/57safari.com\/de\/wp-json\/wp\/v2\/types\/product"}],"version-history":[{"count":0,"href":"https:\/\/57safari.com\/de\/wp-json\/wp\/v2\/product\/10055\/revisions"}],"wp:featuredmedia":[{"embeddable":true,"href":"https:\/\/57safari.com\/de\/wp-json\/wp\/v2\/media\/13138"}],"wp:attachment":[{"href":"https:\/\/57safari.com\/de\/wp-json\/wp\/v2\/media?parent=10055"}],"wp:term":[{"taxonomy":"car-type","embeddable":true,"href":"https:\/\/57safari.com\/de\/wp-json\/wp\/v2\/car-type?post=10055"},{"taxonomy":"product_brand","embeddable":true,"href":"https:\/\/57safari.com\/de\/wp-json\/wp\/v2\/product_brand?post=10055"},{"taxonomy":"product_cat","embeddable":true,"href":"https:\/\/57safari.com\/de\/wp-json\/wp\/v2\/product_cat?post=10055"},{"taxonomy":"product_tag","embeddable":true,"href":"https:\/\/57safari.com\/de\/wp-json\/wp\/v2\/product_tag?post=10055"}],"curies":[{"name":"wp","href":"https:\/\/api.w.org\/{rel}","templated":true}]}}