{"id":2837,"date":"2024-02-17T22:51:36","date_gmt":"2024-02-17T18:51:36","guid":{"rendered":"https:\/\/57safari.com\/?post_type=product&#038;p=2837"},"modified":"2025-11-21T18:40:35","modified_gmt":"2025-11-21T14:40:35","slug":"fahrt-im-oldtimer-landrover-57-und-fruhstuck-im-al-maha","status":"publish","type":"product","link":"https:\/\/57safari.com\/de\/produkt\/fahrt-im-oldtimer-landrover-57-und-fruhstuck-im-al-maha\/","title":{"rendered":"57 Vintage Land Rover Fahrt und Fr\u00fchst\u00fcck im Al Maha"},"content":{"rendered":"<div data-elementor-type=\"product-post\" data-elementor-id=\"2837\" class=\"elementor elementor-2837\" data-elementor-post-type=\"product\">\n\t\t\t\t<div class=\"elementor-element elementor-element-81012e9 e-flex e-con-boxed e-con e-parent\" data-id=\"81012e9\" data-element_type=\"container\" data-e-type=\"container\">\n\t\t\t\t\t<div class=\"e-con-inner\">\n\t\t\t\t<div class=\"elementor-element elementor-element-fae7cfd elementor-widget elementor-widget-template\" data-id=\"fae7cfd\" data-element_type=\"widget\" data-e-type=\"widget\" data-widget_type=\"template.default\">\n\t\t\t\t<div class=\"elementor-widget-container\">\n\t\t\t\t\t\t\t<div class=\"elementor-template\">\n\t\t\t\t\t<div data-elementor-type=\"section\" data-elementor-id=\"9230\" class=\"elementor elementor-9230\" data-elementor-post-type=\"elementor_library\">\n\t\t\t<div class=\"elementor-element elementor-element-c76d877 e-con-full e-flex e-con e-parent\" data-id=\"c76d877\" data-element_type=\"container\" data-e-type=\"container\">\n\t\t\t\t<div class=\"elementor-element elementor-element-031c448 elementor-widget elementor-widget-heading\" data-id=\"031c448\" data-element_type=\"widget\" data-e-type=\"widget\" data-widget_type=\"heading.default\">\n\t\t\t\t\t<h2 class=\"elementor-heading-title elementor-size-default\">Vintage-Land-Rover-W\u00fcstensafari in Dubai mit Fr\u00fchst\u00fcck: Privates Erlebnis<\/h2>\t\t\t\t<\/div>\n\t\t\t\t<div class=\"elementor-element elementor-element-ff949b0 elementor-widget elementor-widget-text-editor\" data-id=\"ff949b0\" data-element_type=\"widget\" data-e-type=\"widget\" data-widget_type=\"text-editor.default\">\n\t\t\t\t\t\t\t\t\t<p>Dieses exklusive Morgenerlebnis konzentriert sich auf Wildtiere, Kulturerbe und gehobene Gastronomie. Sie genie\u00dfen eine private Safari in einem Oldtimer-Land-Rover durch das Naturschutzgebiet, einen Kamelritt, werden arabisch begr\u00fc\u00dft und fahren anschlie\u00dfend nach Al Maha zu einem arabisch inspirierten Gourmet-Fr\u00fchst\u00fcck. Im Gegensatz zum regul\u00e4ren Kulturerbe-Erlebnis findet diese Tour am Vormittag statt, beinhaltet kein Abendessen, keine Shisha, kein Henna und keine Unterhaltung. Daf\u00fcr erwartet Sie ein exklusives Fr\u00fchst\u00fcck in einem der exklusivsten W\u00fcstenresorts Dubais. Ein privates Fahrzeug und ein pers\u00f6nlicher Reiseleiter sind inklusive.<\/p>\n\t\t\t\t\t\t\t\t<\/div>\n\t\t\t\t<div class=\"elementor-element elementor-element-b126791 elementor-widget elementor-widget-n-accordion\" data-id=\"b126791\" data-element_type=\"widget\" data-e-type=\"widget\" data-settings=\"{&quot;max_items_expended&quot;:&quot;multiple&quot;,&quot;default_state&quot;:&quot;expanded&quot;,&quot;n_accordion_animation_duration&quot;:{&quot;unit&quot;:&quot;ms&quot;,&quot;size&quot;:400,&quot;sizes&quot;:[]}}\" data-widget_type=\"nested-accordion.default\">\n\t\t\t\t\t\t\t<div class=\"e-n-accordion\" aria-label=\"Akkordeon. \u00d6ffnen Sie Links mit der Eingabetaste oder der Leertaste, schlie\u00dfen Sie sie mit der Escape-Taste und navigieren Sie mit den Pfeiltasten\">\n\t\t\t\t\t\t<details id=\"e-n-accordion-item-1850\" class=\"e-n-accordion-item\" open>\n\t\t\t\t<summary class=\"e-n-accordion-item-title\" data-accordion-index=\"1\" tabindex=\"0\" aria-expanded=\"true\" aria-controls=\"e-n-accordion-item-1850\" >\n\t\t\t\t\t<span class='e-n-accordion-item-title-header'><h2 class=\"e-n-accordion-item-title-text\"> Schl\u00fcsselerlebnisse <\/h2><\/span>\n\t\t\t\t\t\t\t<span class='e-n-accordion-item-title-icon'>\n\t\t\t<span class='e-opened' ><svg aria-hidden=\"true\" class=\"e-font-icon-svg e-fas-minus\" viewbox=\"0 0 448 512\" xmlns=\"http:\/\/www.w3.org\/2000\/svg\"><path d=\"M416 208H32c-17.67 0-32 14.33-32 32v32c0 17.67 14.33 32 32 32h384c17.67 0 32-14.33 32-32v-32c0-17.67-14.33-32-32-32z\"><\/path><\/svg><\/span>\n\t\t\t<span class='e-closed'><svg aria-hidden=\"true\" class=\"e-font-icon-svg e-fas-plus\" viewbox=\"0 0 448 512\" xmlns=\"http:\/\/www.w3.org\/2000\/svg\"><path d=\"M416 208H272V64c0-17.67-14.33-32-32-32h-32c-17.67 0-32 14.33-32 32v144H32c-17.67 0-32 14.33-32 32v32c0 17.67 14.33 32 32 32h144v144c0 17.67 14.33 32 32 32h32c17.67 0 32-14.33 32-32V304h144c17.67 0 32-14.33 32-32v-32c0-17.67-14.33-32-32-32z\"><\/path><\/svg><\/span>\n\t\t<\/span>\n\n\t\t\t\t\t\t<\/summary>\n\t\t\t\t<div role=\"region\" aria-labelledby=\"e-n-accordion-item-1850\" class=\"elementor-element elementor-element-a965ce4 e-con-full e-flex e-con e-child\" data-id=\"a965ce4\" data-element_type=\"container\" data-e-type=\"container\">\n\t\t<div role=\"region\" aria-labelledby=\"e-n-accordion-item-1850\" class=\"elementor-element elementor-element-a5eb7ed e-grid e-con-full e-con e-child\" data-id=\"a5eb7ed\" data-element_type=\"container\" data-e-type=\"container\">\n\t\t<div role=\"region\" aria-labelledby=\"e-n-accordion-item-1850\" class=\"elementor-element elementor-element-6fe7081 e-con-full e-flex e-con e-child\" data-id=\"6fe7081\" data-element_type=\"container\" data-e-type=\"container\">\n\t\t\t\t<div class=\"elementor-element elementor-element-563cfec elementor-widget elementor-widget-image\" data-id=\"563cfec\" data-element_type=\"widget\" data-e-type=\"widget\" data-widget_type=\"image.default\">\n\t\t\t\t\t\t\t\t\t\t\t\t\t\t\t<img decoding=\"async\" src=\"https:\/\/57safari.com\/wp-content\/uploads\/2024\/02\/003-suv.webp\" title=\"\" alt=\"\" loading=\"lazy\">\t\t\t\t\t\t\t\t\t\t\t\t\t\t\t<\/div>\n\t\t\t\t<div class=\"elementor-element elementor-element-8fbeba8 elementor-widget elementor-widget-heading\" data-id=\"8fbeba8\" data-element_type=\"widget\" data-e-type=\"widget\" data-widget_type=\"heading.default\">\n\t\t\t\t\t<div class=\"elementor-heading-title elementor-size-default\">Abholung\/R\u00fcckgabe mit Klimaanlage in Dubai<\/div>\t\t\t\t<\/div>\n\t\t\t\t<\/div>\n\t\t<div role=\"region\" aria-labelledby=\"e-n-accordion-item-1850\" class=\"elementor-element elementor-element-1d75adb e-con-full e-flex e-con e-child\" data-id=\"1d75adb\" data-element_type=\"container\" data-e-type=\"container\">\n\t\t\t\t<div class=\"elementor-element elementor-element-39ede31 elementor-widget elementor-widget-image\" data-id=\"39ede31\" data-element_type=\"widget\" data-e-type=\"widget\" data-widget_type=\"image.default\">\n\t\t\t\t\t\t\t\t\t\t\t\t\t\t\t<img decoding=\"async\" width=\"150\" height=\"150\" src=\"https:\/\/57safari.com\/wp-content\/uploads\/2024\/02\/006-bedouin-150x150.webp\" class=\"attachment-thumbnail size-thumbnail wp-image-9249\" alt=\"\" srcset=\"https:\/\/57safari.com\/wp-content\/uploads\/2024\/02\/006-bedouin-150x150.webp 150w, https:\/\/57safari.com\/wp-content\/uploads\/2024\/02\/006-bedouin-300x300.webp 300w, https:\/\/57safari.com\/wp-content\/uploads\/2024\/02\/006-bedouin-100x100.webp 100w, https:\/\/57safari.com\/wp-content\/uploads\/2024\/02\/006-bedouin.webp 512w\" sizes=\"(max-width: 150px) 100vw, 150px\" title=\"\">\t\t\t\t\t\t\t\t\t\t\t\t\t\t\t<\/div>\n\t\t\t\t<div class=\"elementor-element elementor-element-717c52a elementor-widget elementor-widget-heading\" data-id=\"717c52a\" data-element_type=\"widget\" data-e-type=\"widget\" data-widget_type=\"heading.default\">\n\t\t\t\t\t<div class=\"elementor-heading-title elementor-size-default\">Ghutra-Souvenir (traditioneller Schal)<\/div>\t\t\t\t<\/div>\n\t\t\t\t<\/div>\n\t\t<div role=\"region\" aria-labelledby=\"e-n-accordion-item-1850\" class=\"elementor-element elementor-element-8143444 e-con-full e-flex e-con e-child\" data-id=\"8143444\" data-element_type=\"container\" data-e-type=\"container\">\n\t\t\t\t<div class=\"elementor-element elementor-element-8be22ae elementor-widget elementor-widget-image\" data-id=\"8be22ae\" data-element_type=\"widget\" data-e-type=\"widget\" data-widget_type=\"image.default\">\n\t\t\t\t\t\t\t\t\t\t\t\t\t\t\t<img decoding=\"async\" width=\"150\" height=\"150\" src=\"https:\/\/57safari.com\/wp-content\/uploads\/2024\/02\/004-jeep-150x150.webp\" class=\"attachment-thumbnail size-thumbnail wp-image-9250\" alt=\"\" srcset=\"https:\/\/57safari.com\/wp-content\/uploads\/2024\/02\/004-jeep-150x150.webp 150w, https:\/\/57safari.com\/wp-content\/uploads\/2024\/02\/004-jeep-300x300.webp 300w, https:\/\/57safari.com\/wp-content\/uploads\/2024\/02\/004-jeep-100x100.webp 100w, https:\/\/57safari.com\/wp-content\/uploads\/2024\/02\/004-jeep.webp 512w\" sizes=\"(max-width: 150px) 100vw, 150px\" title=\"\">\t\t\t\t\t\t\t\t\t\t\t\t\t\t\t<\/div>\n\t\t\t\t<div class=\"elementor-element elementor-element-44e4ec9 elementor-widget elementor-widget-heading\" data-id=\"44e4ec9\" data-element_type=\"widget\" data-e-type=\"widget\" data-widget_type=\"heading.default\">\n\t\t\t\t\t<div class=\"elementor-heading-title elementor-size-default\">Naturfahrt im Oldtimer-Land Rover<\/div>\t\t\t\t<\/div>\n\t\t\t\t<\/div>\n\t\t<div role=\"region\" aria-labelledby=\"e-n-accordion-item-1850\" class=\"elementor-element elementor-element-3c15978 e-con-full e-flex e-con e-child\" data-id=\"3c15978\" data-element_type=\"container\" data-e-type=\"container\">\n\t\t\t\t<div class=\"elementor-element elementor-element-8bd5fa1 elementor-widget elementor-widget-image\" data-id=\"8bd5fa1\" data-element_type=\"widget\" data-e-type=\"widget\" data-widget_type=\"image.default\">\n\t\t\t\t\t\t\t\t\t\t\t\t\t\t\t<img decoding=\"async\" width=\"150\" height=\"150\" src=\"https:\/\/57safari.com\/wp-content\/uploads\/2024\/02\/oryx-150x150.webp\" class=\"attachment-thumbnail size-thumbnail wp-image-9758\" alt=\"\" srcset=\"https:\/\/57safari.com\/wp-content\/uploads\/2024\/02\/oryx-150x150.webp 150w, https:\/\/57safari.com\/wp-content\/uploads\/2024\/02\/oryx-300x300.webp 300w, https:\/\/57safari.com\/wp-content\/uploads\/2024\/02\/oryx-12x12.webp 12w, https:\/\/57safari.com\/wp-content\/uploads\/2024\/02\/oryx-100x100.webp 100w, https:\/\/57safari.com\/wp-content\/uploads\/2024\/02\/oryx.webp 512w\" sizes=\"(max-width: 150px) 100vw, 150px\" title=\"\">\t\t\t\t\t\t\t\t\t\t\t\t\t\t\t<\/div>\n\t\t\t\t<div class=\"elementor-element elementor-element-c6c574e elementor-widget elementor-widget-heading\" data-id=\"c6c574e\" data-element_type=\"widget\" data-e-type=\"widget\" data-widget_type=\"heading.default\">\n\t\t\t\t\t<div class=\"elementor-heading-title elementor-size-default\">Wildtierbeobachtung (Arabische Oryxantilope)<\/div>\t\t\t\t<\/div>\n\t\t\t\t<\/div>\n\t\t<div role=\"region\" aria-labelledby=\"e-n-accordion-item-1850\" class=\"elementor-element elementor-element-0a97b33 e-con-full e-flex e-con e-child\" data-id=\"0a97b33\" data-element_type=\"container\" data-e-type=\"container\">\n\t\t\t\t<div class=\"elementor-element elementor-element-81733b7 elementor-widget elementor-widget-image\" data-id=\"81733b7\" data-element_type=\"widget\" data-e-type=\"widget\" data-widget_type=\"image.default\">\n\t\t\t\t\t\t\t\t\t\t\t\t\t\t\t<img loading=\"lazy\" decoding=\"async\" width=\"150\" height=\"150\" src=\"https:\/\/57safari.com\/wp-content\/uploads\/2024\/02\/005-camel-150x150.webp\" class=\"attachment-thumbnail size-thumbnail wp-image-9252\" alt=\"\" srcset=\"https:\/\/57safari.com\/wp-content\/uploads\/2024\/02\/005-camel-150x150.webp 150w, https:\/\/57safari.com\/wp-content\/uploads\/2024\/02\/005-camel-300x300.webp 300w, https:\/\/57safari.com\/wp-content\/uploads\/2024\/02\/005-camel-100x100.webp 100w, https:\/\/57safari.com\/wp-content\/uploads\/2024\/02\/005-camel.webp 512w\" sizes=\"(max-width: 150px) 100vw, 150px\" title=\"\">\t\t\t\t\t\t\t\t\t\t\t\t\t\t\t<\/div>\n\t\t\t\t<div class=\"elementor-element elementor-element-ebeb72c elementor-widget elementor-widget-heading\" data-id=\"ebeb72c\" data-element_type=\"widget\" data-e-type=\"widget\" data-widget_type=\"heading.default\">\n\t\t\t\t\t<div class=\"elementor-heading-title elementor-size-default\">Kamelritt<\/div>\t\t\t\t<\/div>\n\t\t\t\t<\/div>\n\t\t<div role=\"region\" aria-labelledby=\"e-n-accordion-item-1850\" class=\"elementor-element elementor-element-a01c4e5 e-con-full e-flex e-con e-child\" data-id=\"a01c4e5\" data-element_type=\"container\" data-e-type=\"container\">\n\t\t\t\t<div class=\"elementor-element elementor-element-a5fb6ec elementor-widget elementor-widget-image\" data-id=\"a5fb6ec\" data-element_type=\"widget\" data-e-type=\"widget\" data-widget_type=\"image.default\">\n\t\t\t\t\t\t\t\t\t\t\t\t\t\t\t<img loading=\"lazy\" decoding=\"async\" width=\"150\" height=\"150\" src=\"https:\/\/57safari.com\/wp-content\/uploads\/2024\/02\/006-teapot-150x150.webp\" class=\"attachment-thumbnail size-thumbnail wp-image-9253\" alt=\"\" srcset=\"https:\/\/57safari.com\/wp-content\/uploads\/2024\/02\/006-teapot-150x150.webp 150w, https:\/\/57safari.com\/wp-content\/uploads\/2024\/02\/006-teapot-300x300.webp 300w, https:\/\/57safari.com\/wp-content\/uploads\/2024\/02\/006-teapot-100x100.webp 100w, https:\/\/57safari.com\/wp-content\/uploads\/2024\/02\/006-teapot.webp 512w\" sizes=\"(max-width: 150px) 100vw, 150px\" title=\"\">\t\t\t\t\t\t\t\t\t\t\t\t\t\t\t<\/div>\n\t\t\t\t<div class=\"elementor-element elementor-element-f10f27e elementor-widget elementor-widget-heading\" data-id=\"f10f27e\" data-element_type=\"widget\" data-e-type=\"widget\" data-widget_type=\"heading.default\">\n\t\t\t\t\t<div class=\"elementor-heading-title elementor-size-default\">Arabischer Empfang (Rosenwasser, Kaffee und Datteln)<\/div>\t\t\t\t<\/div>\n\t\t\t\t<\/div>\n\t\t<div role=\"region\" aria-labelledby=\"e-n-accordion-item-1850\" class=\"elementor-element elementor-element-c0caeed e-con-full e-flex e-con e-child\" data-id=\"c0caeed\" data-element_type=\"container\" data-e-type=\"container\">\n\t\t\t\t<div class=\"elementor-element elementor-element-a6e0f09 elementor-widget elementor-widget-image\" data-id=\"a6e0f09\" data-element_type=\"widget\" data-e-type=\"widget\" data-widget_type=\"image.default\">\n\t\t\t\t\t\t\t\t\t\t\t\t\t\t\t<img loading=\"lazy\" decoding=\"async\" width=\"150\" height=\"150\" src=\"https:\/\/57safari.com\/wp-content\/uploads\/2024\/02\/003-croissant-150x150.webp\" class=\"attachment-thumbnail size-thumbnail wp-image-9761\" alt=\"\" srcset=\"https:\/\/57safari.com\/wp-content\/uploads\/2024\/02\/003-croissant-150x150.webp 150w, https:\/\/57safari.com\/wp-content\/uploads\/2024\/02\/003-croissant-300x300.webp 300w, https:\/\/57safari.com\/wp-content\/uploads\/2024\/02\/003-croissant-12x12.webp 12w, https:\/\/57safari.com\/wp-content\/uploads\/2024\/02\/003-croissant-100x100.webp 100w, https:\/\/57safari.com\/wp-content\/uploads\/2024\/02\/003-croissant.webp 512w\" sizes=\"(max-width: 150px) 100vw, 150px\" title=\"\">\t\t\t\t\t\t\t\t\t\t\t\t\t\t\t<\/div>\n\t\t\t\t<div class=\"elementor-element elementor-element-ce74515 elementor-widget elementor-widget-heading\" data-id=\"ce74515\" data-element_type=\"widget\" data-e-type=\"widget\" data-widget_type=\"heading.default\">\n\t\t\t\t\t<div class=\"elementor-heading-title elementor-size-default\">Arabisch inspiriertes Fr\u00fchst\u00fcck<\/div>\t\t\t\t<\/div>\n\t\t\t\t<\/div>\n\t\t\t\t<\/div>\n\t\t\t\t<\/div>\n\t\t\t\t\t<\/details>\n\t\t\t\t\t<\/div>\n\t\t\t\t\t\t<\/div>\n\t\t\t\t<div class=\"elementor-element elementor-element-d26f36a elementor-widget elementor-widget-n-accordion\" data-id=\"d26f36a\" data-element_type=\"widget\" data-e-type=\"widget\" data-settings=\"{&quot;max_items_expended&quot;:&quot;multiple&quot;,&quot;default_state&quot;:&quot;expanded&quot;,&quot;n_accordion_animation_duration&quot;:{&quot;unit&quot;:&quot;ms&quot;,&quot;size&quot;:400,&quot;sizes&quot;:[]}}\" data-widget_type=\"nested-accordion.default\">\n\t\t\t\t\t\t\t<div class=\"e-n-accordion\" aria-label=\"Akkordeon. \u00d6ffnen Sie Links mit der Eingabetaste oder der Leertaste, schlie\u00dfen Sie sie mit der Escape-Taste und navigieren Sie mit den Pfeiltasten\">\n\t\t\t\t\t\t<details id=\"e-n-accordion-item-2200\" class=\"e-n-accordion-item\" open>\n\t\t\t\t<summary class=\"e-n-accordion-item-title\" data-accordion-index=\"1\" tabindex=\"0\" aria-expanded=\"true\" aria-controls=\"e-n-accordion-item-2200\" >\n\t\t\t\t\t<span class='e-n-accordion-item-title-header'><h2 class=\"e-n-accordion-item-title-text\"> Highlights <\/h2><\/span>\n\t\t\t\t\t\t\t<span class='e-n-accordion-item-title-icon'>\n\t\t\t<span class='e-opened' ><svg aria-hidden=\"true\" class=\"e-font-icon-svg e-fas-minus\" viewbox=\"0 0 448 512\" xmlns=\"http:\/\/www.w3.org\/2000\/svg\"><path d=\"M416 208H32c-17.67 0-32 14.33-32 32v32c0 17.67 14.33 32 32 32h384c17.67 0 32-14.33 32-32v-32c0-17.67-14.33-32-32-32z\"><\/path><\/svg><\/span>\n\t\t\t<span class='e-closed'><svg aria-hidden=\"true\" class=\"e-font-icon-svg e-fas-plus\" viewbox=\"0 0 448 512\" xmlns=\"http:\/\/www.w3.org\/2000\/svg\"><path d=\"M416 208H272V64c0-17.67-14.33-32-32-32h-32c-17.67 0-32 14.33-32 32v144H32c-17.67 0-32 14.33-32 32v32c0 17.67 14.33 32 32 32h144v144c0 17.67 14.33 32 32 32h32c17.67 0 32-14.33 32-32V304h144c17.67 0 32-14.33 32-32v-32c0-17.67-14.33-32-32-32z\"><\/path><\/svg><\/span>\n\t\t<\/span>\n\n\t\t\t\t\t\t<\/summary>\n\t\t\t\t<div role=\"region\" aria-labelledby=\"e-n-accordion-item-2200\" class=\"elementor-element elementor-element-fa55fdb e-con-full e-flex e-con e-child\" data-id=\"fa55fdb\" data-element_type=\"container\" data-e-type=\"container\">\n\t\t\t\t<div class=\"elementor-element elementor-element-d3df583 elementor-widget elementor-widget-text-editor\" data-id=\"d3df583\" data-element_type=\"widget\" data-e-type=\"widget\" data-widget_type=\"text-editor.default\">\n\t\t\t\t\t\t\t\t\t<ul>\n<li>Privater, klimatisierter Abhol- und Bringservice innerhalb Dubais<\/li>\n<li>Ghutra-Souvenir (traditioneller Schal)<\/li>\n<li>Private Naturfahrt mit einem Oldtimer-Land Rover durch die D\u00fcnen im Dubai Desert Conservation Reserve<\/li>\n<li>Wildtierbeobachtung, einschlie\u00dflich Arabischer Oryx<\/li>\n<li>Kamelritt im W\u00fcstencamp<\/li>\n<li>Arabischer Empfang mit Rosenwasser, Kaffee und Datteln<\/li>\n<li>Arabisch inspiriertes Gourmet-Fr\u00fchst\u00fcck im Al Maha<\/li>\n<\/ul>\n\t\t\t\t\t\t\t\t<\/div>\n\t\t\t\t<\/div>\n\t\t\t\t\t<\/details>\n\t\t\t\t\t\t<details id=\"e-n-accordion-item-2201\" class=\"e-n-accordion-item\" >\n\t\t\t\t<summary class=\"e-n-accordion-item-title\" data-accordion-index=\"2\" tabindex=\"-1\" aria-expanded=\"false\" aria-controls=\"e-n-accordion-item-2201\" >\n\t\t\t\t\t<span class='e-n-accordion-item-title-header'><h2 class=\"e-n-accordion-item-title-text\"> Unser Campstandort <\/h2><\/span>\n\t\t\t\t\t\t\t<span class='e-n-accordion-item-title-icon'>\n\t\t\t<span class='e-opened' ><svg aria-hidden=\"true\" class=\"e-font-icon-svg e-fas-minus\" viewbox=\"0 0 448 512\" xmlns=\"http:\/\/www.w3.org\/2000\/svg\"><path d=\"M416 208H32c-17.67 0-32 14.33-32 32v32c0 17.67 14.33 32 32 32h384c17.67 0 32-14.33 32-32v-32c0-17.67-14.33-32-32-32z\"><\/path><\/svg><\/span>\n\t\t\t<span class='e-closed'><svg aria-hidden=\"true\" class=\"e-font-icon-svg e-fas-plus\" viewbox=\"0 0 448 512\" xmlns=\"http:\/\/www.w3.org\/2000\/svg\"><path d=\"M416 208H272V64c0-17.67-14.33-32-32-32h-32c-17.67 0-32 14.33-32 32v144H32c-17.67 0-32 14.33-32 32v32c0 17.67 14.33 32 32 32h144v144c0 17.67 14.33 32 32 32h32c17.67 0 32-14.33 32-32V304h144c17.67 0 32-14.33 32-32v-32c0-17.67-14.33-32-32-32z\"><\/path><\/svg><\/span>\n\t\t<\/span>\n\n\t\t\t\t\t\t<\/summary>\n\t\t\t\t<div role=\"region\" aria-labelledby=\"e-n-accordion-item-2201\" class=\"elementor-element elementor-element-2183b43 e-flex e-con-boxed e-con e-child\" data-id=\"2183b43\" data-element_type=\"container\" data-e-type=\"container\">\n\t\t\t\t\t<div class=\"e-con-inner\">\n\t\t\t\t<div class=\"elementor-element elementor-element-868a108 elementor-widget elementor-widget-google_maps\" data-id=\"868a108\" data-element_type=\"widget\" data-e-type=\"widget\" data-widget_type=\"google_maps.default\">\n\t\t\t\t\t\t\t<div class=\"elementor-custom-embed\">\n\t\t\t<iframe loading=\"lazy\"\n\t\t\t\t\tsrc=\"https:\/\/maps.google.com\/maps?q=57%20Safari&#038;t=m&#038;z=10&#038;output=embed&#038;iwloc=near\"\n\t\t\t\t\ttitle=\"57 Safari\"\n\t\t\t\t\taria-label=\"57 Safari\"\n\t\t\t><\/iframe>\n\t\t<\/div>\n\t\t\t\t\t\t<\/div>\n\t\t\t\t\t<\/div>\n\t\t\t\t<\/div>\n\t\t\t\t\t<\/details>\n\t\t\t\t\t\t<details id=\"e-n-accordion-item-2202\" class=\"e-n-accordion-item\" >\n\t\t\t\t<summary class=\"e-n-accordion-item-title\" data-accordion-index=\"3\" tabindex=\"-1\" aria-expanded=\"false\" aria-controls=\"e-n-accordion-item-2202\" >\n\t\t\t\t\t<span class='e-n-accordion-item-title-header'><h2 class=\"e-n-accordion-item-title-text\"> Bevor Sie gehen <\/h2><\/span>\n\t\t\t\t\t\t\t<span class='e-n-accordion-item-title-icon'>\n\t\t\t<span class='e-opened' ><svg aria-hidden=\"true\" class=\"e-font-icon-svg e-fas-minus\" viewbox=\"0 0 448 512\" xmlns=\"http:\/\/www.w3.org\/2000\/svg\"><path d=\"M416 208H32c-17.67 0-32 14.33-32 32v32c0 17.67 14.33 32 32 32h384c17.67 0 32-14.33 32-32v-32c0-17.67-14.33-32-32-32z\"><\/path><\/svg><\/span>\n\t\t\t<span class='e-closed'><svg aria-hidden=\"true\" class=\"e-font-icon-svg e-fas-plus\" viewbox=\"0 0 448 512\" xmlns=\"http:\/\/www.w3.org\/2000\/svg\"><path d=\"M416 208H272V64c0-17.67-14.33-32-32-32h-32c-17.67 0-32 14.33-32 32v144H32c-17.67 0-32 14.33-32 32v32c0 17.67 14.33 32 32 32h144v144c0 17.67 14.33 32 32 32h32c17.67 0 32-14.33 32-32V304h144c17.67 0 32-14.33 32-32v-32c0-17.67-14.33-32-32-32z\"><\/path><\/svg><\/span>\n\t\t<\/span>\n\n\t\t\t\t\t\t<\/summary>\n\t\t\t\t<div role=\"region\" aria-labelledby=\"e-n-accordion-item-2202\" class=\"elementor-element elementor-element-5be7bee e-con-full e-flex e-con e-child\" data-id=\"5be7bee\" data-element_type=\"container\" data-e-type=\"container\">\n\t\t\t\t<div class=\"elementor-element elementor-element-3c43fb6 elementor-widget elementor-widget-text-editor\" data-id=\"3c43fb6\" data-element_type=\"widget\" data-e-type=\"widget\" data-widget_type=\"text-editor.default\">\n\t\t\t\t\t\t\t\t\t<ul>\n<li>Abholzeit: Zwischen 5:00 und 7:00 Uhr. Die genaue Abholzeit und die Kontaktdaten Ihres pers\u00f6nlichen Guides erhalten Sie am Tag des Erlebnisses.<\/li>\n<li>Dauer: Ungef\u00e4hr 5 Stunden<\/li>\n<li>Was Sie mitbringen sollten: Sonnenbrille, Hut, Sonnencreme, Powerbanks, Ladeger\u00e4te und eine leichte Jacke in den k\u00fchleren Monaten<\/li>\n<li>Was Sie anziehen sollten: Bequeme Kleidung und geschlossene Schuhe, die f\u00fcr W\u00fcstenaktivit\u00e4ten geeignet sind<\/li>\n<li>Wasserversorgung: W\u00e4hrend des Transfers in die und aus der W\u00fcste steht Wasser in Flaschen zur Verf\u00fcgung<\/li>\n<li>Zus\u00e4tzliche Informationen: Flexibler Abholplan, k\u00fcrzere Transferroute und pers\u00f6nliche Betreuung durch Ihren pers\u00f6nlichen Reiseleiter<\/li>\n<\/ul>\n\t\t\t\t\t\t\t\t<\/div>\n\t\t\t\t<\/div>\n\t\t\t\t\t<\/details>\n\t\t\t\t\t\t<details id=\"e-n-accordion-item-2203\" class=\"e-n-accordion-item\" >\n\t\t\t\t<summary class=\"e-n-accordion-item-title\" data-accordion-index=\"4\" tabindex=\"-1\" aria-expanded=\"false\" aria-controls=\"e-n-accordion-item-2203\" >\n\t\t\t\t\t<span class='e-n-accordion-item-title-header'><h2 class=\"e-n-accordion-item-title-text\"> Stornierung <\/h2><\/span>\n\t\t\t\t\t\t\t<span class='e-n-accordion-item-title-icon'>\n\t\t\t<span class='e-opened' ><svg aria-hidden=\"true\" class=\"e-font-icon-svg e-fas-minus\" viewbox=\"0 0 448 512\" xmlns=\"http:\/\/www.w3.org\/2000\/svg\"><path d=\"M416 208H32c-17.67 0-32 14.33-32 32v32c0 17.67 14.33 32 32 32h384c17.67 0 32-14.33 32-32v-32c0-17.67-14.33-32-32-32z\"><\/path><\/svg><\/span>\n\t\t\t<span class='e-closed'><svg aria-hidden=\"true\" class=\"e-font-icon-svg e-fas-plus\" viewbox=\"0 0 448 512\" xmlns=\"http:\/\/www.w3.org\/2000\/svg\"><path d=\"M416 208H272V64c0-17.67-14.33-32-32-32h-32c-17.67 0-32 14.33-32 32v144H32c-17.67 0-32 14.33-32 32v32c0 17.67 14.33 32 32 32h144v144c0 17.67 14.33 32 32 32h32c17.67 0 32-14.33 32-32V304h144c17.67 0 32-14.33 32-32v-32c0-17.67-14.33-32-32-32z\"><\/path><\/svg><\/span>\n\t\t<\/span>\n\n\t\t\t\t\t\t<\/summary>\n\t\t\t\t<div role=\"region\" aria-labelledby=\"e-n-accordion-item-2203\" class=\"elementor-element elementor-element-4916bc3 e-con-full e-flex e-con e-child\" data-id=\"4916bc3\" data-element_type=\"container\" data-e-type=\"container\">\n\t\t\t\t<div class=\"elementor-element elementor-element-2404c40 elementor-widget elementor-widget-text-editor\" data-id=\"2404c40\" data-element_type=\"widget\" data-e-type=\"widget\" data-widget_type=\"text-editor.default\">\n\t\t\t\t\t\t\t\t\t<p>Bei Stornierungen oder \u00c4nderungen, die mindestens 24 Stunden vor Tourbeginn erfolgen, wird der volle Betrag erstattet. Lesen Sie unsere\u00a0<a href=\"https:\/\/57safari.com\/de\/stornobedingungen\/\" target=\"_blank\" rel=\"noopener\">vollst\u00e4ndige Stornierungsbedingungen<\/a>\u00a0f\u00fcr weitere Details.<\/p>\n\t\t\t\t\t\t\t\t<\/div>\n\t\t\t\t<\/div>\n\t\t\t\t\t<\/details>\n\t\t\t\t\t<\/div>\n\t\t\t\t\t\t<\/div>\n\t\t\t\t<\/div>\n\t\t\t\t<\/div>\n\t\t\t\t<\/div>\n\t\t\t\t\t\t<\/div>\n\t\t\t\t<\/div>\n\t\t\t\t\t<\/div>\n\t\t\t\t<\/div>\n\t\t\t\t<\/div>","protected":false},"excerpt":{"rendered":"<p data-start=\"188\" data-end=\"298\">Private Safari im Oldtimer-Land-Rover mit Kamelritt und einem arabisch inspirierten Gourmet-Fr\u00fchst\u00fcck im Al Maha.<\/p>","protected":false},"featured_media":2844,"template":"","meta":{"_acf_changed":false,"iawp_total_views":8},"car-type":[62],"product_brand":[],"product_cat":[26],"product_tag":[39,60],"class_list":{"0":"post-2837","1":"product","2":"type-product","3":"status-publish","4":"has-post-thumbnail","6":"car-type-private-car","7":"product_cat-uncategorized","8":"product_tag-57-safari","9":"product_tag-v3","11":"first","12":"instock","13":"virtual","14":"sold-individually","15":"taxable","16":"purchasable","17":"product-type-booking"},"acf":[],"_links":{"self":[{"href":"https:\/\/57safari.com\/de\/wp-json\/wp\/v2\/product\/2837","targetHints":{"allow":["GET"]}}],"collection":[{"href":"https:\/\/57safari.com\/de\/wp-json\/wp\/v2\/product"}],"about":[{"href":"https:\/\/57safari.com\/de\/wp-json\/wp\/v2\/types\/product"}],"version-history":[{"count":0,"href":"https:\/\/57safari.com\/de\/wp-json\/wp\/v2\/product\/2837\/revisions"}],"wp:featuredmedia":[{"embeddable":true,"href":"https:\/\/57safari.com\/de\/wp-json\/wp\/v2\/media\/2844"}],"wp:attachment":[{"href":"https:\/\/57safari.com\/de\/wp-json\/wp\/v2\/media?parent=2837"}],"wp:term":[{"taxonomy":"car-type","embeddable":true,"href":"https:\/\/57safari.com\/de\/wp-json\/wp\/v2\/car-type?post=2837"},{"taxonomy":"product_brand","embeddable":true,"href":"https:\/\/57safari.com\/de\/wp-json\/wp\/v2\/product_brand?post=2837"},{"taxonomy":"product_cat","embeddable":true,"href":"https:\/\/57safari.com\/de\/wp-json\/wp\/v2\/product_cat?post=2837"},{"taxonomy":"product_tag","embeddable":true,"href":"https:\/\/57safari.com\/de\/wp-json\/wp\/v2\/product_tag?post=2837"}],"curies":[{"name":"wp","href":"https:\/\/api.w.org\/{rel}","templated":true}]}}