{"id":3,"date":"2023-07-17T06:17:35","date_gmt":"2023-07-17T06:17:35","guid":{"rendered":"http:\/\/localhost\/safari-57\/?page_id=3"},"modified":"2025-04-16T16:28:39","modified_gmt":"2025-04-16T12:28:39","slug":"politica-de-privacidad","status":"publish","type":"page","link":"https:\/\/57safari.com\/es\/politica-de-privacidad\/","title":{"rendered":"pol\u00edtica de privacidad"},"content":{"rendered":"<div data-elementor-type=\"wp-page\" data-elementor-id=\"3\" class=\"elementor elementor-3\" data-elementor-post-type=\"page\">\n\t\t\t\t<div class=\"elementor-element elementor-element-eae31de e-flex e-con-boxed e-con e-parent\" data-id=\"eae31de\" data-element_type=\"container\" data-e-type=\"container\" data-settings=\"{&quot;background_background&quot;:&quot;classic&quot;}\">\n\t\t\t\t\t<div class=\"e-con-inner\">\n\t\t\t\t\t<\/div>\n\t\t\t\t<\/div>\n\t\t<div class=\"elementor-element elementor-element-0d9afe1 e-flex e-con-boxed e-con e-parent\" data-id=\"0d9afe1\" data-element_type=\"container\" data-e-type=\"container\">\n\t\t\t\t\t<div class=\"e-con-inner\">\n\t\t\t\t<div class=\"elementor-element elementor-element-ccae4cf elementor-widget elementor-widget-text-editor\" data-id=\"ccae4cf\" data-element_type=\"widget\" data-e-type=\"widget\" data-widget_type=\"text-editor.default\">\n\t\t\t\t\t\t\t\t\t<p class=\"\" data-start=\"276\" data-end=\"622\">En <strong data-start=\"279\" data-end=\"306\">57 Turismo Patrimonial LLC<\/strong>Nos comprometemos a proteger su informaci\u00f3n personal y a respetar su privacidad. Esta Pol\u00edtica de Privacidad explica c\u00f3mo recopilamos, usamos, divulgamos y protegemos su informaci\u00f3n cuando interact\u00faa con nosotros a trav\u00e9s de nuestro sitio web, correo electr\u00f3nico o tel\u00e9fono. Al utilizar nuestros servicios, usted acepta las pr\u00e1cticas descritas en esta pol\u00edtica.<\/p><hr class=\"\" data-start=\"624\" data-end=\"627\" \/><h3 class=\"\" data-start=\"629\" data-end=\"662\"><strong data-start=\"633\" data-end=\"662\">1. Informaci\u00f3n que recopilamos<\/strong><\/h3><p class=\"\" data-start=\"664\" data-end=\"726\">Podemos recopilar datos personales que usted proporcione voluntariamente cuando:<\/p><ul data-start=\"728\" data-end=\"907\"><li class=\"\" data-start=\"728\" data-end=\"795\"><p class=\"\" data-start=\"730\" data-end=\"795\">Realice consultas o reservas a trav\u00e9s de nuestra web, email o tel\u00e9fono.<\/p><\/li><li class=\"\" data-start=\"796\" data-end=\"855\"><p class=\"\" data-start=\"798\" data-end=\"855\">Suscr\u00edbete a nuestro bolet\u00edn o comunicaciones de marketing<\/p><\/li><li class=\"\" data-start=\"856\" data-end=\"907\"><p class=\"\" data-start=\"858\" data-end=\"907\">Participar en encuestas, promociones o concursos<\/p><\/li><\/ul><p class=\"\" data-start=\"909\" data-end=\"949\"><strong data-start=\"909\" data-end=\"947\">La informaci\u00f3n recopilada puede incluir:<\/strong><\/p><ul data-start=\"950\" data-end=\"1057\"><li class=\"\" data-start=\"950\" data-end=\"963\"><p class=\"\" data-start=\"952\" data-end=\"963\">Nombre completo<\/p><\/li><li class=\"\" data-start=\"964\" data-end=\"981\"><p class=\"\" data-start=\"966\" data-end=\"981\">Direcci\u00f3n de correo electr\u00f3nico<\/p><\/li><li class=\"\" data-start=\"982\" data-end=\"998\"><p class=\"\" data-start=\"984\" data-end=\"998\">N\u00famero de tel\u00e9fono<\/p><\/li><li class=\"\" data-start=\"999\" data-end=\"1057\"><p class=\"\" data-start=\"1001\" data-end=\"1057\">Detalles de la reserva u otros datos relevantes para su consulta<\/p><\/li><\/ul><hr class=\"\" data-start=\"1059\" data-end=\"1062\" \/><h3 class=\"\" data-start=\"1064\" data-end=\"1102\"><strong data-start=\"1068\" data-end=\"1102\">2. C\u00f3mo usamos su informaci\u00f3n<\/strong><\/h3><p class=\"\" data-start=\"1104\" data-end=\"1165\">Utilizamos la informaci\u00f3n que recopilamos para los siguientes fines:<\/p><ul data-start=\"1167\" data-end=\"1530\"><li class=\"\" data-start=\"1167\" data-end=\"1264\"><p class=\"\" data-start=\"1169\" data-end=\"1264\">Para proporcionar y gestionar nuestros servicios, incluido el procesamiento de reservas y la respuesta a consultas.<\/p><\/li><li class=\"\" data-start=\"1265\" data-end=\"1346\"><p class=\"\" data-start=\"1267\" data-end=\"1346\">Para comunicarnos con usted con respecto a sus reservas, actualizaciones de servicios o solicitudes.<\/p><\/li><li class=\"\" data-start=\"1347\" data-end=\"1444\"><p class=\"\" data-start=\"1349\" data-end=\"1444\">Para enviar contenido promocional, boletines informativos y actualizaciones (con la opci\u00f3n de cancelar su suscripci\u00f3n en cualquier momento)<\/p><\/li><li class=\"\" data-start=\"1445\" data-end=\"1530\"><p class=\"\" data-start=\"1447\" data-end=\"1530\">Para analizar y mejorar nuestros servicios, el rendimiento del sitio web y la experiencia del cliente.<\/p><\/li><\/ul><hr class=\"\" data-start=\"1532\" data-end=\"1535\" \/><h3 class=\"\" data-start=\"1537\" data-end=\"1567\"><strong data-start=\"1541\" data-end=\"1567\">3. Intercambio de informaci\u00f3n<\/strong><\/h3><p class=\"\" data-start=\"1569\" data-end=\"1874\">Nosotros lo hacemos <strong data-start=\"1575\" data-end=\"1582\">no<\/strong> vender, alquilar o intercambiar su informaci\u00f3n personal a terceros.<br data-start=\"1647\" data-end=\"1650\" \/>Podr\u00edamos compartir sus datos con proveedores de servicios o socios de confianza que colaboran en el funcionamiento de nuestro sitio web o en la prestaci\u00f3n de nuestros servicios. Estos proveedores tienen la obligaci\u00f3n contractual de mantener su informaci\u00f3n segura y confidencial.<\/p><p class=\"\" data-start=\"1876\" data-end=\"1966\"><strong data-start=\"1876\" data-end=\"1885\">Nota:<\/strong> 57safari.com lo har\u00e1 <strong data-start=\"1904\" data-end=\"1913\">nunca<\/strong> pasar cualquier dato de tarjeta de d\u00e9bito\/cr\u00e9dito a terceros.<\/p><hr class=\"\" data-start=\"1968\" data-end=\"1971\" \/><h3 class=\"\" data-start=\"1973\" data-end=\"1997\"><strong data-start=\"1977\" data-end=\"1997\">4. Seguridad de los datos<\/strong><\/h3><p class=\"\" data-start=\"1999\" data-end=\"2242\">Tomamos medidas t\u00e9cnicas y organizativas razonables para proteger sus datos personales del acceso, la alteraci\u00f3n, la divulgaci\u00f3n o la destrucci\u00f3n no autorizados. Sin embargo, ning\u00fan m\u00e9todo de almacenamiento o transmisi\u00f3n electr\u00f3nica por internet es seguro para 100%.<\/p><hr class=\"\" data-start=\"2244\" data-end=\"2247\" \/><h3 class=\"\" data-start=\"2249\" data-end=\"2293\"><strong data-start=\"2253\" data-end=\"2293\">5. Cookies y tecnolog\u00edas de seguimiento<\/strong><\/h3><p class=\"\" data-start=\"2295\" data-end=\"2352\">Nuestro sitio web puede utilizar cookies o herramientas de seguimiento similares para:<\/p><ul data-start=\"2354\" data-end=\"2479\"><li class=\"\" data-start=\"2354\" data-end=\"2390\"><p class=\"\" data-start=\"2356\" data-end=\"2390\">Mejora tu experiencia de navegaci\u00f3n<\/p><\/li><li class=\"\" data-start=\"2391\" data-end=\"2436\"><p class=\"\" data-start=\"2393\" data-end=\"2436\">Analizar el tr\u00e1fico del sitio web y el comportamiento del usuario<\/p><\/li><li class=\"\" data-start=\"2437\" data-end=\"2479\"><p class=\"\" data-start=\"2439\" data-end=\"2479\">Personaliza el contenido seg\u00fan tus preferencias<\/p><\/li><\/ul><p class=\"\" data-start=\"2481\" data-end=\"2593\">Puede controlar o deshabilitar las cookies a trav\u00e9s de la configuraci\u00f3n de su navegador, pero algunas caracter\u00edsticas de nuestro sitio pueden verse afectadas.<\/p><hr class=\"\" data-start=\"2595\" data-end=\"2598\" \/><h3 class=\"\" data-start=\"2600\" data-end=\"2628\"><strong data-start=\"2604\" data-end=\"2628\">6. Enlaces de terceros<\/strong><\/h3><p class=\"\" data-start=\"2630\" data-end=\"2858\">Nuestro sitio web puede contener enlaces a sitios web de terceros. No nos responsabilizamos del contenido ni de las pr\u00e1cticas de privacidad de dichos sitios externos. Recomendamos revisar sus pol\u00edticas de privacidad antes de proporcionar informaci\u00f3n personal.<\/p><hr class=\"\" data-start=\"2860\" data-end=\"2863\" \/><h3 class=\"\" data-start=\"2865\" data-end=\"2894\"><strong data-start=\"2869\" data-end=\"2894\">7. Privacidad de los ni\u00f1os<\/strong><\/h3><p class=\"\" data-start=\"2896\" data-end=\"3151\">Nuestros servicios no est\u00e1n destinados a personas menores de 18 a\u00f1os.<br data-start=\"2962\" data-end=\"2965\" \/>No recopilamos deliberadamente informaci\u00f3n personal de menores. Si cree que un menor nos ha proporcionado datos, p\u00f3ngase en contacto con nosotros de inmediato y eliminaremos la informaci\u00f3n lo antes posible.<\/p><hr class=\"\" data-start=\"3153\" data-end=\"3156\" \/><h3 class=\"\" data-start=\"3158\" data-end=\"3189\"><strong data-start=\"3162\" data-end=\"3189\">8. Confirmaci\u00f3n de pago<\/strong><\/h3><p class=\"\" data-start=\"3191\" data-end=\"3309\">Tras el pago exitoso, recibir\u00e1 un correo electr\u00f3nico de confirmaci\u00f3n dentro de <strong data-start=\"3261\" data-end=\"3273\">24 horas<\/strong> de la transacci\u00f3n que se est\u00e1 procesando.<\/p><hr class=\"\" data-start=\"3311\" data-end=\"3314\" \/><h3 class=\"\" data-start=\"3316\" data-end=\"3357\"><strong data-start=\"3320\" data-end=\"3357\">9. Actualizaciones de esta Pol\u00edtica de Privacidad<\/strong><\/h3><p class=\"\" data-start=\"3359\" data-end=\"3590\">Podemos actualizar esta Pol\u00edtica de Privacidad ocasionalmente. Cualquier revisi\u00f3n se publicar\u00e1 en esta p\u00e1gina con la fecha de entrada en vigor actualizada en la parte superior. El uso continuado de nuestros servicios despu\u00e9s de los cambios indica su aceptaci\u00f3n de la pol\u00edtica revisada.<\/p><hr class=\"\" data-start=\"3592\" data-end=\"3595\" \/><h3 class=\"\" data-start=\"3597\" data-end=\"3619\"><strong data-start=\"3601\" data-end=\"3619\">10. Cont\u00e1ctenos<\/strong><\/h3><p class=\"\" data-start=\"3621\" data-end=\"3737\">Si tiene preguntas, inquietudes o solicitudes con respecto a esta Pol\u00edtica de privacidad o sus datos personales, cont\u00e1ctenos:<\/p><p class=\"\" data-start=\"3739\" data-end=\"3833\">\ud83d\udce7 <strong data-start=\"3742\" data-end=\"3752\">Correo electr\u00f3nico:<\/strong> <a rel=\"noopener\" data-start=\"3753\" data-end=\"3798\">info@57safari.com<\/a><br data-start=\"3798\" data-end=\"3801\" \/>\ud83d\udcde <strong data-start=\"3804\" data-end=\"3814\">Tel\u00e9fono:<\/strong> +971 52 334 4891<\/p>\t\t\t\t\t\t\t\t<\/div>\n\t\t\t\t\t<\/div>\n\t\t\t\t<\/div>\n\t\t\t\t<\/div>","protected":false},"excerpt":{"rendered":"<p>En 57 Heritage Tourism LLC, nos comprometemos a proteger su informaci\u00f3n personal y respetar su privacidad. Esta Pol\u00edtica de Privacidad explica c\u00f3mo recopilamos, usamos, divulgamos y protegemos su informaci\u00f3n cuando interact\u00faa con nosotros a trav\u00e9s de nuestro sitio web, correo electr\u00f3nico o tel\u00e9fono. Al utilizar nuestros servicios, usted acepta las pr\u00e1cticas descritas en esta pol\u00edtica. 1. [\u2026]<\/p>","protected":false},"author":8,"featured_media":1343,"parent":0,"menu_order":0,"comment_status":"closed","ping_status":"open","template":"","meta":{"_acf_changed":false,"iawp_total_views":6,"footnotes":""},"class_list":["post-3","page","type-page","status-publish","has-post-thumbnail","hentry"],"acf":[],"_links":{"self":[{"href":"https:\/\/57safari.com\/es\/wp-json\/wp\/v2\/pages\/3","targetHints":{"allow":["GET"]}}],"collection":[{"href":"https:\/\/57safari.com\/es\/wp-json\/wp\/v2\/pages"}],"about":[{"href":"https:\/\/57safari.com\/es\/wp-json\/wp\/v2\/types\/page"}],"author":[{"embeddable":true,"href":"https:\/\/57safari.com\/es\/wp-json\/wp\/v2\/users\/8"}],"replies":[{"embeddable":true,"href":"https:\/\/57safari.com\/es\/wp-json\/wp\/v2\/comments?post=3"}],"version-history":[{"count":0,"href":"https:\/\/57safari.com\/es\/wp-json\/wp\/v2\/pages\/3\/revisions"}],"wp:featuredmedia":[{"embeddable":true,"href":"https:\/\/57safari.com\/es\/wp-json\/wp\/v2\/media\/1343"}],"wp:attachment":[{"href":"https:\/\/57safari.com\/es\/wp-json\/wp\/v2\/media?parent=3"}],"curies":[{"name":"gracias","href":"https:\/\/api.w.org\/{rel}","templated":true}]}}