{"id":4331,"date":"2024-07-11T17:19:01","date_gmt":"2024-07-11T13:19:01","guid":{"rendered":"https:\/\/57safari.com\/?page_id=4331"},"modified":"2025-09-25T17:19:59","modified_gmt":"2025-09-25T13:19:59","slug":"politica-de-cancelacion","status":"publish","type":"page","link":"https:\/\/57safari.com\/es\/politica-de-cancelacion\/","title":{"rendered":"Pol\u00edtica de cancelaci\u00f3n y reembolso"},"content":{"rendered":"<div data-elementor-type=\"wp-page\" data-elementor-id=\"4331\" class=\"elementor elementor-4331\" data-elementor-post-type=\"page\">\n\t\t\t\t<div class=\"elementor-element elementor-element-0c326e9 e-flex e-con-boxed e-con e-parent\" data-id=\"0c326e9\" data-element_type=\"container\" data-e-type=\"container\" data-settings=\"{&quot;background_background&quot;:&quot;classic&quot;}\">\n\t\t\t\t\t<div class=\"e-con-inner\">\n\t\t\t\t\t<\/div>\n\t\t\t\t<\/div>\n\t\t<div class=\"elementor-element elementor-element-0af03c0 e-flex e-con-boxed e-con e-parent\" data-id=\"0af03c0\" data-element_type=\"container\" data-e-type=\"container\">\n\t\t\t\t\t<div class=\"e-con-inner\">\n\t\t\t\t<div class=\"elementor-element elementor-element-165aeb6 elementor-widget elementor-widget-text-editor\" data-id=\"165aeb6\" data-element_type=\"widget\" data-e-type=\"widget\" data-widget_type=\"text-editor.default\">\n\t\t\t\t\t\t\t\t\t<p data-pm-slice=\"1 1 []\"><strong>1. Elegibilidad para reembolso total:<\/strong><\/p><ul data-spread=\"false\"><li><p>Cancelaciones o modificaciones realizadas <strong>al menos 24 horas antes de la salida del tour<\/strong> calificar para una <strong>reembolso completo<\/strong>.<\/p><\/li><\/ul><p><strong>2. Casos no reembolsables:<\/strong><\/p><ul data-spread=\"false\"><li><p>Cancelaciones realizadas <strong>dentro de las 24 horas siguientes a la salida del tour<\/strong> son <strong>no elegible para un reembolso<\/strong>.<\/p><\/li><li><p>No unirse al tour, unirse <strong>despu\u00e9s de la salida<\/strong>, o salir antes de su finalizaci\u00f3n <strong>anula cualquier reembolso<\/strong>.<\/p><\/li><\/ul><p><strong>3. Retrasos clim\u00e1ticos y operativos:<\/strong><\/p><ul data-spread=\"false\"><li><p>En los casos de <strong>mal tiempo<\/strong>A los hu\u00e9spedes se les ofrecer\u00e1 una <strong>reembolso completo o una fecha de reserva alternativa<\/strong>.<\/p><\/li><li><p>No se realizan reembolsos por <strong>retrasos, reducciones o cambios razonables<\/strong> a un viaje debido a las condiciones clim\u00e1ticas o fallas mec\u00e1nicas.<\/p><\/li><\/ul><p><strong>4. Procesamiento de pagos y reembolsos:<\/strong><\/p><ul data-spread=\"false\"><li><p>Los pagos se aceptan en l\u00ednea a trav\u00e9s de <strong>Visa y MasterCard<\/strong> en DEA.<\/p><\/li><li><p>Los reembolsos se procesan a trav\u00e9s de <strong>modo de pago original<\/strong>.<\/p><\/li><li><p>Reembolsos por pagos realizados a trav\u00e9s de <strong>pasarelas de pago en l\u00ednea<\/strong> ser\u00e1 procesado <strong>menos cualquier tarifa de transacci\u00f3n aplicable<\/strong>.<\/p><\/li><\/ul><p><strong>5. Ley aplicable:<\/strong><\/p><ul data-spread=\"false\"><li><p>Cualquier disputa que surja de este sitio web o est\u00e9 relacionada con \u00e9l ser\u00e1 <strong>regido por las leyes de los EAU<\/strong>.<\/p><\/li><\/ul><p>Estos <strong>pol\u00edticas de cancelaci\u00f3n y reembolso<\/strong> est\u00e1n sujetos a cambios a discreci\u00f3n de <strong>57 Turismo Patrimonial LLC<\/strong>Al utilizar nuestros servicios, usted acepta y se compromete a cumplir estos t\u00e9rminos.<\/p><p>Para cualquier consulta o aclaraci\u00f3n, por favor, p\u00f3ngase en contacto con nosotros en <a><strong>info@57safari.com<\/strong><\/a> o llamar <strong>+971 52 334 4891<\/strong>.<\/p>\t\t\t\t\t\t\t\t<\/div>\n\t\t\t\t\t<\/div>\n\t\t\t\t<\/div>\n\t\t\t\t<\/div>","protected":false},"excerpt":{"rendered":"<p>1. Reembolso total: Las cancelaciones o modificaciones realizadas al menos 24 horas antes de la salida del tour tienen derecho a un reembolso total. 2. Casos no reembolsables: Las cancelaciones realizadas dentro de las 24 horas previas a la salida del tour no tienen derecho a reembolso. No unirse al tour, unirse despu\u00e9s de la salida o abandonarlo antes de su finalizaci\u00f3n anular\u00e1 cualquier reembolso. [\u2026]<\/p>","protected":false},"author":8,"featured_media":0,"parent":0,"menu_order":0,"comment_status":"closed","ping_status":"closed","template":"","meta":{"_acf_changed":false,"iawp_total_views":14,"footnotes":""},"class_list":["post-4331","page","type-page","status-publish","hentry"],"acf":[],"_links":{"self":[{"href":"https:\/\/57safari.com\/es\/wp-json\/wp\/v2\/pages\/4331","targetHints":{"allow":["GET"]}}],"collection":[{"href":"https:\/\/57safari.com\/es\/wp-json\/wp\/v2\/pages"}],"about":[{"href":"https:\/\/57safari.com\/es\/wp-json\/wp\/v2\/types\/page"}],"author":[{"embeddable":true,"href":"https:\/\/57safari.com\/es\/wp-json\/wp\/v2\/users\/8"}],"replies":[{"embeddable":true,"href":"https:\/\/57safari.com\/es\/wp-json\/wp\/v2\/comments?post=4331"}],"version-history":[{"count":0,"href":"https:\/\/57safari.com\/es\/wp-json\/wp\/v2\/pages\/4331\/revisions"}],"wp:attachment":[{"href":"https:\/\/57safari.com\/es\/wp-json\/wp\/v2\/media?parent=4331"}],"curies":[{"name":"gracias","href":"https:\/\/api.w.org\/{rel}","templated":true}]}}