{"id":9,"date":"2023-07-18T12:25:19","date_gmt":"2023-07-18T12:25:19","guid":{"rendered":"http:\/\/localhost\/safari-57\/?page_id=9"},"modified":"2025-10-20T20:32:13","modified_gmt":"2025-10-20T16:32:13","slug":"nuestra-historia","status":"publish","type":"page","link":"https:\/\/57safari.com\/es\/nuestra-historia\/","title":{"rendered":"Nuestra historia: 57 Safaris patrimoniales"},"content":{"rendered":"<div data-elementor-type=\"wp-page\" data-elementor-id=\"9\" class=\"elementor elementor-9\" data-elementor-post-type=\"page\">\n\t\t\t\t<div class=\"elementor-element elementor-element-a06fb1a e-flex e-con-boxed e-con e-parent\" data-id=\"a06fb1a\" data-element_type=\"container\" data-e-type=\"container\" data-settings=\"{&quot;background_background&quot;:&quot;classic&quot;}\">\n\t\t\t\t\t<div class=\"e-con-inner\">\n\t\t\t\t\t<\/div>\n\t\t\t\t<\/div>\n\t\t<div class=\"elementor-element elementor-element-8a59590 e-flex e-con-boxed e-con e-parent\" data-id=\"8a59590\" data-element_type=\"container\" data-e-type=\"container\">\n\t\t\t\t\t<div class=\"e-con-inner\">\n\t\t\t\t<div class=\"elementor-element elementor-element-455dd9c elementor-widget elementor-widget-text-editor\" data-id=\"455dd9c\" data-element_type=\"widget\" data-e-type=\"widget\" data-widget_type=\"text-editor.default\">\n\t\t\t\t\t\t\t\t\t<p data-start=\"142\" data-end=\"426\">En 57 Safari, cada viaje narra una historia de tradici\u00f3n, aventura y la belleza atemporal del desierto. Todo comenz\u00f3 con la visi\u00f3n de dar vida al esp\u00edritu del desierto ar\u00e1bigo, rindiendo homenaje al legendario Land Rover de 1957, s\u00edmbolo de exploraci\u00f3n y descubrimiento en los Emiratos.<\/p><p data-start=\"428\" data-end=\"646\">Quer\u00edamos crear algo m\u00e1s que un simple safari por el desierto. Quer\u00edamos una experiencia donde la historia, la cultura y el lujo se fusionaran, donde cada momento se sintiera personal y cada hu\u00e9sped se sintiera como el centro de la aventura.<\/p>\t\t\t\t\t\t\t\t<\/div>\n\t\t\t\t\t<\/div>\n\t\t\t\t<\/div>\n\t\t<div class=\"elementor-element elementor-element-386e6c1 e-grid e-con-boxed e-con e-parent\" data-id=\"386e6c1\" data-element_type=\"container\" data-e-type=\"container\">\n\t\t\t\t\t<div class=\"e-con-inner\">\n\t\t<div class=\"elementor-element elementor-element-e9953a2 e-con-full e-flex e-con e-child\" data-id=\"e9953a2\" data-element_type=\"container\" data-e-type=\"container\">\n\t\t\t\t<div class=\"elementor-element elementor-element-8cc941e elementor-widget elementor-widget-heading\" data-id=\"8cc941e\" data-element_type=\"widget\" data-e-type=\"widget\" data-widget_type=\"heading.default\">\n\t\t\t\t\t<h2 class=\"elementor-heading-title elementor-size-default\">Nuestra visi\u00f3n<\/h2>\t\t\t\t<\/div>\n\t\t\t\t<div class=\"elementor-element elementor-element-fa6c6f3 elementor-widget elementor-widget-text-editor\" data-id=\"fa6c6f3\" data-element_type=\"widget\" data-e-type=\"widget\" data-widget_type=\"text-editor.default\">\n\t\t\t\t\t\t\t\t\t<p>Desde el principio, nuestra misi\u00f3n ha sido crear experiencias aut\u00e9nticas, inmersivas e inolvidables. Hacemos las cosas de forma diferente porque cada detalle importa.<\/p>\t\t\t\t\t\t\t\t<\/div>\n\t\t\t\t<\/div>\n\t\t<div class=\"elementor-element elementor-element-fde4a61 e-con-full e-flex e-con e-child\" data-id=\"fde4a61\" data-element_type=\"container\" data-e-type=\"container\">\n\t\t\t\t<div class=\"elementor-element elementor-element-5c5f25f elementor-widget elementor-widget-heading\" data-id=\"5c5f25f\" data-element_type=\"widget\" data-e-type=\"widget\" data-widget_type=\"heading.default\">\n\t\t\t\t\t<h3 class=\"elementor-heading-title elementor-size-default\">Comida y gastronom\u00eda<\/h3>\t\t\t\t<\/div>\n\t\t\t\t<div class=\"elementor-element elementor-element-30f90b7 elementor-widget elementor-widget-text-editor\" data-id=\"30f90b7\" data-element_type=\"widget\" data-e-type=\"widget\" data-widget_type=\"text-editor.default\">\n\t\t\t\t\t\t\t\t\t<p>Disfrute de platos \u00e1rabes reci\u00e9n preparados, servidos en su mesa con asientos adecuados y privacidad. Las porciones ilimitadas, la shisha y un servicio atento garantizan que cada comida sea un momento para saborear.<\/p>\t\t\t\t\t\t\t\t<\/div>\n\t\t\t\t<\/div>\n\t\t<div class=\"elementor-element elementor-element-cbcc9f2 e-con-full e-flex e-con e-child\" data-id=\"cbcc9f2\" data-element_type=\"container\" data-e-type=\"container\">\n\t\t\t\t<div class=\"elementor-element elementor-element-1899b92 elementor-widget elementor-widget-heading\" data-id=\"1899b92\" data-element_type=\"widget\" data-e-type=\"widget\" data-widget_type=\"heading.default\">\n\t\t\t\t\t<h3 class=\"elementor-heading-title elementor-size-default\">Comodidad y espacio<\/h3>\t\t\t\t<\/div>\n\t\t\t\t<div class=\"elementor-element elementor-element-3cf71bd elementor-widget elementor-widget-text-editor\" data-id=\"3cf71bd\" data-element_type=\"widget\" data-e-type=\"widget\" data-widget_type=\"text-editor.default\">\n\t\t\t\t\t\t\t\t\t<p>Viaje en traslados de lujo que nunca est\u00e1n abarrotados. Los recorridos est\u00e1n cuidadosamente programados, los ba\u00f1os cuentan con aire acondicionado y cada hu\u00e9sped recibe un trato VIP.<\/p>\t\t\t\t\t\t\t\t<\/div>\n\t\t\t\t<\/div>\n\t\t<div class=\"elementor-element elementor-element-e32bad8 e-con-full e-flex e-con e-child\" data-id=\"e32bad8\" data-element_type=\"container\" data-e-type=\"container\">\n\t\t\t\t<div class=\"elementor-element elementor-element-c951069 elementor-widget elementor-widget-heading\" data-id=\"c951069\" data-element_type=\"widget\" data-e-type=\"widget\" data-widget_type=\"heading.default\">\n\t\t\t\t\t<h3 class=\"elementor-heading-title elementor-size-default\">Transparencia y confianza<\/h3>\t\t\t\t<\/div>\n\t\t\t\t<div class=\"elementor-element elementor-element-bbc6332 elementor-widget elementor-widget-text-editor\" data-id=\"bbc6332\" data-element_type=\"widget\" data-e-type=\"widget\" data-widget_type=\"text-editor.default\">\n\t\t\t\t\t\t\t\t\t<p>Nuestros gu\u00edas autorizados y conductores expertos le brindan un servicio seguro y profesional. Ofrecemos servicios adicionales opcionales sin compromiso y con precios totalmente transparentes. Los fot\u00f3grafos siempre le piden permiso antes de tomar fotos, para que su comodidad sea nuestra prioridad.<\/p>\t\t\t\t\t\t\t\t<\/div>\n\t\t\t\t<\/div>\n\t\t<div class=\"elementor-element elementor-element-ef6cce7 e-con-full e-flex e-con e-child\" data-id=\"ef6cce7\" data-element_type=\"container\" data-e-type=\"container\">\n\t\t\t\t<div class=\"elementor-element elementor-element-5a5054b elementor-widget elementor-widget-heading\" data-id=\"5a5054b\" data-element_type=\"widget\" data-e-type=\"widget\" data-widget_type=\"heading.default\">\n\t\t\t\t\t<h3 class=\"elementor-heading-title elementor-size-default\">Autenticidad y patrimonio<\/h3>\t\t\t\t<\/div>\n\t\t\t\t<div class=\"elementor-element elementor-element-fb346a9 elementor-widget elementor-widget-text-editor\" data-id=\"fb346a9\" data-element_type=\"widget\" data-e-type=\"widget\" data-widget_type=\"text-editor.default\">\n\t\t\t\t\t\t\t\t\t<p>Descubre el aut\u00e9ntico desierto dentro de la Reserva de Conservaci\u00f3n del Desierto de Dub\u00e1i. Observa la fauna en su h\u00e1bitat natural y disfruta de vuelos con halcones. Cada experiencia est\u00e1 inspirada en la visi\u00f3n de sus fundadores emirat\u00edes y de Oriente Medio, y ofrece incre\u00edbles oportunidades para la fotograf\u00eda.<\/p>\t\t\t\t\t\t\t\t<\/div>\n\t\t\t\t<\/div>\n\t\t<div class=\"elementor-element elementor-element-7d2ae30 e-con-full e-flex e-con e-child\" data-id=\"7d2ae30\" data-element_type=\"container\" data-e-type=\"container\">\n\t\t\t\t<div class=\"elementor-element elementor-element-8b0ddcd elementor-widget elementor-widget-heading\" data-id=\"8b0ddcd\" data-element_type=\"widget\" data-e-type=\"widget\" data-widget_type=\"heading.default\">\n\t\t\t\t\t<h3 class=\"elementor-heading-title elementor-size-default\">Experiencias para toda la familia<\/h3>\t\t\t\t<\/div>\n\t\t\t\t<div class=\"elementor-element elementor-element-5e89d15 elementor-widget elementor-widget-text-editor\" data-id=\"5e89d15\" data-element_type=\"widget\" data-e-type=\"widget\" data-widget_type=\"text-editor.default\">\n\t\t\t\t\t\t\t\t\t<p>Los ni\u00f1os tienen sus propias zonas y men\u00fas especialmente dise\u00f1ados. Cada actividad est\u00e1 pensada para que los hu\u00e9spedes de todas las edades puedan disfrutar juntos de la aventura.<\/p>\t\t\t\t\t\t\t\t<\/div>\n\t\t\t\t<\/div>\n\t\t\t\t\t<\/div>\n\t\t\t\t<\/div>\n\t\t<div class=\"elementor-element elementor-element-67429f3 e-flex e-con-boxed e-con e-parent\" data-id=\"67429f3\" data-element_type=\"container\" data-e-type=\"container\" data-settings=\"{&quot;background_background&quot;:&quot;classic&quot;}\">\n\t\t\t\t\t<div class=\"e-con-inner\">\n\t\t\t\t<div class=\"elementor-element elementor-element-3b0b236 elementor-widget elementor-widget-heading\" data-id=\"3b0b236\" data-element_type=\"widget\" data-e-type=\"widget\" data-widget_type=\"heading.default\">\n\t\t\t\t\t<h2 class=\"elementor-heading-title elementor-size-default\">\u00bfPor qu\u00e9 lo hacemos?<\/h2>\t\t\t\t<\/div>\n\t\t\t\t<div class=\"elementor-element elementor-element-c579515 elementor-widget elementor-widget-text-editor\" data-id=\"c579515\" data-element_type=\"widget\" data-e-type=\"widget\" data-widget_type=\"text-editor.default\">\n\t\t\t\t\t\t\t\t\t<p>Creemos que el desierto es mucho m\u00e1s que arena y dunas. Es una historia viva de cultura, vida salvaje y conexi\u00f3n humana. En 57 Safari, creamos aventuras tan \u00fanicas como las personas que las viven, dejando recuerdos imborrables.<\/p>\t\t\t\t\t\t\t\t<\/div>\n\t\t\t\t\t<\/div>\n\t\t\t\t<\/div>\n\t\t<div class=\"elementor-element elementor-element-de3da15 e-flex e-con-boxed e-con e-parent\" data-id=\"de3da15\" data-element_type=\"container\" data-e-type=\"container\">\n\t\t\t\t\t<div class=\"e-con-inner\">\n\t\t<div class=\"elementor-element elementor-element-8f6398a e-con-full e-flex e-con e-child\" data-id=\"8f6398a\" data-element_type=\"container\" data-e-type=\"container\">\n\t\t\t\t<div class=\"elementor-element elementor-element-5e56ea3 elementor-widget elementor-widget-heading\" data-id=\"5e56ea3\" data-element_type=\"widget\" data-e-type=\"widget\" data-widget_type=\"heading.default\">\n\t\t\t\t\t<h2 class=\"elementor-heading-title elementor-size-default\">Descubre el desierto con nosotros<\/h2>\t\t\t\t<\/div>\n\t\t\t\t<div class=\"elementor-element elementor-element-05df535 elementor-widget elementor-widget-text-editor\" data-id=\"05df535\" data-element_type=\"widget\" data-e-type=\"widget\" data-widget_type=\"text-editor.default\">\n\t\t\t\t\t\t\t\t\t<p data-start=\"2712\" data-end=\"2851\">Ad\u00e9ntrate en nuestra historia y descubre los 57 safaris por el desierto de 2024. Te esperan herencia, autenticidad y lujo, todo dise\u00f1ado pensando en ti.<\/p><p data-start=\"2853\" data-end=\"2931\">Bienvenidos a 57 Heritage Safari, donde la historia, la cultura y el lujo cobran vida.<\/p>\t\t\t\t\t\t\t\t<\/div>\n\t\t\t\t<\/div>\n\t\t<div class=\"elementor-element elementor-element-7c83b45 e-con-full e-flex e-con e-child\" data-id=\"7c83b45\" data-element_type=\"container\" data-e-type=\"container\" data-settings=\"{&quot;background_background&quot;:&quot;classic&quot;}\">\n\t\t\t\t<\/div>\n\t\t\t\t\t<\/div>\n\t\t\t\t<\/div>\n\t\t\t\t<\/div>","protected":false},"excerpt":{"rendered":"<p>En 57 Safari, cada viaje cuenta una historia de herencia, aventura y la belleza atemporal del desierto. Todo comenz\u00f3 con la visi\u00f3n de revivir el esp\u00edritu del desierto \u00e1rabe y rendir homenaje al legendario Land Rover de 1957, s\u00edmbolo de exploraci\u00f3n y descubrimiento en los Emiratos. Quer\u00edamos crear m\u00e1s [\u2026]<\/p>","protected":false},"author":8,"featured_media":0,"parent":0,"menu_order":0,"comment_status":"closed","ping_status":"closed","template":"","meta":{"_acf_changed":false,"iawp_total_views":16,"footnotes":""},"class_list":["post-9","page","type-page","status-publish","hentry"],"acf":[],"_links":{"self":[{"href":"https:\/\/57safari.com\/es\/wp-json\/wp\/v2\/pages\/9","targetHints":{"allow":["GET"]}}],"collection":[{"href":"https:\/\/57safari.com\/es\/wp-json\/wp\/v2\/pages"}],"about":[{"href":"https:\/\/57safari.com\/es\/wp-json\/wp\/v2\/types\/page"}],"author":[{"embeddable":true,"href":"https:\/\/57safari.com\/es\/wp-json\/wp\/v2\/users\/8"}],"replies":[{"embeddable":true,"href":"https:\/\/57safari.com\/es\/wp-json\/wp\/v2\/comments?post=9"}],"version-history":[{"count":0,"href":"https:\/\/57safari.com\/es\/wp-json\/wp\/v2\/pages\/9\/revisions"}],"wp:attachment":[{"href":"https:\/\/57safari.com\/es\/wp-json\/wp\/v2\/media?parent=9"}],"curies":[{"name":"gracias","href":"https:\/\/api.w.org\/{rel}","templated":true}]}}