{"id":924,"date":"2023-12-27T04:59:32","date_gmt":"2023-12-27T00:59:32","guid":{"rendered":"https:\/\/57safari.com\/?page_id=924"},"modified":"2025-07-12T19:39:45","modified_gmt":"2025-07-12T15:39:45","slug":"terminos-y-condiciones","status":"publish","type":"page","link":"https:\/\/57safari.com\/es\/terminos-y-condiciones\/","title":{"rendered":"T\u00e9rminos y condiciones"},"content":{"rendered":"<div data-elementor-type=\"wp-page\" data-elementor-id=\"924\" class=\"elementor elementor-924\" data-elementor-post-type=\"page\">\n\t\t\t\t<div class=\"elementor-element elementor-element-dc682b9 e-flex e-con-boxed e-con e-parent\" data-id=\"dc682b9\" data-element_type=\"container\" data-e-type=\"container\" data-settings=\"{&quot;background_background&quot;:&quot;classic&quot;}\">\n\t\t\t\t\t<div class=\"e-con-inner\">\n\t\t\t\t\t<\/div>\n\t\t\t\t<\/div>\n\t\t<div class=\"elementor-element elementor-element-45412dc e-flex e-con-boxed e-con e-parent\" data-id=\"45412dc\" data-element_type=\"container\" data-e-type=\"container\">\n\t\t\t\t\t<div class=\"e-con-inner\">\n\t\t\t\t<div class=\"elementor-element elementor-element-d8a8731 elementor-widget elementor-widget-text-editor\" data-id=\"d8a8731\" data-element_type=\"widget\" data-e-type=\"widget\" data-widget_type=\"text-editor.default\">\n\t\t\t\t\t\t\t\t\t<h3 class=\"\" data-start=\"187\" data-end=\"217\"><strong data-start=\"191\" data-end=\"217\">1. Informaci\u00f3n general<\/strong><\/h3><ul data-start=\"218\" data-end=\"708\"><li class=\"\" data-start=\"218\" data-end=\"330\"><p class=\"\" data-start=\"220\" data-end=\"330\">57 Heritage Tourism LLC tiene su sede en los Emiratos \u00c1rabes Unidos y todos los servicios se rigen por las leyes de los EAU.<\/p><\/li><li class=\"\" data-start=\"331\" data-end=\"398\"><p class=\"\" data-start=\"333\" data-end=\"398\">Nuestros servicios no se proporcionar\u00e1n a pa\u00edses sancionados por la OFAC.<\/p><\/li><li class=\"\" data-start=\"399\" data-end=\"508\"><p class=\"\" data-start=\"401\" data-end=\"508\">Los menores de 18 a\u00f1os no pueden registrarse como usuarios ni realizar transacciones en este sitio web.<\/p><\/li><li class=\"\" data-start=\"509\" data-end=\"627\"><p class=\"\" data-start=\"511\" data-end=\"627\">Los titulares de tarjetas deben conservar copias de sus registros de transacciones y cumplir con las pol\u00edticas y regulaciones del comerciante.<\/p><\/li><li class=\"\" data-start=\"628\" data-end=\"708\"><p class=\"\" data-start=\"630\" data-end=\"708\">Los usuarios son responsables de garantizar la privacidad y seguridad de sus cuentas.<\/p><\/li><\/ul><hr class=\"\" data-start=\"710\" data-end=\"713\" \/><h3 class=\"\" data-start=\"715\" data-end=\"747\"><strong data-start=\"719\" data-end=\"747\">2. Itinerario y cambios<\/strong><\/h3><ul data-start=\"748\" data-end=\"1163\"><li class=\"\" data-start=\"748\" data-end=\"900\"><p class=\"\" data-start=\"750\" data-end=\"900\">Los itinerarios son precisos al momento de su publicaci\u00f3n pero pueden sufrir ligeras alteraciones para su mejora o debido a factores externos fuera de nuestro control.<\/p><\/li><li class=\"\" data-start=\"901\" data-end=\"1025\"><p class=\"\" data-start=\"903\" data-end=\"1025\">Si un servicio o actividad espec\u00edfica no puede proporcionarse seg\u00fan lo establecido, se ofrecer\u00e1n alternativas adecuadas siempre que sea posible.<\/p><\/li><li class=\"\" data-start=\"1026\" data-end=\"1163\"><p class=\"\" data-start=\"1028\" data-end=\"1163\">Pueden ocurrir cambios en los itinerarios debido a condiciones estacionales, fen\u00f3menos clim\u00e1ticos extremos, desastres naturales o requisitos de reservas de conservaci\u00f3n.<\/p><\/li><\/ul><hr class=\"\" data-start=\"1165\" data-end=\"1168\" \/><h3 class=\"\" data-start=\"1170\" data-end=\"1201\"><strong data-start=\"1174\" data-end=\"1201\">3. Precios y validez<\/strong><\/h3><ul data-start=\"1202\" data-end=\"1331\"><li class=\"\" data-start=\"1202\" data-end=\"1262\"><p class=\"\" data-start=\"1204\" data-end=\"1262\">Los precios se expresan en AED (d\u00edrhams de los Emiratos \u00c1rabes Unidos).<\/p><\/li><li class=\"\" data-start=\"1263\" data-end=\"1331\"><p class=\"\" data-start=\"1265\" data-end=\"1331\">La empresa se reserva el derecho de modificar los precios a su discreci\u00f3n.<\/p><\/li><\/ul><hr class=\"\" data-start=\"1333\" data-end=\"1336\" \/><h3 class=\"\" data-start=\"1338\" data-end=\"1365\"><strong data-start=\"1342\" data-end=\"1365\">4. Seguro de viaje<\/strong><\/h3><ul data-start=\"1366\" data-end=\"1603\"><li class=\"\" data-start=\"1366\" data-end=\"1506\"><p class=\"\" data-start=\"1368\" data-end=\"1506\">Recomendamos encarecidamente obtener un seguro de viaje adecuado que cubra circunstancias imprevistas que impidan la participaci\u00f3n en los tours programados.<\/p><\/li><li class=\"\" data-start=\"1507\" data-end=\"1603\"><p class=\"\" data-start=\"1509\" data-end=\"1603\">Si lo solicita, le ayudaremos a proporcionar la documentaci\u00f3n necesaria a su compa\u00f1\u00eda de seguros.<\/p><\/li><\/ul><hr class=\"\" data-start=\"1605\" data-end=\"1608\" \/><h3 class=\"\" data-start=\"1610\" data-end=\"1648\"><strong data-start=\"1614\" data-end=\"1648\">5. Clima y operaciones tur\u00edsticas<\/strong><\/h3><ul data-start=\"1649\" data-end=\"1870\"><li class=\"\" data-start=\"1649\" data-end=\"1742\"><p class=\"\" data-start=\"1651\" data-end=\"1742\">En caso de mal tiempo, se ofrecer\u00e1 un reembolso completo o una fecha de reserva alternativa.<\/p><\/li><li class=\"\" data-start=\"1743\" data-end=\"1870\"><p class=\"\" data-start=\"1745\" data-end=\"1870\">No se proporcionan reembolsos por demoras, reducciones o alteraciones razonables debido a las condiciones clim\u00e1ticas o fallas mec\u00e1nicas.<\/p><\/li><\/ul><hr class=\"\" data-start=\"2105\" data-end=\"2108\" \/><h3 class=\"\" data-start=\"2110\" data-end=\"2140\"><strong data-start=\"2114\" data-end=\"2140\">6. Reconocimiento de riesgos<\/strong><\/h3><ul data-start=\"2141\" data-end=\"2292\"><li class=\"\" data-start=\"2141\" data-end=\"2292\"><p class=\"\" data-start=\"2143\" data-end=\"2292\">Los participantes reconocen los riesgos inherentes a las actividades y son responsables de su seguridad, acordando cumplir con las instrucciones de seguridad proporcionadas.<\/p><\/li><\/ul><hr class=\"\" data-start=\"2294\" data-end=\"2297\" \/><h3 class=\"\" data-start=\"2299\" data-end=\"2337\"><strong data-start=\"2303\" data-end=\"2337\">7. Requisitos de edad y salud<\/strong><\/h3><ul data-start=\"2338\" data-end=\"2658\"><li class=\"\" data-start=\"2338\" data-end=\"2406\"><p class=\"\" data-start=\"2340\" data-end=\"2406\">No se permiten ni\u00f1os menores de 5 a\u00f1os en veh\u00edculos compartidos.<\/p><\/li><li class=\"\" data-start=\"2407\" data-end=\"2511\"><p class=\"\" data-start=\"2409\" data-end=\"2511\">Se pueden realizar arreglos espec\u00edficos para ni\u00f1os de 12 meses a 5 a\u00f1os en un veh\u00edculo privado.<\/p><\/li><li class=\"\" data-start=\"2512\" data-end=\"2658\"><p class=\"\" data-start=\"2514\" data-end=\"2658\">Algunas actividades tienen restricciones de edad y se recomienda a las embarazadas no realizar determinadas experiencias, especialmente durante las \u00faltimas etapas del embarazo.<\/p><\/li><\/ul><hr class=\"\" data-start=\"2660\" data-end=\"2663\" \/><h3 class=\"\" data-start=\"2665\" data-end=\"2695\"><strong data-start=\"2669\" data-end=\"2695\">8. Preferencias diet\u00e9ticas<\/strong><\/h3><ul data-start=\"2696\" data-end=\"2797\"><li class=\"\" data-start=\"2696\" data-end=\"2797\"><p class=\"\" data-start=\"2698\" data-end=\"2797\">Atendemos todas las necesidades diet\u00e9ticas; inf\u00f3rmenos de cualquier requisito diet\u00e9tico en el momento de la reserva.<\/p><\/li><\/ul><hr class=\"\" data-start=\"2799\" data-end=\"2802\" \/><h3 class=\"\" data-start=\"2804\" data-end=\"2846\"><strong data-start=\"2808\" data-end=\"2846\">9. Fumar, alcohol y comportamiento<\/strong><\/h3><ul data-start=\"2847\" data-end=\"3111\"><li class=\"\" data-start=\"2847\" data-end=\"2894\"><p class=\"\" data-start=\"2849\" data-end=\"2894\">Est\u00e1 prohibido fumar dentro de los veh\u00edculos tur\u00edsticos.<\/p><\/li><li class=\"\" data-start=\"2895\" data-end=\"2961\"><p class=\"\" data-start=\"2897\" data-end=\"2961\">Llevar alcohol en veh\u00edculos tur\u00edsticos es ilegal seg\u00fan la ley de los EAU.<\/p><\/li><li class=\"\" data-start=\"2962\" data-end=\"3111\"><p class=\"\" data-start=\"2964\" data-end=\"3111\">La empresa se reserva el derecho de rechazar el servicio a personas que muestren un comportamiento perjudicial para el disfrute del grupo o representen una amenaza para la seguridad.<\/p><\/li><\/ul><hr class=\"\" data-start=\"3113\" data-end=\"3116\" \/><h3 class=\"\" data-start=\"3118\" data-end=\"3150\"><strong data-start=\"3122\" data-end=\"3150\">10. Pagos y disputas<\/strong><\/h3><ul data-start=\"3151\" data-end=\"3374\"><li class=\"\" data-start=\"3151\" data-end=\"3215\"><p class=\"\" data-start=\"3153\" data-end=\"3215\">Se aceptan pagos en l\u00ednea a trav\u00e9s de Visa y MasterCard en AED.<\/p><\/li><li class=\"\" data-start=\"3216\" data-end=\"3275\"><p class=\"\" data-start=\"3218\" data-end=\"3275\">Los reembolsos se procesan a trav\u00e9s del modo de pago original.<\/p><\/li><li class=\"\" data-start=\"3276\" data-end=\"3374\"><p class=\"\" data-start=\"3278\" data-end=\"3374\">Cualquier disputa que surja o est\u00e9 relacionada con este sitio web se regir\u00e1 por las leyes de los EAU.<\/p><\/li><\/ul><hr class=\"\" data-start=\"3376\" data-end=\"3379\" \/><h3 class=\"\" data-start=\"3381\" data-end=\"3409\"><strong data-start=\"3385\" data-end=\"3409\">11. Uso de la tecnolog\u00eda<\/strong><\/h3><ul data-start=\"3410\" data-end=\"3692\"><li class=\"\" data-start=\"3410\" data-end=\"3507\"><p class=\"\" data-start=\"3412\" data-end=\"3507\">Los veh\u00edculos pueden estar equipados con tecnolog\u00eda de c\u00e1mara de tablero para fines legales, de seguros y de capacitaci\u00f3n.<\/p><\/li><li class=\"\" data-start=\"3508\" data-end=\"3692\"><p class=\"\" data-start=\"3510\" data-end=\"3692\">Los drones est\u00e1n prohibidos durante los espect\u00e1culos regulares de halcones a menos que 57 Heritage Tourism LLC y la Autoridad de Aviaci\u00f3n Civil General de los EAU (GCAA) aprueben previamente circunstancias especiales.<\/p><\/li><\/ul><hr class=\"\" data-start=\"3694\" data-end=\"3697\" \/><h3 class=\"\" data-start=\"3699\" data-end=\"3739\"><strong data-start=\"3703\" data-end=\"3739\">12. Fotograf\u00eda y derechos de imagen<\/strong><\/h3><ul data-start=\"3740\" data-end=\"3903\"><li class=\"\" data-start=\"3740\" data-end=\"3903\"><p class=\"\" data-start=\"3742\" data-end=\"3903\">Los participantes aceptan la posible captura de sus im\u00e1genes, otorgando a la empresa una licencia perpetua y libre de regal\u00edas para utilizar estas im\u00e1genes con fines promocionales.<\/p><\/li><\/ul><hr class=\"\" data-start=\"3905\" data-end=\"3908\" \/><h3 class=\"\" data-start=\"3910\" data-end=\"3950\"><strong data-start=\"3914\" data-end=\"3950\">13. Pol\u00edtica de cancelaci\u00f3n y reembolso<\/strong><\/h3><p class=\"\" data-start=\"3952\" data-end=\"3982\"><strong data-start=\"3952\" data-end=\"3980\">Elegibilidad para reembolso total:<\/strong><\/p><ul data-start=\"3983\" data-end=\"4088\"><li class=\"\" data-start=\"3983\" data-end=\"4088\"><p class=\"\" data-start=\"3985\" data-end=\"4088\">Las cancelaciones o modificaciones realizadas al menos 48 horas antes de la salida del tour califican para un reembolso completo.<\/p><\/li><\/ul><p class=\"\" data-start=\"4090\" data-end=\"4111\"><strong data-start=\"4090\" data-end=\"4109\">No reembolsable:<\/strong><\/p><ul data-start=\"4112\" data-end=\"4307\"><li class=\"\" data-start=\"4112\" data-end=\"4203\"><p class=\"\" data-start=\"4114\" data-end=\"4203\">Las cancelaciones realizadas dentro de las 48 horas previas a la salida del tour no son elegibles para reembolso.<\/p><\/li><li class=\"\" data-start=\"4204\" data-end=\"4307\"><p class=\"\" data-start=\"4206\" data-end=\"4307\">No unirse al tour, unirse despu\u00e9s de la salida o abandonar antes de su finalizaci\u00f3n anular\u00e1 cualquier reembolso.<\/p><\/li><\/ul><p class=\"\" data-start=\"4309\" data-end=\"4346\"><strong data-start=\"4309\" data-end=\"4344\">Retrasos clim\u00e1ticos y operativos:<\/strong><\/p><ul data-start=\"4347\" data-end=\"4591\"><li class=\"\" data-start=\"4347\" data-end=\"4457\"><p class=\"\" data-start=\"4349\" data-end=\"4457\">En caso de mal tiempo, a los hu\u00e9spedes se les ofrecer\u00e1 un reembolso completo o una fecha de reserva alternativa.<\/p><\/li><li class=\"\" data-start=\"4458\" data-end=\"4591\"><p class=\"\" data-start=\"4460\" data-end=\"4591\">No se proporcionan reembolsos por demoras, reducciones o cambios razonables en un viaje debido a las condiciones clim\u00e1ticas o fallas mec\u00e1nicas.<\/p><\/li><\/ul><p class=\"\" data-start=\"4816\" data-end=\"4852\"><strong data-start=\"4816\" data-end=\"4850\">Procesamiento de pagos y reembolsos:<\/strong><\/p><ul data-start=\"4853\" data-end=\"5098\"><li class=\"\" data-start=\"4853\" data-end=\"4917\"><p class=\"\" data-start=\"4855\" data-end=\"4917\">Se aceptan pagos en l\u00ednea a trav\u00e9s de Visa y MasterCard en AED.<\/p><\/li><li class=\"\" data-start=\"4918\" data-end=\"4981\"><p class=\"\" data-start=\"4920\" data-end=\"4981\">Los reembolsos se procesan a trav\u00e9s del modo de pago original.<\/p><\/li><li class=\"\" data-start=\"4982\" data-end=\"5098\"><p class=\"\" data-start=\"4984\" data-end=\"5098\">Los reembolsos por pagos realizados a trav\u00e9s de pasarelas de pago en l\u00ednea se procesar\u00e1n menos las tarifas de transacci\u00f3n aplicables.<\/p><\/li><\/ul><p class=\"\" data-start=\"5100\" data-end=\"5120\"><strong data-start=\"5100\" data-end=\"5118\">Ley aplicable:<\/strong><\/p><ul data-start=\"5121\" data-end=\"5219\"><li class=\"\" data-start=\"5121\" data-end=\"5219\"><p class=\"\" data-start=\"5123\" data-end=\"5219\">Cualquier disputa que surja o est\u00e9 relacionada con este sitio web se regir\u00e1 por las leyes de los EAU.<\/p><\/li><\/ul><hr class=\"\" data-start=\"5221\" data-end=\"5224\" \/><h3 class=\"\" data-start=\"5226\" data-end=\"5260\"><strong data-start=\"5230\" data-end=\"5260\">14. Buggies y quads<\/strong><\/h3><p class=\"\" data-start=\"5262\" data-end=\"5286\"><strong data-start=\"5262\" data-end=\"5284\">Elegibilidad del conductor<\/strong><\/p><ul data-start=\"5287\" data-end=\"5449\"><li class=\"\" data-start=\"5287\" data-end=\"5363\"><p class=\"\" data-start=\"5289\" data-end=\"5363\">Los conductores deben tener al menos 18 a\u00f1os y poseer una licencia de conducir v\u00e1lida.<\/p><\/li><li class=\"\" data-start=\"5364\" data-end=\"5449\"><p class=\"\" data-start=\"5366\" data-end=\"5449\">Los pasajeros deben tener al menos 10 a\u00f1os y estar acompa\u00f1ados por un adulto si son menores de 18 a\u00f1os.<\/p><\/li><\/ul><p class=\"\" data-start=\"5451\" data-end=\"5472\"><strong data-start=\"5451\" data-end=\"5470\">Salud y seguridad<\/strong><\/p><ul data-start=\"5473\" data-end=\"5687\"><li class=\"\" data-start=\"5473\" data-end=\"5596\"><p class=\"\" data-start=\"5475\" data-end=\"5596\">Estas actividades no se recomiendan para mujeres embarazadas o personas con problemas de espalda, cuello o afecciones m\u00e9dicas graves.<\/p><\/li><li class=\"\" data-start=\"5597\" data-end=\"5687\"><p class=\"\" data-start=\"5599\" data-end=\"5687\">Todos los participantes deben usar cascos y equipo de protecci\u00f3n proporcionado durante la experiencia.<\/p><\/li><\/ul><p class=\"\" data-start=\"5689\" data-end=\"5721\"><strong data-start=\"5689\" data-end=\"5719\">Conducta y responsabilidad<\/strong><\/p><ul data-start=\"5722\" data-end=\"6003\"><li class=\"\" data-start=\"5722\" data-end=\"5828\"><p class=\"\" data-start=\"5724\" data-end=\"5828\">Est\u00e1 estrictamente prohibido conducir de forma imprudente, fuera de pista, derrapar o desobedecer las instrucciones del gu\u00eda.<\/p><\/li><li class=\"\" data-start=\"5829\" data-end=\"5918\"><p class=\"\" data-start=\"5831\" data-end=\"5918\">Los participantes deben seguir todas las instrucciones y charlas de seguridad proporcionadas por el gu\u00eda.<\/p><\/li><li class=\"\" data-start=\"5919\" data-end=\"6003\"><p class=\"\" data-start=\"5921\" data-end=\"6003\">Los hu\u00e9spedes son responsables de cualquier da\u00f1o causado a los veh\u00edculos debido a negligencia o mal uso.<\/p><\/li><\/ul><p class=\"\" data-start=\"6005\" data-end=\"6024\"><strong data-start=\"6005\" data-end=\"6022\">Uso de sustancias<\/strong><\/p><ul data-start=\"6025\" data-end=\"6218\"><li class=\"\" data-start=\"6025\" data-end=\"6126\"><p class=\"\" data-start=\"6027\" data-end=\"6126\">El uso de alcohol o cualquier sustancia ilegal antes o durante la actividad est\u00e1 estrictamente prohibido.<\/p><\/li><li class=\"\" data-start=\"6127\" data-end=\"6218\"><p class=\"\" data-start=\"6129\" data-end=\"6218\">A los invitados que se sospeche que est\u00e1n bajo la influencia de alguna sustancia se les negar\u00e1 la participaci\u00f3n sin reembolso.<\/p><\/li><\/ul><p class=\"\" data-start=\"6220\" data-end=\"6260\"><strong data-start=\"6220\" data-end=\"6258\">Condiciones meteorol\u00f3gicas y operativas<\/strong><\/p><ul data-start=\"6261\" data-end=\"6478\"><li class=\"\" data-start=\"6261\" data-end=\"6398\"><p class=\"\" data-start=\"6263\" data-end=\"6398\">En caso de condiciones clim\u00e1ticas extremas o circunstancias imprevistas, la experiencia puede reprogramarse o cancelarse en aras de la seguridad.<\/p><\/li><li class=\"\" data-start=\"6399\" data-end=\"6478\"><p class=\"\" data-start=\"6401\" data-end=\"6478\">En tales casos, a los hu\u00e9spedes se les ofrecer\u00e1 un reembolso completo o una fecha alternativa.<\/p><\/li><\/ul><p class=\"\" data-start=\"6480\" data-end=\"6508\"><strong data-start=\"6480\" data-end=\"6506\">Reconocimiento de riesgos<\/strong><\/p><ul data-start=\"6509\" data-end=\"6711\"><li class=\"\" data-start=\"6509\" data-end=\"6633\"><p class=\"\" data-start=\"6511\" data-end=\"6633\">Los hu\u00e9spedes comprenden que las actividades en buggies y quads conllevan riesgos inherentes y aceptan participar bajo su propio riesgo.<\/p><\/li><li class=\"\" data-start=\"6634\" data-end=\"6711\"><p class=\"\" data-start=\"6636\" data-end=\"6711\">Es posible que se requiera firmar una exenci\u00f3n de responsabilidad antes de que comience la actividad.<\/p><\/li><\/ul><hr class=\"\" data-start=\"6713\" data-end=\"6716\" \/><p class=\"\" data-start=\"6718\" data-end=\"6853\"><strong data-start=\"6718\" data-end=\"6777\">Para cualquier consulta o aclaraci\u00f3n, por favor, p\u00f3ngase en contacto con nosotros en<\/strong> <a rel=\"noopener\" data-start=\"6778\" data-end=\"6823\">info@57safari.com<\/a> <strong data-start=\"6824\" data-end=\"6835\">o llamar<\/strong> +971 52 334 4891.<\/p>\t\t\t\t\t\t\t\t<\/div>\n\t\t\t\t\t<\/div>\n\t\t\t\t<\/div>\n\t\t\t\t<\/div>","protected":false},"excerpt":{"rendered":"<p>1. Informaci\u00f3n general. 57 Heritage Tourism LLC tiene su domicilio en los Emiratos \u00c1rabes Unidos y todos sus servicios se rigen por las leyes de los EAU. Nuestros servicios no se prestar\u00e1n a pa\u00edses sancionados por la OFAC. Los menores de 18 a\u00f1os no pueden registrarse como usuarios ni realizar transacciones en este sitio web. Los titulares de tarjetas deben conservar copias de sus [\u2026]<\/p>","protected":false},"author":8,"featured_media":0,"parent":0,"menu_order":0,"comment_status":"closed","ping_status":"closed","template":"","meta":{"_acf_changed":false,"iawp_total_views":3,"footnotes":""},"class_list":["post-924","page","type-page","status-publish","hentry"],"acf":[],"_links":{"self":[{"href":"https:\/\/57safari.com\/es\/wp-json\/wp\/v2\/pages\/924","targetHints":{"allow":["GET"]}}],"collection":[{"href":"https:\/\/57safari.com\/es\/wp-json\/wp\/v2\/pages"}],"about":[{"href":"https:\/\/57safari.com\/es\/wp-json\/wp\/v2\/types\/page"}],"author":[{"embeddable":true,"href":"https:\/\/57safari.com\/es\/wp-json\/wp\/v2\/users\/8"}],"replies":[{"embeddable":true,"href":"https:\/\/57safari.com\/es\/wp-json\/wp\/v2\/comments?post=924"}],"version-history":[{"count":0,"href":"https:\/\/57safari.com\/es\/wp-json\/wp\/v2\/pages\/924\/revisions"}],"wp:attachment":[{"href":"https:\/\/57safari.com\/es\/wp-json\/wp\/v2\/media?parent=924"}],"curies":[{"name":"gracias","href":"https:\/\/api.w.org\/{rel}","templated":true}]}}