{"id":11334,"date":"2025-04-23T17:30:56","date_gmt":"2025-04-23T13:30:56","guid":{"rendered":"https:\/\/57safari.com\/?page_id=11334"},"modified":"2025-04-23T17:47:23","modified_gmt":"2025-04-23T13:47:23","slug":"review","status":"publish","type":"page","link":"https:\/\/57safari.com\/fr\/review\/","title":{"rendered":"Revoir"},"content":{"rendered":"<div data-elementor-type=\"wp-page\" data-elementor-id=\"11334\" class=\"elementor elementor-11334\" data-elementor-post-type=\"page\">\n\t\t\t\t<div class=\"elementor-element elementor-element-05b5562 e-flex e-con-boxed e-con e-parent\" data-id=\"05b5562\" data-element_type=\"container\" data-e-type=\"container\">\n\t\t\t\t\t<div class=\"e-con-inner\">\n\t\t\t\t<div class=\"elementor-element elementor-element-c199ef3 elementor-widget elementor-widget-heading\" data-id=\"c199ef3\" data-element_type=\"widget\" data-e-type=\"widget\" data-widget_type=\"heading.default\">\n\t\t\t\t\t<h1 class=\"elementor-heading-title elementor-size-default\">Laissez-nous un avis<\/h1>\t\t\t\t<\/div>\n\t\t\t\t<div class=\"elementor-element elementor-element-aada4c9 elementor-widget elementor-widget-heading\" data-id=\"aada4c9\" data-element_type=\"widget\" data-e-type=\"widget\" data-widget_type=\"heading.default\">\n\t\t\t\t\t<div class=\"elementor-heading-title elementor-size-default\">Vous avez appr\u00e9ci\u00e9 votre exp\u00e9rience\u00a0? Vos commentaires nous int\u00e9ressent\u00a0!<\/div>\t\t\t\t<\/div>\n\t\t\t\t<div class=\"elementor-element elementor-element-f5d863c elementor-widget elementor-widget-text-editor\" data-id=\"f5d863c\" data-element_type=\"widget\" data-e-type=\"widget\" data-widget_type=\"text-editor.default\">\n\t\t\t\t\t\t\t\t\t<p>Cliquez sur l\u2019un des liens ci-dessous pour \u00e9valuer votre aventure.<\/p>\t\t\t\t\t\t\t\t<\/div>\n\t\t<div class=\"elementor-element elementor-element-5d61dd9 e-con-full e-grid e-con e-child\" data-id=\"5d61dd9\" data-element_type=\"container\" data-e-type=\"container\">\n\t\t\t\t<div class=\"elementor-element elementor-element-9e6b1cf elementor-position-top elementor-widget elementor-widget-image-box\" data-id=\"9e6b1cf\" data-element_type=\"widget\" data-e-type=\"widget\" data-widget_type=\"image-box.default\">\n\t\t\t\t\t<div class=\"elementor-image-box-wrapper\"><figure class=\"elementor-image-box-img\"><a href=\"https:\/\/www.tripadvisor.com\/UserReviewEdit-g295424-d25379293-57_Safari-Dubai_Emirate_of_Dubai.html\" tabindex=\"-1\" target=\"_blank\" rel=\"noopener\"><img fetchpriority=\"high\" decoding=\"async\" width=\"512\" height=\"512\" src=\"https:\/\/57safari.com\/wp-content\/uploads\/2024\/11\/Tripadvisor_Logo_circle-green_RGB-01.webp\" class=\"attachment-full size-full wp-image-9536\" alt=\"\" title=\"\" srcset=\"https:\/\/57safari.com\/wp-content\/uploads\/2024\/11\/Tripadvisor_Logo_circle-green_RGB-01.webp 512w, https:\/\/57safari.com\/wp-content\/uploads\/2024\/11\/Tripadvisor_Logo_circle-green_RGB-01-300x300.webp 300w, https:\/\/57safari.com\/wp-content\/uploads\/2024\/11\/Tripadvisor_Logo_circle-green_RGB-01-150x150.webp 150w, https:\/\/57safari.com\/wp-content\/uploads\/2024\/11\/Tripadvisor_Logo_circle-green_RGB-01-100x100.webp 100w\" sizes=\"(max-width: 512px) 100vw, 512px\" \/><\/a><\/figure><div class=\"elementor-image-box-content\"><div class=\"elementor-image-box-title\"><a href=\"https:\/\/www.tripadvisor.com\/UserReviewEdit-g295424-d25379293-57_Safari-Dubai_Emirate_of_Dubai.html\" target=\"_blank\" rel=\"noopener\">TripAdvisor<\/a><\/div><\/div><\/div>\t\t\t\t<\/div>\n\t\t\t\t<div class=\"elementor-element elementor-element-5a48370 elementor-position-top elementor-widget elementor-widget-image-box\" data-id=\"5a48370\" data-element_type=\"widget\" data-e-type=\"widget\" data-widget_type=\"image-box.default\">\n\t\t\t\t\t<div class=\"elementor-image-box-wrapper\"><figure class=\"elementor-image-box-img\"><a href=\"https:\/\/www.klook.com\/activity\/88940-luxury-desert-safari-57-safari-dubai\/\" tabindex=\"-1\" target=\"_blank\" rel=\"noopener\"><img decoding=\"async\" width=\"512\" height=\"512\" src=\"https:\/\/57safari.com\/wp-content\/uploads\/2024\/11\/Klook-Logo.webp\" class=\"attachment-full size-full wp-image-9541\" alt=\"\" title=\"\" srcset=\"https:\/\/57safari.com\/wp-content\/uploads\/2024\/11\/Klook-Logo.webp 512w, https:\/\/57safari.com\/wp-content\/uploads\/2024\/11\/Klook-Logo-300x300.webp 300w, https:\/\/57safari.com\/wp-content\/uploads\/2024\/11\/Klook-Logo-150x150.webp 150w, https:\/\/57safari.com\/wp-content\/uploads\/2024\/11\/Klook-Logo-100x100.webp 100w\" sizes=\"(max-width: 512px) 100vw, 512px\" \/><\/a><\/figure><div class=\"elementor-image-box-content\"><div class=\"elementor-image-box-title\"><a href=\"https:\/\/www.klook.com\/activity\/88940-luxury-desert-safari-57-safari-dubai\/\" target=\"_blank\" rel=\"noopener\">Klook<\/a><\/div><\/div><\/div>\t\t\t\t<\/div>\n\t\t\t\t<div class=\"elementor-element elementor-element-8edd73e elementor-position-top elementor-widget elementor-widget-image-box\" data-id=\"8edd73e\" data-element_type=\"widget\" data-e-type=\"widget\" data-widget_type=\"image-box.default\">\n\t\t\t\t\t<div class=\"elementor-image-box-wrapper\"><figure class=\"elementor-image-box-img\"><a href=\"https:\/\/g.page\/r\/CfCRMED08qXlEAE\/review\" tabindex=\"-1\"><img decoding=\"async\" width=\"512\" height=\"512\" src=\"https:\/\/57safari.com\/wp-content\/uploads\/2024\/11\/logo_Google_FullColor_3x_830x271px.original.webp\" class=\"attachment-full size-full wp-image-9538\" alt=\"\" title=\"\" srcset=\"https:\/\/57safari.com\/wp-content\/uploads\/2024\/11\/logo_Google_FullColor_3x_830x271px.original.webp 512w, https:\/\/57safari.com\/wp-content\/uploads\/2024\/11\/logo_Google_FullColor_3x_830x271px.original-300x300.webp 300w, https:\/\/57safari.com\/wp-content\/uploads\/2024\/11\/logo_Google_FullColor_3x_830x271px.original-150x150.webp 150w, https:\/\/57safari.com\/wp-content\/uploads\/2024\/11\/logo_Google_FullColor_3x_830x271px.original-100x100.webp 100w\" sizes=\"(max-width: 512px) 100vw, 512px\" \/><\/a><\/figure><div class=\"elementor-image-box-content\"><div class=\"elementor-image-box-title\"><a href=\"https:\/\/g.page\/r\/CfCRMED08qXlEAE\/review\">Google<\/a><\/div><\/div><\/div>\t\t\t\t<\/div>\n\t\t\t\t<\/div>\n\t\t\t\t\t<\/div>\n\t\t\t\t<\/div>\n\t\t\t\t<\/div>","protected":false},"excerpt":{"rendered":"<p>Laissez-nous un avis. Vous avez appr\u00e9ci\u00e9 votre exp\u00e9rience\u00a0? Nous aimerions conna\u00eetre votre avis\u00a0! Cliquez sur l&#039;un des liens ci-dessous pour \u00e9valuer votre aventure. TripAdvisor Klook Google<\/p>","protected":false},"author":8,"featured_media":0,"parent":0,"menu_order":0,"comment_status":"closed","ping_status":"closed","template":"","meta":{"_acf_changed":false,"iawp_total_views":26,"footnotes":""},"class_list":["post-11334","page","type-page","status-publish","hentry"],"acf":[],"_links":{"self":[{"href":"https:\/\/57safari.com\/fr\/wp-json\/wp\/v2\/pages\/11334","targetHints":{"allow":["GET"]}}],"collection":[{"href":"https:\/\/57safari.com\/fr\/wp-json\/wp\/v2\/pages"}],"about":[{"href":"https:\/\/57safari.com\/fr\/wp-json\/wp\/v2\/types\/page"}],"author":[{"embeddable":true,"href":"https:\/\/57safari.com\/fr\/wp-json\/wp\/v2\/users\/8"}],"replies":[{"embeddable":true,"href":"https:\/\/57safari.com\/fr\/wp-json\/wp\/v2\/comments?post=11334"}],"version-history":[{"count":0,"href":"https:\/\/57safari.com\/fr\/wp-json\/wp\/v2\/pages\/11334\/revisions"}],"wp:attachment":[{"href":"https:\/\/57safari.com\/fr\/wp-json\/wp\/v2\/media?parent=11334"}],"curies":[{"name":"wp","href":"https:\/\/api.w.org\/{rel}","templated":true}]}}