{"id":11359,"date":"2025-04-27T18:04:35","date_gmt":"2025-04-27T14:04:35","guid":{"rendered":"https:\/\/57safari.com\/?page_id=11359"},"modified":"2025-05-15T05:25:18","modified_gmt":"2025-05-15T01:25:18","slug":"57-safari-creator-pass","status":"publish","type":"page","link":"https:\/\/57safari.com\/fr\/57-safari-creator-pass\/","title":{"rendered":"57 Safari Creator Pass"},"content":{"rendered":"<div data-elementor-type=\"wp-page\" data-elementor-id=\"11359\" class=\"elementor elementor-11359\" data-elementor-post-type=\"page\">\n\t\t\t\t<div class=\"elementor-element elementor-element-e2a3def e-flex e-con-boxed e-con e-parent\" data-id=\"e2a3def\" data-element_type=\"container\" data-e-type=\"container\" data-settings=\"{&quot;background_background&quot;:&quot;classic&quot;}\">\n\t\t\t\t\t<div class=\"e-con-inner\">\n\t\t\t\t<div class=\"elementor-element elementor-element-5abdc6f elementor-widget elementor-widget-heading\" data-id=\"5abdc6f\" data-element_type=\"widget\" data-e-type=\"widget\" data-widget_type=\"heading.default\">\n\t\t\t\t\t<h1 class=\"elementor-heading-title elementor-size-default\">57 Safari Creator Pass<\/h1>\t\t\t\t<\/div>\n\t\t\t\t<div class=\"elementor-element elementor-element-5d9367f elementor-widget elementor-widget-text-editor\" data-id=\"5d9367f\" data-element_type=\"widget\" data-e-type=\"widget\" data-widget_type=\"text-editor.default\">\n\t\t\t\t\t\t\t\t\t<p>Vivez les aventures de luxe les plus authentiques dans le d\u00e9sert de Duba\u00ef et gagnez des r\u00e9compenses exclusives en partageant l&#039;histoire.<\/p>\t\t\t\t\t\t\t\t<\/div>\n\t\t\t\t<div class=\"elementor-element elementor-element-4bbe916 elementor-align-center elementor-widget elementor-widget-button\" data-id=\"4bbe916\" data-element_type=\"widget\" data-e-type=\"widget\" data-widget_type=\"button.default\">\n\t\t\t\t\t\t\t\t\t\t<a class=\"elementor-button elementor-button-link elementor-size-sm\" href=\"#apply\">\n\t\t\t\t\t\t<span class=\"elementor-button-content-wrapper\">\n\t\t\t\t\t\t\t\t\t<span class=\"elementor-button-text\">Postulez pour devenir un cr\u00e9ateur de 57 Safari<\/span>\n\t\t\t\t\t<\/span>\n\t\t\t\t\t<\/a>\n\t\t\t\t\t\t\t\t<\/div>\n\t\t\t\t\t<\/div>\n\t\t\t\t<\/div>\n\t\t<div class=\"elementor-element elementor-element-5c529a4 e-flex e-con-boxed e-con e-parent\" data-id=\"5c529a4\" data-element_type=\"container\" data-e-type=\"container\">\n\t\t\t\t\t<div class=\"e-con-inner\">\n\t\t\t\t<div class=\"elementor-element elementor-element-4168825 elementor-widget elementor-widget-heading\" data-id=\"4168825\" data-element_type=\"widget\" data-e-type=\"widget\" data-widget_type=\"heading.default\">\n\t\t\t\t\t<h2 class=\"elementor-heading-title elementor-size-default\">Devenez un cr\u00e9ateur de 57 Safari<\/h2>\t\t\t\t<\/div>\n\t\t\t\t<div class=\"elementor-element elementor-element-9716249 elementor-widget elementor-widget-text-editor\" data-id=\"9716249\" data-element_type=\"widget\" data-e-type=\"widget\" data-widget_type=\"text-editor.default\">\n\t\t\t\t\t\t\t\t\t<p>Rejoignez une communaut\u00e9 d&#039;\u00e9lite de cr\u00e9ateurs qui partagent la beaut\u00e9 du d\u00e9sert de Duba\u00ef \u00e0 travers un contenu \u00e9poustouflant.<br data-start=\"612\" data-end=\"615\" \/>Avec un acc\u00e8s illimit\u00e9 au 57 Safari Camp pour vous et un invit\u00e9, et la possibilit\u00e9 de d\u00e9bloquer des r\u00e9compenses sp\u00e9ciales, le Creator Pass est votre ticket pour des exp\u00e9riences inoubliables.<\/p>\t\t\t\t\t\t\t\t<\/div>\n\t\t\t\t\t<\/div>\n\t\t\t\t<\/div>\n\t\t<div class=\"elementor-element elementor-element-cf1b9ee e-flex e-con-boxed e-con e-parent\" data-id=\"cf1b9ee\" data-element_type=\"container\" data-e-type=\"container\">\n\t\t\t\t\t<div class=\"e-con-inner\">\n\t\t<div class=\"elementor-element elementor-element-8cb7ca6 e-con-full e-flex e-con e-child\" data-id=\"8cb7ca6\" data-element_type=\"container\" data-e-type=\"container\" data-settings=\"{&quot;background_background&quot;:&quot;classic&quot;}\">\n\t\t\t\t<\/div>\n\t\t<div class=\"elementor-element elementor-element-93a827a e-con-full e-flex e-con e-child\" data-id=\"93a827a\" data-element_type=\"container\" data-e-type=\"container\">\n\t\t\t\t<div class=\"elementor-element elementor-element-1d50e3f elementor-widget elementor-widget-heading\" data-id=\"1d50e3f\" data-element_type=\"widget\" data-e-type=\"widget\" data-widget_type=\"heading.default\">\n\t\t\t\t\t<h2 class=\"elementor-heading-title elementor-size-default\">Principaux avantages<\/h2>\t\t\t\t<\/div>\n\t\t\t\t<div class=\"elementor-element elementor-element-4cd2f4a elementor-icon-list--layout-traditional elementor-list-item-link-full_width elementor-widget elementor-widget-icon-list\" data-id=\"4cd2f4a\" data-element_type=\"widget\" data-e-type=\"widget\" data-widget_type=\"icon-list.default\">\n\t\t\t\t\t\t\t<ul class=\"elementor-icon-list-items\">\n\t\t\t\t\t\t\t<li class=\"elementor-icon-list-item\">\n\t\t\t\t\t\t\t\t\t\t\t<span class=\"elementor-icon-list-icon\">\n\t\t\t\t\t\t\t<svg aria-hidden=\"true\" class=\"e-font-icon-svg e-fas-check\" viewbox=\"0 0 512 512\" xmlns=\"http:\/\/www.w3.org\/2000\/svg\"><path d=\"M173.898 439.404l-166.4-166.4c-9.997-9.997-9.997-26.206 0-36.204l36.203-36.204c9.997-9.998 26.207-9.998 36.204 0L192 312.69 432.095 72.596c9.997-9.997 26.207-9.997 36.204 0l36.203 36.204c9.997 9.997 9.997 26.206 0 36.204l-294.4 294.401c-9.998 9.997-26.207 9.997-36.204-.001z\"><\/path><\/svg>\t\t\t\t\t\t<\/span>\n\t\t\t\t\t\t\t\t\t\t<span class=\"elementor-icon-list-text\">Acc\u00e8s illimit\u00e9 au camp (pendant 12 mois)<\/span>\n\t\t\t\t\t\t\t\t\t<\/li>\n\t\t\t\t\t\t\t\t<li class=\"elementor-icon-list-item\">\n\t\t\t\t\t\t\t\t\t\t\t<span class=\"elementor-icon-list-icon\">\n\t\t\t\t\t\t\t<svg aria-hidden=\"true\" class=\"e-font-icon-svg e-fas-check\" viewbox=\"0 0 512 512\" xmlns=\"http:\/\/www.w3.org\/2000\/svg\"><path d=\"M173.898 439.404l-166.4-166.4c-9.997-9.997-9.997-26.206 0-36.204l36.203-36.204c9.997-9.998 26.207-9.998 36.204 0L192 312.69 432.095 72.596c9.997-9.997 26.207-9.997 36.204 0l36.203 36.204c9.997 9.997 9.997 26.206 0 36.204l-294.4 294.401c-9.998 9.997-26.207 9.997-36.204-.001z\"><\/path><\/svg>\t\t\t\t\t\t<\/span>\n\t\t\t\t\t\t\t\t\t\t<span class=\"elementor-icon-list-text\">Invitation personnalis\u00e9e \u00e0 des \u00e9v\u00e9nements r\u00e9serv\u00e9s aux cr\u00e9ateurs<\/span>\n\t\t\t\t\t\t\t\t\t<\/li>\n\t\t\t\t\t\t\t\t<li class=\"elementor-icon-list-item\">\n\t\t\t\t\t\t\t\t\t\t\t<span class=\"elementor-icon-list-icon\">\n\t\t\t\t\t\t\t<svg aria-hidden=\"true\" class=\"e-font-icon-svg e-fas-check\" viewbox=\"0 0 512 512\" xmlns=\"http:\/\/www.w3.org\/2000\/svg\"><path d=\"M173.898 439.404l-166.4-166.4c-9.997-9.997-9.997-26.206 0-36.204l36.203-36.204c9.997-9.998 26.207-9.998 36.204 0L192 312.69 432.095 72.596c9.997-9.997 26.207-9.997 36.204 0l36.203 36.204c9.997 9.997 9.997 26.206 0 36.204l-294.4 294.401c-9.998 9.997-26.207 9.997-36.204-.001z\"><\/path><\/svg>\t\t\t\t\t\t<\/span>\n\t\t\t\t\t\t\t\t\t\t<span class=\"elementor-icon-list-text\">R\u00e9compenses exclusives pour partager vos aventures<\/span>\n\t\t\t\t\t\t\t\t\t<\/li>\n\t\t\t\t\t\t\t\t<li class=\"elementor-icon-list-item\">\n\t\t\t\t\t\t\t\t\t\t\t<span class=\"elementor-icon-list-icon\">\n\t\t\t\t\t\t\t<svg aria-hidden=\"true\" class=\"e-font-icon-svg e-fas-check\" viewbox=\"0 0 512 512\" xmlns=\"http:\/\/www.w3.org\/2000\/svg\"><path d=\"M173.898 439.404l-166.4-166.4c-9.997-9.997-9.997-26.206 0-36.204l36.203-36.204c9.997-9.998 26.207-9.998 36.204 0L192 312.69 432.095 72.596c9.997-9.997 26.207-9.997 36.204 0l36.203 36.204c9.997 9.997 9.997 26.206 0 36.204l-294.4 294.401c-9.998 9.997-26.207 9.997-36.204-.001z\"><\/path><\/svg>\t\t\t\t\t\t<\/span>\n\t\t\t\t\t\t\t\t\t\t<span class=\"elementor-icon-list-text\">Acc\u00e8s prioritaire aux nouvelles activit\u00e9s et exp\u00e9riences<\/span>\n\t\t\t\t\t\t\t\t\t<\/li>\n\t\t\t\t\t\t\t\t<li class=\"elementor-icon-list-item\">\n\t\t\t\t\t\t\t\t\t\t\t<span class=\"elementor-icon-list-icon\">\n\t\t\t\t\t\t\t<svg aria-hidden=\"true\" class=\"e-font-icon-svg e-fas-check\" viewbox=\"0 0 512 512\" xmlns=\"http:\/\/www.w3.org\/2000\/svg\"><path d=\"M173.898 439.404l-166.4-166.4c-9.997-9.997-9.997-26.206 0-36.204l36.203-36.204c9.997-9.998 26.207-9.998 36.204 0L192 312.69 432.095 72.596c9.997-9.997 26.207-9.997 36.204 0l36.203 36.204c9.997 9.997 9.997 26.206 0 36.204l-294.4 294.401c-9.998 9.997-26.207 9.997-36.204-.001z\"><\/path><\/svg>\t\t\t\t\t\t<\/span>\n\t\t\t\t\t\t\t\t\t\t<span class=\"elementor-icon-list-text\">Opportunit\u00e9s en vedette sur @57safaridubai<\/span>\n\t\t\t\t\t\t\t\t\t<\/li>\n\t\t\t\t\t\t<\/ul>\n\t\t\t\t\t\t<\/div>\n\t\t\t\t<\/div>\n\t\t\t\t\t<\/div>\n\t\t\t\t<\/div>\n\t\t<div class=\"elementor-element elementor-element-f53d60f e-flex e-con-boxed e-con e-parent\" data-id=\"f53d60f\" data-element_type=\"container\" data-e-type=\"container\" data-settings=\"{&quot;background_background&quot;:&quot;classic&quot;}\">\n\t\t\t\t\t<div class=\"e-con-inner\">\n\t\t\t\t<div class=\"elementor-element elementor-element-d9c8aef elementor-widget__width-inherit elementor-widget elementor-widget-heading\" data-id=\"d9c8aef\" data-element_type=\"widget\" data-e-type=\"widget\" data-widget_type=\"heading.default\">\n\t\t\t\t\t<h2 class=\"elementor-heading-title elementor-size-default\">Comment \u00e7a marche<\/h2>\t\t\t\t<\/div>\n\t\t<div class=\"elementor-element elementor-element-060bb19 e-con-full e-grid e-con e-child\" data-id=\"060bb19\" data-element_type=\"container\" data-e-type=\"container\">\n\t\t\t\t<div class=\"elementor-element elementor-element-386bde0 elementor-view-default elementor-position-block-start elementor-mobile-position-block-start elementor-widget elementor-widget-icon-box\" data-id=\"386bde0\" data-element_type=\"widget\" data-e-type=\"widget\" data-widget_type=\"icon-box.default\">\n\t\t\t\t\t\t\t<div class=\"elementor-icon-box-wrapper\">\n\n\t\t\t\t\t\t<div class=\"elementor-icon-box-icon\">\n\t\t\t\t<span  class=\"elementor-icon\">\n\t\t\t\t<svg aria-hidden=\"true\" class=\"e-font-icon-svg e-fas-pen-nib\" viewbox=\"0 0 512 512\" xmlns=\"http:\/\/www.w3.org\/2000\/svg\"><path d=\"M136.6 138.79a64.003 64.003 0 0 0-43.31 41.35L0 460l14.69 14.69L164.8 324.58c-2.99-6.26-4.8-13.18-4.8-20.58 0-26.51 21.49-48 48-48s48 21.49 48 48-21.49 48-48 48c-7.4 0-14.32-1.81-20.58-4.8L37.31 497.31 52 512l279.86-93.29a64.003 64.003 0 0 0 41.35-43.31L416 224 288 96l-151.4 42.79zm361.34-64.62l-60.11-60.11c-18.75-18.75-49.16-18.75-67.91 0l-56.55 56.55 128.02 128.02 56.55-56.55c18.75-18.75 18.75-49.15 0-67.91z\"><\/path><\/svg>\t\t\t\t<\/span>\n\t\t\t<\/div>\n\t\t\t\n\t\t\t\t\t\t<div class=\"elementor-icon-box-content\">\n\n\t\t\t\t\t\t\t\t\t<h3 class=\"elementor-icon-box-title\">\n\t\t\t\t\t\t<span  >\n\t\t\t\t\t\t\tPostulez en remplissant le formulaire ci-dessous\t\t\t\t\t\t<\/span>\n\t\t\t\t\t<\/h3>\n\t\t\t\t\n\t\t\t\t\n\t\t\t<\/div>\n\t\t\t\n\t\t<\/div>\n\t\t\t\t\t\t<\/div>\n\t\t\t\t<div class=\"elementor-element elementor-element-4eaff97 elementor-view-default elementor-position-block-start elementor-mobile-position-block-start elementor-widget elementor-widget-icon-box\" data-id=\"4eaff97\" data-element_type=\"widget\" data-e-type=\"widget\" data-widget_type=\"icon-box.default\">\n\t\t\t\t\t\t\t<div class=\"elementor-icon-box-wrapper\">\n\n\t\t\t\t\t\t<div class=\"elementor-icon-box-icon\">\n\t\t\t\t<span  class=\"elementor-icon\">\n\t\t\t\t<svg aria-hidden=\"true\" class=\"e-font-icon-svg e-far-id-card\" viewbox=\"0 0 576 512\" xmlns=\"http:\/\/www.w3.org\/2000\/svg\"><path d=\"M528 32H48C21.5 32 0 53.5 0 80v352c0 26.5 21.5 48 48 48h480c26.5 0 48-21.5 48-48V80c0-26.5-21.5-48-48-48zm0 400H303.2c.9-4.5.8 3.6.8-22.4 0-31.8-30.1-57.6-67.2-57.6-10.8 0-18.7 8-44.8 8-26.9 0-33.4-8-44.8-8-37.1 0-67.2 25.8-67.2 57.6 0 26-.2 17.9.8 22.4H48V144h480v288zm-168-80h112c4.4 0 8-3.6 8-8v-16c0-4.4-3.6-8-8-8H360c-4.4 0-8 3.6-8 8v16c0 4.4 3.6 8 8 8zm0-64h112c4.4 0 8-3.6 8-8v-16c0-4.4-3.6-8-8-8H360c-4.4 0-8 3.6-8 8v16c0 4.4 3.6 8 8 8zm0-64h112c4.4 0 8-3.6 8-8v-16c0-4.4-3.6-8-8-8H360c-4.4 0-8 3.6-8 8v16c0 4.4 3.6 8 8 8zm-168 96c35.3 0 64-28.7 64-64s-28.7-64-64-64-64 28.7-64 64 28.7 64 64 64z\"><\/path><\/svg>\t\t\t\t<\/span>\n\t\t\t<\/div>\n\t\t\t\n\t\t\t\t\t\t<div class=\"elementor-icon-box-content\">\n\n\t\t\t\t\t\t\t\t\t<h3 class=\"elementor-icon-box-title\">\n\t\t\t\t\t\t<span  >\n\t\t\t\t\t\t\tSoyez approuv\u00e9 et recevez votre Creator Pass\t\t\t\t\t\t<\/span>\n\t\t\t\t\t<\/h3>\n\t\t\t\t\n\t\t\t\t\n\t\t\t<\/div>\n\t\t\t\n\t\t<\/div>\n\t\t\t\t\t\t<\/div>\n\t\t\t\t<div class=\"elementor-element elementor-element-c323190 elementor-view-default elementor-position-block-start elementor-mobile-position-block-start elementor-widget elementor-widget-icon-box\" data-id=\"c323190\" data-element_type=\"widget\" data-e-type=\"widget\" data-widget_type=\"icon-box.default\">\n\t\t\t\t\t\t\t<div class=\"elementor-icon-box-wrapper\">\n\n\t\t\t\t\t\t<div class=\"elementor-icon-box-icon\">\n\t\t\t\t<span  class=\"elementor-icon\">\n\t\t\t\t<svg aria-hidden=\"true\" class=\"e-font-icon-svg e-fas-gifts\" viewbox=\"0 0 640 512\" xmlns=\"http:\/\/www.w3.org\/2000\/svg\"><path d=\"M240.6 194.1c1.9-30.8 17.3-61.2 44-79.8C279.4 103.5 268.7 96 256 96h-29.4l30.7-22c7.2-5.1 8.9-15.1 3.7-22.3l-9.3-13c-5.1-7.2-15.1-8.9-22.3-3.7l-32 22.9 11.5-30.6c3.1-8.3-1.1-17.5-9.4-20.6l-15-5.6c-8.3-3.1-17.5 1.1-20.6 9.4l-19.9 53-19.9-53.1C121 2.1 111.8-2.1 103.5 1l-15 5.6C80.2 9.7 76 19 79.2 27.2l11.5 30.6L58.6 35c-7.2-5.1-17.2-3.5-22.3 3.7l-9.3 13c-5.1 7.2-3.5 17.2 3.7 22.3l30.7 22H32c-17.7 0-32 14.3-32 32v352c0 17.7 14.3 32 32 32h168.9c-5.5-9.5-8.9-20.3-8.9-32V256c0-29.9 20.8-55 48.6-61.9zM224 480c0 17.7 14.3 32 32 32h160V384H224v96zm224 32h160c17.7 0 32-14.3 32-32v-96H448v128zm160-288h-20.4c2.6-7.6 4.4-15.5 4.4-23.8 0-35.5-27-72.2-72.1-72.2-48.1 0-75.9 47.7-87.9 75.3-12.1-27.6-39.9-75.3-87.9-75.3-45.1 0-72.1 36.7-72.1 72.2 0 8.3 1.7 16.2 4.4 23.8H256c-17.7 0-32 14.3-32 32v96h192V224h15.3l.7-.2.7.2H448v128h192v-96c0-17.7-14.3-32-32-32zm-272 0c-2.7-1.4-5.1-3-7.2-4.8-7.3-6.4-8.8-13.8-8.8-19 0-9.7 6.4-24.2 24.1-24.2 18.7 0 35.6 27.4 44.5 48H336zm199.2-4.8c-2.1 1.8-4.5 3.4-7.2 4.8h-52.6c8.8-20.3 25.8-48 44.5-48 17.7 0 24.1 14.5 24.1 24.2 0 5.2-1.5 12.6-8.8 19z\"><\/path><\/svg>\t\t\t\t<\/span>\n\t\t\t<\/div>\n\t\t\t\n\t\t\t\t\t\t<div class=\"elementor-icon-box-content\">\n\n\t\t\t\t\t\t\t\t\t<h3 class=\"elementor-icon-box-title\">\n\t\t\t\t\t\t<span  >\n\t\t\t\t\t\t\tCr\u00e9ez, partagez et gagnez des r\u00e9compenses\u00a0!\t\t\t\t\t\t<\/span>\n\t\t\t\t\t<\/h3>\n\t\t\t\t\n\t\t\t\t\n\t\t\t<\/div>\n\t\t\t\n\t\t<\/div>\n\t\t\t\t\t\t<\/div>\n\t\t\t\t<\/div>\n\t\t\t\t\t<\/div>\n\t\t\t\t<\/div>\n\t\t<div class=\"elementor-element elementor-element-ca77a37 e-flex e-con-boxed e-con e-parent\" data-id=\"ca77a37\" data-element_type=\"container\" data-e-type=\"container\" data-settings=\"{&quot;background_background&quot;:&quot;classic&quot;}\">\n\t\t\t\t\t<div class=\"e-con-inner\">\n\t\t\t\t<div class=\"elementor-element elementor-element-758e7d8 elementor-widget elementor-widget-menu-anchor\" data-id=\"758e7d8\" data-element_type=\"widget\" data-e-type=\"widget\" data-widget_type=\"menu-anchor.default\">\n\t\t\t\t\t\t\t<div class=\"elementor-menu-anchor\" id=\"apply\"><\/div>\n\t\t\t\t\t\t<\/div>\n\t\t\t\t<div class=\"elementor-element elementor-element-7b50897 elementor-widget elementor-widget-heading\" data-id=\"7b50897\" data-element_type=\"widget\" data-e-type=\"widget\" data-widget_type=\"heading.default\">\n\t\t\t\t\t<h2 class=\"elementor-heading-title elementor-size-default\">Rejoignez le programme 57 Creator<\/h2>\t\t\t\t<\/div>\n\t\t\t\t<div class=\"elementor-element elementor-element-8e822c3 elementor-widget__width-initial elementor-button-align-stretch elementor-widget elementor-widget-form\" data-id=\"8e822c3\" data-element_type=\"widget\" data-e-type=\"widget\" data-settings=\"{&quot;step_next_label&quot;:&quot;Next&quot;,&quot;step_previous_label&quot;:&quot;Previous&quot;,&quot;button_width&quot;:&quot;100&quot;,&quot;step_type&quot;:&quot;number_text&quot;,&quot;step_icon_shape&quot;:&quot;circle&quot;}\" data-widget_type=\"form.default\">\n\t\t\t\t\t\t\t<form class=\"elementor-form\" method=\"post\" name=\"57 Creator Pass Form\" aria-label=\"Formulaire de passe cr\u00e9ateur 57\" action=\"\">\n\t\t\t<input type=\"hidden\" name=\"post_id\" value=\"11359\"\/>\n\t\t\t<input type=\"hidden\" name=\"form_id\" value=\"8e822c3\"\/>\n\t\t\t<input type=\"hidden\" name=\"referer_title\" value=\"57 Safari Creator Pass - 57 Heritage Safari\" \/>\n\n\t\t\t\t\t\t\t<input type=\"hidden\" name=\"queried_id\" value=\"11359\"\/>\n\t\t\t\n\t\t\t<div class=\"elementor-form-fields-wrapper elementor-labels-\">\n\t\t\t\t\t\t\t\t<div class=\"elementor-field-type-text elementor-field-group elementor-column elementor-field-group-name elementor-col-50 elementor-field-required\">\n\t\t\t\t\t\t\t\t\t\t\t\t<label for=\"form-field-name\" class=\"elementor-field-label elementor-screen-only\">\n\t\t\t\t\t\t\t\tNom l\u00e9gal complet\t\t\t\t\t\t\t<\/label>\n\t\t\t\t\t\t\t\t\t\t\t\t\t\t<input size=\"1\" type=\"text\" name=\"form_fields[name]\" id=\"form-field-name\" class=\"elementor-field elementor-size-sm  elementor-field-textual\" placeholder=\"Nom l\u00e9gal complet\" required=\"required\">\n\t\t\t\t\t\t\t\t\t\t\t<\/div>\n\t\t\t\t\t\t\t\t<div class=\"elementor-field-type-tel elementor-field-group elementor-column elementor-field-group-field_2206d11 elementor-col-50 elementor-field-required\">\n\t\t\t\t\t\t\t\t\t\t\t\t<label for=\"form-field-field_2206d11\" class=\"elementor-field-label elementor-screen-only\">\n\t\t\t\t\t\t\t\tNum\u00e9ro de t\u00e9l\u00e9phone\t\t\t\t\t\t\t<\/label>\n\t\t\t\t\t\t\t\t<input size=\"1\" type=\"tel\" name=\"form_fields[field_2206d11]\" id=\"form-field-field_2206d11\" class=\"elementor-field elementor-size-sm  elementor-field-textual\" placeholder=\"Num\u00e9ro de t\u00e9l\u00e9phone\" required=\"required\" pattern=\"[0-9()#&amp;+*-=.]+\" title=\"\u064a\u062a\u0645 \u0642\u0628\u0648\u0644 \u0627\u0644\u0623\u0631\u0642\u0627\u0645 \u0648\u062d\u0631\u0648\u0641 \u0627\u0644\u0647\u0627\u062a\u0641 \u0641\u0642\u0637 (#\u060c -\u060c *\u060c \u0648\u0645\u0627 \u0625\u0644\u0649 \u0630\u0644\u0643).\" data-no-translation-title=\"\">\n\n\t\t\t\t\t\t<\/div>\n\t\t\t\t\t\t\t\t<div class=\"elementor-field-type-email elementor-field-group elementor-column elementor-field-group-email elementor-col-100 elementor-field-required\">\n\t\t\t\t\t\t\t\t\t\t\t\t<label for=\"form-field-email\" class=\"elementor-field-label elementor-screen-only\">\n\t\t\t\t\t\t\t\tE-mail\t\t\t\t\t\t\t<\/label>\n\t\t\t\t\t\t\t\t\t\t\t\t\t\t<input size=\"1\" type=\"email\" name=\"form_fields[email]\" id=\"form-field-email\" class=\"elementor-field elementor-size-sm  elementor-field-textual\" placeholder=\"E-mail\" required=\"required\">\n\t\t\t\t\t\t\t\t\t\t\t<\/div>\n\t\t\t\t\t\t\t\t<div class=\"elementor-field-type-text elementor-field-group elementor-column elementor-field-group-field_65302ee elementor-col-50 elementor-field-required\">\n\t\t\t\t\t\t\t\t\t\t\t\t<label for=\"form-field-field_65302ee\" class=\"elementor-field-label elementor-screen-only\">\n\t\t\t\t\t\t\t\tPseudo Instagram\t\t\t\t\t\t\t<\/label>\n\t\t\t\t\t\t\t\t\t\t\t\t\t\t<input size=\"1\" type=\"text\" name=\"form_fields[field_65302ee]\" id=\"form-field-field_65302ee\" class=\"elementor-field elementor-size-sm  elementor-field-textual\" placeholder=\"Pseudo Instagram\" required=\"required\">\n\t\t\t\t\t\t\t\t\t\t\t<\/div>\n\t\t\t\t\t\t\t\t<div class=\"elementor-field-type-text elementor-field-group elementor-column elementor-field-group-field_108027d elementor-col-50\">\n\t\t\t\t\t\t\t\t\t\t\t\t<label for=\"form-field-field_108027d\" class=\"elementor-field-label elementor-screen-only\">\n\t\t\t\t\t\t\t\tPseudo TikTok\t\t\t\t\t\t\t<\/label>\n\t\t\t\t\t\t\t\t\t\t\t\t\t\t<input size=\"1\" type=\"text\" name=\"form_fields[field_108027d]\" id=\"form-field-field_108027d\" class=\"elementor-field elementor-size-sm  elementor-field-textual\" placeholder=\"Pseudo TikTok\">\n\t\t\t\t\t\t\t\t\t\t\t<\/div>\n\t\t\t\t\t\t\t\t<div class=\"elementor-field-type-number elementor-field-group elementor-column elementor-field-group-field_ac0d60d elementor-col-50 elementor-field-required\">\n\t\t\t\t\t\t\t\t\t\t\t\t<label for=\"form-field-field_ac0d60d\" class=\"elementor-field-label elementor-screen-only\">\n\t\t\t\t\t\t\t\tNombre d&#039;abonn\u00e9s\t\t\t\t\t\t\t<\/label>\n\t\t\t\t\t\t\t\t\t<input type=\"number\" name=\"form_fields[field_ac0d60d]\" id=\"form-field-field_ac0d60d\" class=\"elementor-field elementor-size-sm  elementor-field-textual\" placeholder=\"Nombre d&#039;abonn\u00e9s\" required=\"required\" min=\"5000\" max=\"\" >\n\t\t\t\t\t\t<\/div>\n\t\t\t\t\t\t\t\t<div class=\"elementor-field-type-number elementor-field-group elementor-column elementor-field-group-field_a2f977b elementor-col-50 elementor-field-required\">\n\t\t\t\t\t\t\t\t\t\t\t\t<label for=\"form-field-field_a2f977b\" class=\"elementor-field-label elementor-screen-only\">\n\t\t\t\t\t\t\t\tVues moyennes des histoires\/vid\u00e9os\t\t\t\t\t\t\t<\/label>\n\t\t\t\t\t\t\t\t\t<input type=\"number\" name=\"form_fields[field_a2f977b]\" id=\"form-field-field_a2f977b\" class=\"elementor-field elementor-size-sm  elementor-field-textual\" placeholder=\"Vues moyennes des histoires\/vid\u00e9os\" required=\"required\" min=\"5000\" max=\"\" >\n\t\t\t\t\t\t<\/div>\n\t\t\t\t\t\t\t\t<div class=\"elementor-field-type-textarea elementor-field-group elementor-column elementor-field-group-field_a8bac45 elementor-col-100 elementor-field-required\">\n\t\t\t\t\t\t\t\t\t\t\t\t<label for=\"form-field-field_a8bac45\" class=\"elementor-field-label elementor-screen-only\">\n\t\t\t\t\t\t\t\tPourquoi voudriez-vous devenir un cr\u00e9ateur de 57 Safari ?\t\t\t\t\t\t\t<\/label>\n\t\t\t\t\t\t<textarea class=\"elementor-field-textual elementor-field  elementor-size-sm\" name=\"form_fields[field_a8bac45]\" id=\"form-field-field_a8bac45\" rows=\"4\" placeholder=\"Pourquoi voudriez-vous devenir un cr\u00e9ateur de 57 Safari ?\" required=\"required\"><\/textarea>\t\t\t\t<\/div>\n\t\t\t\t\t\t\t\t<div class=\"elementor-field-type-checkbox elementor-field-group elementor-column elementor-field-group-field_e813785 elementor-col-100\">\n\t\t\t\t\t\t\t\t\t\t\t\t<label for=\"form-field-field_e813785\" class=\"elementor-field-label elementor-screen-only\">\n\t\t\t\t\t\t\t\tReconna\u00eetre\t\t\t\t\t\t\t<\/label>\n\t\t\t\t\t\t<div class=\"elementor-field-subgroup\"><span class=\"elementor-field-option\"><input type=\"checkbox\" value=\"I agree to receive further details about the program via email or WhatsApp, and understand that participation is subject to 57 Safari\u2019s approval.\" id=\"form-field-field_e813785-0\" name=\"form_fields[field_e813785]\"> <label for=\"form-field-field_e813785-0\">J&#039;accepte de recevoir plus de d\u00e9tails sur le programme par e-mail ou WhatsApp, et je comprends que la participation est soumise \u00e0 l&#039;approbation de 57 Safari.<\/label><\/span><\/div>\t\t\t\t<\/div>\n\t\t\t\t\t\t\t\t<div class=\"elementor-field-type-recaptcha_v3 elementor-field-group elementor-column elementor-field-group-field_a5050c7 elementor-col-100 recaptcha_v3-bottomleft\">\n\t\t\t\t\t<div class=\"elementor-field\" id=\"form-field-field_a5050c7\"><div class=\"elementor-g-recaptcha\" data-sitekey=\"6Lc-Uz0pAAAAAL7KukKU1EkxeGmMzVXcLA2bP82Y\" data-type=\"v3\" data-action=\"Form\" data-badge=\"bottomleft\" data-size=\"invisible\"><\/div><\/div>\t\t\t\t<\/div>\n\t\t\t\t\t\t\t\t<div class=\"elementor-field-group elementor-column elementor-field-type-submit elementor-col-100 e-form__buttons\">\n\t\t\t\t\t<button class=\"elementor-button elementor-size-sm\" type=\"submit\">\n\t\t\t\t\t\t<span class=\"elementor-button-content-wrapper\">\n\t\t\t\t\t\t\t\t\t\t\t\t\t\t\t\t\t\t\t\t\t\t<span class=\"elementor-button-text\">Postulez pour devenir un cr\u00e9ateur de 57 Safari<\/span>\n\t\t\t\t\t\t\t\t\t\t\t\t\t<\/span>\n\t\t\t\t\t<\/button>\n\t\t\t\t<\/div>\n\t\t\t<\/div>\n\t\t<input type=\"hidden\" name=\"trp-form-language\" value=\"fr\"\/><\/form>\n\t\t\t\t\t\t<\/div>\n\t\t\t\t\t<\/div>\n\t\t\t\t<\/div>\n\t\t\t\t<\/div>","protected":false},"excerpt":{"rendered":"<p>Vivez les aventures de luxe les plus authentiques dans le d\u00e9sert de Duba\u00ef et gagnez des r\u00e9compenses exclusives en partageant votre histoire. Postulez pour devenir un cr\u00e9ateur du 57 Safari. Rejoignez une communaut\u00e9 d&#039;\u00e9lite de cr\u00e9ateurs qui partagent la beaut\u00e9 du d\u00e9sert de Duba\u00ef \u00e0 travers un contenu exceptionnel. Avec un acc\u00e8s illimit\u00e9 au 57 Safari Camp pour vous et [\u2026]<\/p>","protected":false},"author":8,"featured_media":10936,"parent":0,"menu_order":0,"comment_status":"closed","ping_status":"closed","template":"","meta":{"_acf_changed":false,"iawp_total_views":2,"footnotes":""},"class_list":["post-11359","page","type-page","status-publish","has-post-thumbnail","hentry"],"acf":[],"_links":{"self":[{"href":"https:\/\/57safari.com\/fr\/wp-json\/wp\/v2\/pages\/11359","targetHints":{"allow":["GET"]}}],"collection":[{"href":"https:\/\/57safari.com\/fr\/wp-json\/wp\/v2\/pages"}],"about":[{"href":"https:\/\/57safari.com\/fr\/wp-json\/wp\/v2\/types\/page"}],"author":[{"embeddable":true,"href":"https:\/\/57safari.com\/fr\/wp-json\/wp\/v2\/users\/8"}],"replies":[{"embeddable":true,"href":"https:\/\/57safari.com\/fr\/wp-json\/wp\/v2\/comments?post=11359"}],"version-history":[{"count":0,"href":"https:\/\/57safari.com\/fr\/wp-json\/wp\/v2\/pages\/11359\/revisions"}],"wp:featuredmedia":[{"embeddable":true,"href":"https:\/\/57safari.com\/fr\/wp-json\/wp\/v2\/media\/10936"}],"wp:attachment":[{"href":"https:\/\/57safari.com\/fr\/wp-json\/wp\/v2\/media?parent=11359"}],"curies":[{"name":"wp","href":"https:\/\/api.w.org\/{rel}","templated":true}]}}