{"id":12830,"date":"2025-12-07T15:15:54","date_gmt":"2025-12-07T11:15:54","guid":{"rendered":"https:\/\/57safari.com\/?page_id=12830"},"modified":"2025-12-07T15:35:45","modified_gmt":"2025-12-07T11:35:45","slug":"desert-overnight-stay","status":"publish","type":"page","link":"https:\/\/57safari.com\/fr\/desert-overnight-stay\/","title":{"rendered":"Nuit\u00e9e dans le d\u00e9sert"},"content":{"rendered":"<div data-elementor-type=\"wp-page\" data-elementor-id=\"12830\" class=\"elementor elementor-12830\" data-elementor-post-type=\"page\">\n\t\t\t\t<div class=\"elementor-element elementor-element-c9debc1 e-flex e-con-boxed e-con e-parent\" data-id=\"c9debc1\" data-element_type=\"container\" data-e-type=\"container\" data-settings=\"{&quot;background_background&quot;:&quot;classic&quot;}\">\n\t\t\t\t\t<div class=\"e-con-inner\">\n\t\t<div class=\"elementor-element elementor-element-8132305 e-con-full e-flex e-con e-child\" data-id=\"8132305\" data-element_type=\"container\" data-e-type=\"container\" data-settings=\"{&quot;background_background&quot;:&quot;classic&quot;}\">\n\t\t\t\t<div class=\"elementor-element elementor-element-d15ae63 elementor-widget elementor-widget-text-editor\" data-id=\"d15ae63\" data-element_type=\"widget\" data-e-type=\"widget\" data-widget_type=\"text-editor.default\">\n\t\t\t\t\t\t\t\t\t<p>S\u00e9jours de luxe d&#039;une nuit dans le d\u00e9sert de Duba\u00ef avec cabanes priv\u00e9es, gastronomie raffin\u00e9e et exp\u00e9riences culturelles sous les \u00e9toiles.<\/p>\t\t\t\t\t\t\t\t<\/div>\n\t\t\t\t<\/div>\n\t\t\t\t\t<\/div>\n\t\t\t\t<\/div>\n\t\t<div class=\"elementor-element elementor-element-a40fb1f e-flex e-con-boxed e-con e-parent\" data-id=\"a40fb1f\" data-element_type=\"container\" data-e-type=\"container\">\n\t\t\t\t\t<div class=\"e-con-inner\">\n\t\t\t\t<div class=\"elementor-element elementor-element-c66573d elementor-widget elementor-widget-heading\" data-id=\"c66573d\" data-element_type=\"widget\" data-e-type=\"widget\" data-widget_type=\"heading.default\">\n\t\t\t\t\t<h2 class=\"elementor-heading-title elementor-size-default\"><a href=\"https:\/\/57safari.com\/fr\/experiences\/\">Nos exp\u00e9riences<\/a><\/h2>\t\t\t\t<\/div>\n\t\t\t\t<div class=\"elementor-element elementor-element-38e2f8b elementor-widget elementor-widget-taxonomy-filter\" data-id=\"38e2f8b\" data-element_type=\"widget\" data-e-type=\"widget\" data-settings=\"{&quot;selected_element&quot;:&quot;fa82740&quot;,&quot;taxonomy&quot;:&quot;car-type&quot;,&quot;horizontal_scroll&quot;:&quot;enable&quot;,&quot;multiple_selection&quot;:&quot;no&quot;}\" data-widget_type=\"taxonomy-filter.default\">\n\t\t\t\t\t\n                    <span class=\"lgefep-data-container\" \n                          style=\"display: none;\" \n                          data-lgefep-config=\"{&quot;settings&quot;:{&quot;taxonomy_dropdown&quot;:&quot;yes&quot;,&quot;taxonomy_dropdown_style&quot;:&quot;default&quot;,&quot;show_count&quot;:&quot;no&quot;,&quot;sorting&quot;:&quot;count_desc&quot;,&quot;include_terms&quot;:[],&quot;hierarchical_exclude_terms&quot;:[]},&quot;terms&quot;:[],&quot;total_count&quot;:0}\"\n                          data-widget-id=\"38e2f8b\">\n                    <\/span>\t\t<search class=\"e-filter\" role=\"search\" data-base-url=\"https:\/\/57safari.com\/fr\/\" data-page-num=\"1\">\n\t\t\t\t\t\t\t<button class=\"e-filter-item\" data-filter=\"private-car\" aria-pressed=\"false\">Options de voiture priv\u00e9e<\/button>\n\t\t\t\t\t\t\t<button class=\"e-filter-item\" data-filter=\"shared-car\" aria-pressed=\"false\">Options de voiture partag\u00e9e<\/button>\n\t\t\t\n\t\t\t\t\t\t\t\t\t<button class=\"e-filter-item\" data-filter=\"__all\" aria-pressed=\"true\">\n\t\t\t\tToutes les options de voiture\t\t\t<\/button>\n\t\t\t\t\t<\/search>\n\t\t\t\t\t\t<\/div>\n\t\t\t\t<div class=\"woocommerce elementor-element elementor-element-fa82740 elementor-grid-2 elementor-grid-tablet-2 elementor-grid-mobile-1 elementor-widget elementor-widget-loop-grid\" data-id=\"fa82740\" data-element_type=\"widget\" data-e-type=\"widget\" data-settings=\"{&quot;_skin&quot;:&quot;product&quot;,&quot;template_id&quot;:&quot;679&quot;,&quot;pagination_type&quot;:&quot;load_more_infinite_scroll&quot;,&quot;columns&quot;:2,&quot;columns_tablet&quot;:&quot;2&quot;,&quot;columns_mobile&quot;:&quot;1&quot;,&quot;edit_handle_selector&quot;:&quot;[data-elementor-type=\\&quot;loop-item\\&quot;]&quot;,&quot;load_more_spinner&quot;:{&quot;value&quot;:&quot;fas fa-spinner&quot;,&quot;library&quot;:&quot;fa-solid&quot;},&quot;row_gap&quot;:{&quot;unit&quot;:&quot;px&quot;,&quot;size&quot;:&quot;&quot;,&quot;sizes&quot;:[]},&quot;row_gap_widescreen&quot;:{&quot;unit&quot;:&quot;px&quot;,&quot;size&quot;:&quot;&quot;,&quot;sizes&quot;:[]},&quot;row_gap_laptop&quot;:{&quot;unit&quot;:&quot;px&quot;,&quot;size&quot;:&quot;&quot;,&quot;sizes&quot;:[]},&quot;row_gap_tablet_extra&quot;:{&quot;unit&quot;:&quot;px&quot;,&quot;size&quot;:&quot;&quot;,&quot;sizes&quot;:[]},&quot;row_gap_tablet&quot;:{&quot;unit&quot;:&quot;px&quot;,&quot;size&quot;:&quot;&quot;,&quot;sizes&quot;:[]},&quot;row_gap_mobile_extra&quot;:{&quot;unit&quot;:&quot;px&quot;,&quot;size&quot;:&quot;&quot;,&quot;sizes&quot;:[]},&quot;row_gap_mobile&quot;:{&quot;unit&quot;:&quot;px&quot;,&quot;size&quot;:&quot;&quot;,&quot;sizes&quot;:[]}}\" data-widget_type=\"loop-grid.product\">\n\t\t\t\t<div class=\"elementor-widget-container\">\n\t\t\t\t\t\t\t<div class=\"elementor-loop-container elementor-grid\" role=\"list\">\n\t\t<style id=\"loop-679\">.elementor-679 .elementor-element.elementor-element-40e07a1{--display:flex;--flex-direction:row;--container-widget-width:calc( ( 1 - var( --container-widget-flex-grow ) ) * 100% );--container-widget-height:100%;--container-widget-flex-grow:1;--container-widget-align-self:stretch;--flex-wrap-mobile:wrap;--align-items:stretch;--gap:5px 5px;--row-gap:5px;--column-gap:5px;--flex-wrap:wrap;border-style:none;--border-style:none;--border-radius:5px 5px 5px 5px;}.elementor-widget-heading .elementor-heading-title{font-family:var( --e-global-typography-primary-font-family ), Sans-serif;font-weight:var( --e-global-typography-primary-font-weight );text-transform:var( --e-global-typography-primary-text-transform );color:var( --e-global-color-primary );}.elementor-679 .elementor-element.elementor-element-d5f200b .elementor-heading-title{font-family:var( --e-global-typography-secondary-font-family ), Sans-serif;font-weight:var( --e-global-typography-secondary-font-weight );text-transform:var( --e-global-typography-secondary-text-transform );text-shadow:0px 0px 5px #000000;color:var( --e-global-color-text );}.elementor-679 .elementor-element.elementor-element-d5f200b{padding:10px 10px 10px 10px;top:19px;background-color:var( --e-global-color-d1cdaed );border-radius:5px 5px 5px 5px;}body:not(.rtl) .elementor-679 .elementor-element.elementor-element-d5f200b{left:19px;}body.rtl .elementor-679 .elementor-element.elementor-element-d5f200b{right:19px;}.elementor-widget-image .widget-image-caption{color:var( --e-global-color-text );font-family:var( --e-global-typography-text-font-family ), Sans-serif;font-weight:var( --e-global-typography-text-font-weight );text-transform:var( --e-global-typography-text-text-transform );}.elementor-679 .elementor-element.elementor-element-cf3760b img{border-radius:5px 5px 5px 5px;}.elementor-679 .elementor-element.elementor-element-cf3760b{width:100%;max-width:100%;}.elementor-679 .elementor-element.elementor-element-269f5a7 .elementor-heading-title{font-family:\"Cinzel\", Sans-serif;font-size:18px;font-weight:400;text-transform:uppercase;}.elementor-679 .elementor-element.elementor-element-269f5a7{width:100%;max-width:100%;}.elementor-widget-text-editor{font-family:var( --e-global-typography-text-font-family ), Sans-serif;font-weight:var( --e-global-typography-text-font-weight );text-transform:var( --e-global-typography-text-text-transform );color:var( --e-global-color-text );}.elementor-widget-text-editor.elementor-drop-cap-view-stacked .elementor-drop-cap{background-color:var( --e-global-color-primary );}.elementor-widget-text-editor.elementor-drop-cap-view-framed .elementor-drop-cap, .elementor-widget-text-editor.elementor-drop-cap-view-default .elementor-drop-cap{color:var( --e-global-color-primary );border-color:var( --e-global-color-primary );}.elementor-679 .elementor-element.elementor-element-1198d0a{text-align:start;font-family:\"Lora\", Sans-serif;font-size:12px;font-weight:normal;text-transform:none;}.elementor-679 .elementor-element.elementor-element-48d6dd6{--display:flex;--flex-direction:row;--container-widget-width:calc( ( 1 - var( --container-widget-flex-grow ) ) * 100% );--container-widget-height:100%;--container-widget-flex-grow:1;--container-widget-align-self:stretch;--flex-wrap-mobile:wrap;--justify-content:flex-start;--align-items:flex-start;--gap:5px 5px;--row-gap:5px;--column-gap:5px;--flex-wrap:wrap;--border-radius:25px 25px 25px 25px;--padding-top:0px;--padding-bottom:0px;--padding-left:0px;--padding-right:0px;}.elementor-679 .elementor-element.elementor-element-ccbadee .elementor-heading-title{font-family:\"Montserrat\", Sans-serif;font-size:22px;font-weight:600;text-transform:uppercase;color:var( --e-global-color-primary );}.elementor-679 .elementor-element.elementor-element-756dd03 .elementor-heading-title{font-family:\"Lora\", Sans-serif;font-size:12px;font-weight:normal;text-transform:none;color:var( --e-global-color-text );}.elementor-679 .elementor-element.elementor-element-6252a4d .elementor-heading-title{font-family:\"Lora\", Sans-serif;font-size:12px;font-weight:normal;text-transform:none;color:var( --e-global-color-text );}.elementor-679 .elementor-element.elementor-element-6252a4d{width:100%;max-width:100%;}.elementor-679 .elementor-element.elementor-element-c7ec86a .elementor-heading-title{font-family:\"Lora\", Sans-serif;font-size:12px;font-weight:normal;text-transform:none;color:var( --e-global-color-text );}.elementor-679 .elementor-element.elementor-element-c7ec86a{width:100%;max-width:100%;}.elementor-widget-button .elementor-button{font-family:var( --e-global-typography-accent-font-family ), Sans-serif;font-weight:var( --e-global-typography-accent-font-weight );font-style:var( --e-global-typography-accent-font-style );background-color:var( --e-global-color-accent );}.elementor-679 .elementor-element.elementor-element-8b9a4a6 .elementor-button .elementor-button-content-wrapper{justify-content:center;}.elementor-679 .elementor-element.elementor-element-8b9a4a6 .elementor-button{font-family:var( --e-global-typography-accent-font-family ), Sans-serif;font-weight:var( --e-global-typography-accent-font-weight );font-style:var( --e-global-typography-accent-font-style );fill:var( --e-global-color-primary );color:var( --e-global-color-primary );background-color:var( --e-global-color-d1cdaed );box-shadow:0px 0px 10px 0px rgba(0, 0, 0, 0.2);border-style:solid;border-width:2px 2px 2px 2px;border-color:var( --e-global-color-primary );border-radius:5px 5px 5px 5px;}.elementor-679 .elementor-element.elementor-element-8b9a4a6 .elementor-button:hover, .elementor-679 .elementor-element.elementor-element-8b9a4a6 .elementor-button:focus{color:var( --e-global-color-accent );background-color:var( --e-global-color-d1cdaed );border-color:var( --e-global-color-accent );}.elementor-679 .elementor-element.elementor-element-8b9a4a6 .elementor-button:hover svg, .elementor-679 .elementor-element.elementor-element-8b9a4a6 .elementor-button:focus svg{fill:var( --e-global-color-accent );}.elementor-679 .elementor-element.elementor-element-8b9a4a6{width:100%;max-width:100%;}\/* Start custom CSS for container, class: .elementor-element-40e07a1 *\/.product-card {\n    background-color: hsla(292, 0%, 0%, 1);\n    background-image: \n        radial-gradient(at 15% 82%, hsla(39, 100%, 12%, 1) 0px, transparent 50%),\n        radial-gradient(at 23% 30%, hsla(32, 100%, 12%, 1) 0px, transparent 50%),\n        radial-gradient(at 79% 21%, hsla(22, 100%, 12%, 1) 0px, transparent 50%),\n        radial-gradient(at 81% 72%, hsla(36, 100%, 12%, 1) 0px, transparent 50%);\n    background-size: 200% 200%;\n    background-position: 0 0;\n    transition: background-position 1s ease-in-out;\n}\n\n.product-card:hover {\n    background-position: 100% 100%;\n}\/* End custom CSS *\/<\/style>\t\t<div data-elementor-type=\"loop-item\" data-elementor-id=\"679\" class=\"elementor elementor-679 e-loop-item e-loop-item-2794 post-2794 product type-product status-publish has-post-thumbnail car-type-shared-car product_cat-uncategorized product_tag-57-safari product_tag-overnight product_tag-v3 first instock virtual sold-individually taxable purchasable product-type-booking\" data-elementor-post-type=\"elementor_library\" data-custom-edit-handle=\"1\">\n\t\t\t<div class=\"elementor-element elementor-element-40e07a1 e-con-full product-card e-flex e-con e-parent\" data-id=\"40e07a1\" data-element_type=\"container\" data-e-type=\"container\">\n\t\t\t\t<div class=\"elementor-element elementor-element-d5f200b elementor-absolute elementor-widget elementor-widget-heading\" data-id=\"d5f200b\" data-element_type=\"widget\" data-e-type=\"widget\" data-settings=\"{&quot;_position&quot;:&quot;absolute&quot;}\" data-widget_type=\"heading.default\">\n\t\t\t\t\t<div class=\"elementor-heading-title elementor-size-default\">18 heures<\/div>\t\t\t\t<\/div>\n\t\t\t\t<div class=\"elementor-element elementor-element-cf3760b elementor-widget__width-inherit elementor-widget elementor-widget-image\" data-id=\"cf3760b\" data-element_type=\"widget\" data-e-type=\"widget\" data-widget_type=\"image.default\">\n\t\t\t\t\t\t\t\t\t\t\t\t\t\t\t\t<a href=\"https:\/\/57safari.com\/fr\/product\/safari-dans-le-desert-de-57-nuits\/\">\n\t\t\t\t\t\t\t<img decoding=\"async\" src=\"https:\/\/57safari.com\/wp-content\/uploads\/elementor\/thumbs\/57-Overnight-Stay-Heritage-Desert-Experience-7-rd66e0nl8t0jlwji83vils7pcd2q68wy60drs0ja5c.webp\" title=\"57 Nuit\u00e9es + Exp\u00e9rience Heritage Desert (7)\" alt=\"57 Nuit\u00e9es + Exp\u00e9rience Heritage Desert (7)\" loading=\"lazy\" \/>\t\t\t\t\t\t\t\t<\/a>\n\t\t\t\t\t\t\t\t\t\t\t\t\t\t\t<\/div>\n\t\t\t\t<div class=\"elementor-element elementor-element-269f5a7 elementor-widget__width-inherit limited-title elementor-widget elementor-widget-heading\" data-id=\"269f5a7\" data-element_type=\"widget\" data-e-type=\"widget\" data-settings=\"{&quot;_animation&quot;:&quot;none&quot;}\" data-widget_type=\"heading.default\">\n\t\t\t\t\t<div class=\"elementor-heading-title elementor-size-default\"><a href=\"https:\/\/57safari.com\/fr\/product\/safari-dans-le-desert-de-57-nuits\/\">57 Nuit\u00e9es + Exp\u00e9rience Heritage Desert<\/a><\/div>\t\t\t\t<\/div>\n\t\t\t\t<div class=\"elementor-element elementor-element-1198d0a elementor-widget elementor-widget-text-editor\" data-id=\"1198d0a\" data-element_type=\"widget\" data-e-type=\"widget\" data-widget_type=\"text-editor.default\">\n\t\t\t\t\t\t\t\t\tSafari de luxe d&#039;une nuit dans le d\u00e9sert \u00e0 Duba\u00ef avec Land Rover vintage, fauconnerie, d\u00eener et s\u00e9jour dans une cabane priv\u00e9e.\t\t\t\t\t\t\t\t<\/div>\n\t\t<div class=\"elementor-element elementor-element-48d6dd6 e-con-full e-flex e-con e-child\" data-id=\"48d6dd6\" data-element_type=\"container\" data-e-type=\"container\" data-settings=\"{&quot;background_background&quot;:&quot;classic&quot;}\">\n\t\t\t\t<div class=\"elementor-element elementor-element-ccbadee elementor-widget elementor-widget-heading\" data-id=\"ccbadee\" data-element_type=\"widget\" data-e-type=\"widget\" data-widget_type=\"heading.default\">\n\t\t\t\t\t<div class=\"elementor-heading-title elementor-size-default\"><span class=\"woocommerce-Price-amount amount\"><span class=\"woocommerce-Price-currencySymbol\">AED<\/span>&nbsp;1 095,00<\/span><\/div>\t\t\t\t<\/div>\n\t\t\t\t<div class=\"elementor-element elementor-element-756dd03 elementor-widget elementor-widget-heading\" data-id=\"756dd03\" data-element_type=\"widget\" data-e-type=\"widget\" data-widget_type=\"heading.default\">\n\t\t\t\t\t<div class=\"elementor-heading-title elementor-size-default\">\/ Adulte<\/div>\t\t\t\t<\/div>\n\t\t\t\t<div class=\"elementor-element elementor-element-6252a4d elementor-widget__width-inherit elementor-widget elementor-widget-heading\" data-id=\"6252a4d\" data-element_type=\"widget\" data-e-type=\"widget\" data-widget_type=\"heading.default\">\n\t\t\t\t\t<div class=\"elementor-heading-title elementor-size-default\">Tarif sp\u00e9cial pour les enfants<\/div>\t\t\t\t<\/div>\n\t\t\t\t<div class=\"elementor-element elementor-element-8b9a4a6 elementor-align-justify elementor-widget__width-inherit elementor-widget elementor-widget-button\" data-id=\"8b9a4a6\" data-element_type=\"widget\" data-e-type=\"widget\" data-settings=\"{&quot;_animation&quot;:&quot;none&quot;,&quot;_animation_delay&quot;:100}\" data-widget_type=\"button.default\">\n\t\t\t\t\t\t\t\t\t\t<a class=\"elementor-button elementor-button-link elementor-size-sm\" href=\"https:\/\/57safari.com\/fr\/product\/safari-dans-le-desert-de-57-nuits\/\">\n\t\t\t\t\t\t<span class=\"elementor-button-content-wrapper\">\n\t\t\t\t\t\t\t\t\t<span class=\"elementor-button-text\">R\u00e9servez maintenant<\/span>\n\t\t\t\t\t<\/span>\n\t\t\t\t\t<\/a>\n\t\t\t\t\t\t\t\t<\/div>\n\t\t\t\t<\/div>\n\t\t\t\t<\/div>\n\t\t\t\t<\/div>\n\t\t\t\t<div data-elementor-type=\"loop-item\" data-elementor-id=\"679\" class=\"elementor elementor-679 e-loop-item e-loop-item-11729 post-11729 product type-product status-publish has-post-thumbnail car-type-private-car product_cat-uncategorized product_tag-57-safari product_tag-overnight product_tag-v3  instock virtual sold-individually taxable purchasable product-type-booking\" data-elementor-post-type=\"elementor_library\" data-custom-edit-handle=\"1\">\n\t\t\t<div class=\"elementor-element elementor-element-40e07a1 e-con-full product-card e-flex e-con e-parent\" data-id=\"40e07a1\" data-element_type=\"container\" data-e-type=\"container\">\n\t\t\t\t<div class=\"elementor-element elementor-element-d5f200b elementor-absolute elementor-widget elementor-widget-heading\" data-id=\"d5f200b\" data-element_type=\"widget\" data-e-type=\"widget\" data-settings=\"{&quot;_position&quot;:&quot;absolute&quot;}\" data-widget_type=\"heading.default\">\n\t\t\t\t\t<div class=\"elementor-heading-title elementor-size-default\">18 heures<\/div>\t\t\t\t<\/div>\n\t\t\t\t<div class=\"elementor-element elementor-element-cf3760b elementor-widget__width-inherit elementor-widget elementor-widget-image\" data-id=\"cf3760b\" data-element_type=\"widget\" data-e-type=\"widget\" data-widget_type=\"image.default\">\n\t\t\t\t\t\t\t\t\t\t\t\t\t\t\t\t<a href=\"https:\/\/57safari.com\/fr\/product\/57-overnight-stay-heritage-desert-experience-private-car\/\">\n\t\t\t\t\t\t\t<img decoding=\"async\" src=\"https:\/\/57safari.com\/wp-content\/uploads\/elementor\/thumbs\/57-Overnight-Stay-Heritage-Desert-Experience-1-rd66e2j9mh3494grx4orqrqmj4tgln4eu9oqqkghsw.webp\" title=\"57 Nuit\u00e9es + Exp\u00e9rience Heritage Desert (1)\" alt=\"57 Nuit\u00e9es + Exp\u00e9rience Heritage Desert (1)\" loading=\"lazy\" \/>\t\t\t\t\t\t\t\t<\/a>\n\t\t\t\t\t\t\t\t\t\t\t\t\t\t\t<\/div>\n\t\t\t\t<div class=\"elementor-element elementor-element-269f5a7 elementor-widget__width-inherit limited-title elementor-widget elementor-widget-heading\" data-id=\"269f5a7\" data-element_type=\"widget\" data-e-type=\"widget\" data-settings=\"{&quot;_animation&quot;:&quot;none&quot;}\" data-widget_type=\"heading.default\">\n\t\t\t\t\t<div class=\"elementor-heading-title elementor-size-default\"><a href=\"https:\/\/57safari.com\/fr\/product\/57-overnight-stay-heritage-desert-experience-private-car\/\">57 Nuit\u00e9e + Exp\u00e9rience Heritage Desert \u2013 Voiture priv\u00e9e<\/a><\/div>\t\t\t\t<\/div>\n\t\t\t\t<div class=\"elementor-element elementor-element-1198d0a elementor-widget elementor-widget-text-editor\" data-id=\"1198d0a\" data-element_type=\"widget\" data-e-type=\"widget\" data-widget_type=\"text-editor.default\">\n\t\t\t\t\t\t\t\t\tSafari de luxe d&#039;une nuit dans le d\u00e9sert \u00e0 Duba\u00ef avec transferts priv\u00e9s, guide d\u00e9di\u00e9, balade en Land Rover vintage, fauconnerie et s\u00e9jour en cabane.\t\t\t\t\t\t\t\t<\/div>\n\t\t<div class=\"elementor-element elementor-element-48d6dd6 e-con-full e-flex e-con e-child\" data-id=\"48d6dd6\" data-element_type=\"container\" data-e-type=\"container\" data-settings=\"{&quot;background_background&quot;:&quot;classic&quot;}\">\n\t\t\t\t<div class=\"elementor-element elementor-element-ccbadee elementor-widget elementor-widget-heading\" data-id=\"ccbadee\" data-element_type=\"widget\" data-e-type=\"widget\" data-widget_type=\"heading.default\">\n\t\t\t\t\t<div class=\"elementor-heading-title elementor-size-default\"><span class=\"woocommerce-Price-amount amount\"><span class=\"woocommerce-Price-currencySymbol\">AED<\/span>&nbsp;3 675,00<\/span><\/div>\t\t\t\t<\/div>\n\t\t\t\t<div class=\"elementor-element elementor-element-756dd03 elementor-widget elementor-widget-heading\" data-id=\"756dd03\" data-element_type=\"widget\" data-e-type=\"widget\" data-widget_type=\"heading.default\">\n\t\t\t\t\t<div class=\"elementor-heading-title elementor-size-default\">\/ Voiture priv\u00e9e 1 personne<\/div>\t\t\t\t<\/div>\n\t\t\t\t<div class=\"elementor-element elementor-element-c7ec86a elementor-widget__width-inherit elementor-widget elementor-widget-heading\" data-id=\"c7ec86a\" data-element_type=\"widget\" data-e-type=\"widget\" data-widget_type=\"heading.default\">\n\t\t\t\t\t<div class=\"elementor-heading-title elementor-size-default\">Gratuit pour les enfants de moins de 4 ans | Guide touristique d\u00e9di\u00e9<\/div>\t\t\t\t<\/div>\n\t\t\t\t<div class=\"elementor-element elementor-element-8b9a4a6 elementor-align-justify elementor-widget__width-inherit elementor-widget elementor-widget-button\" data-id=\"8b9a4a6\" data-element_type=\"widget\" data-e-type=\"widget\" data-settings=\"{&quot;_animation&quot;:&quot;none&quot;,&quot;_animation_delay&quot;:100}\" data-widget_type=\"button.default\">\n\t\t\t\t\t\t\t\t\t\t<a class=\"elementor-button elementor-button-link elementor-size-sm\" href=\"https:\/\/57safari.com\/fr\/product\/57-overnight-stay-heritage-desert-experience-private-car\/\">\n\t\t\t\t\t\t<span class=\"elementor-button-content-wrapper\">\n\t\t\t\t\t\t\t\t\t<span class=\"elementor-button-text\">R\u00e9servez maintenant<\/span>\n\t\t\t\t\t<\/span>\n\t\t\t\t\t<\/a>\n\t\t\t\t\t\t\t\t<\/div>\n\t\t\t\t<\/div>\n\t\t\t\t<\/div>\n\t\t\t\t<\/div>\n\t\t\t\t<\/div>\n\t\t\t\t\t<span class=\"e-load-more-spinner\">\n\t\t\t\t<svg aria-hidden=\"true\" class=\"e-font-icon-svg e-fas-spinner\" viewbox=\"0 0 512 512\" xmlns=\"http:\/\/www.w3.org\/2000\/svg\"><path d=\"M304 48c0 26.51-21.49 48-48 48s-48-21.49-48-48 21.49-48 48-48 48 21.49 48 48zm-48 368c-26.51 0-48 21.49-48 48s21.49 48 48 48 48-21.49 48-48-21.49-48-48-48zm208-208c-26.51 0-48 21.49-48 48s21.49 48 48 48 48-21.49 48-48-21.49-48-48-48zM96 256c0-26.51-21.49-48-48-48S0 229.49 0 256s21.49 48 48 48 48-21.49 48-48zm12.922 99.078c-26.51 0-48 21.49-48 48s21.49 48 48 48 48-21.49 48-48c0-26.509-21.491-48-48-48zm294.156 0c-26.51 0-48 21.49-48 48s21.49 48 48 48 48-21.49 48-48c0-26.509-21.49-48-48-48zM108.922 60.922c-26.51 0-48 21.49-48 48s21.49 48 48 48 48-21.49 48-48-21.491-48-48-48z\"><\/path><\/svg>\t\t\t<\/span>\n\t\t\n\t\t\t\t\t\t<\/div>\n\t\t\t\t<\/div>\n\t\t\t\t\t<\/div>\n\t\t\t\t<\/div>\n\t\t\t\t<\/div>","protected":false},"excerpt":{"rendered":"<p>S\u00e9jours de luxe d&#039;une nuit dans le d\u00e9sert de Duba\u00ef avec cabanes priv\u00e9es, gastronomie raffin\u00e9e et d\u00e9couvertes du patrimoine sous les \u00e9toiles. Nos exp\u00e9riences\u00a0: Transferts non inclus\u00a0; Voiture priv\u00e9e\u00a0; Voiture partag\u00e9e\u00a0; Toutes les options de voiture<\/p>","protected":false},"author":8,"featured_media":0,"parent":0,"menu_order":0,"comment_status":"closed","ping_status":"closed","template":"","meta":{"_acf_changed":false,"iawp_total_views":37,"footnotes":""},"class_list":["post-12830","page","type-page","status-publish","hentry"],"acf":[],"_links":{"self":[{"href":"https:\/\/57safari.com\/fr\/wp-json\/wp\/v2\/pages\/12830","targetHints":{"allow":["GET"]}}],"collection":[{"href":"https:\/\/57safari.com\/fr\/wp-json\/wp\/v2\/pages"}],"about":[{"href":"https:\/\/57safari.com\/fr\/wp-json\/wp\/v2\/types\/page"}],"author":[{"embeddable":true,"href":"https:\/\/57safari.com\/fr\/wp-json\/wp\/v2\/users\/8"}],"replies":[{"embeddable":true,"href":"https:\/\/57safari.com\/fr\/wp-json\/wp\/v2\/comments?post=12830"}],"version-history":[{"count":0,"href":"https:\/\/57safari.com\/fr\/wp-json\/wp\/v2\/pages\/12830\/revisions"}],"wp:attachment":[{"href":"https:\/\/57safari.com\/fr\/wp-json\/wp\/v2\/media?parent=12830"}],"curies":[{"name":"wp","href":"https:\/\/api.w.org\/{rel}","templated":true}]}}