{"id":2665,"date":"2024-02-17T18:49:04","date_gmt":"2024-02-17T14:49:04","guid":{"rendered":"https:\/\/57safari.com\/cart\/"},"modified":"2025-08-03T04:50:52","modified_gmt":"2025-08-03T00:50:52","slug":"cart","status":"publish","type":"page","link":"https:\/\/57safari.com\/fr\/cart\/","title":{"rendered":"Panier"},"content":{"rendered":"<div data-elementor-type=\"wp-page\" data-elementor-id=\"2665\" class=\"elementor elementor-2665\" data-elementor-post-type=\"page\">\n\t\t\t\t<div class=\"elementor-element elementor-element-fac8392 e-flex e-con-boxed e-con e-parent\" data-id=\"fac8392\" data-element_type=\"container\" data-e-type=\"container\">\n\t\t\t\t\t<div class=\"e-con-inner\">\n\t\t\t\t\t<\/div>\n\t\t\t\t<\/div>\n\t\t\t\t<\/div>","protected":false},"excerpt":{"rendered":"<p>Supprimer l&#039;\u00e9l\u00e9ment Image miniature Prix du produit Quantit\u00e9 Sous-total \u00d7 R\u00e9servation de : 57 Heritage Desert Experience (Test) Du : 3 ao\u00fbt 2025 14h30 Au : 3 ao\u00fbt 2025 20h30 Dur\u00e9e : 6 heures Adulte : 1 Totaux : Prix de base : 645,00 AED 1\u00a0645,00 AED R\u00e9servation de : 57 Heritage Desert Experience (Test) quantit\u00e9 1\u00a0645,00 AED Totaux de r\u00e9servation Sous-total 1\u00a0645,00 AED TVA 82,25 AED Total 1\u00a0727,25 AED [\u2026]<\/p>","protected":false},"author":8,"featured_media":0,"parent":0,"menu_order":0,"comment_status":"closed","ping_status":"closed","template":"","meta":{"_acf_changed":false,"iawp_total_views":4,"footnotes":""},"class_list":["post-2665","page","type-page","status-publish","hentry"],"acf":[],"_links":{"self":[{"href":"https:\/\/57safari.com\/fr\/wp-json\/wp\/v2\/pages\/2665","targetHints":{"allow":["GET"]}}],"collection":[{"href":"https:\/\/57safari.com\/fr\/wp-json\/wp\/v2\/pages"}],"about":[{"href":"https:\/\/57safari.com\/fr\/wp-json\/wp\/v2\/types\/page"}],"author":[{"embeddable":true,"href":"https:\/\/57safari.com\/fr\/wp-json\/wp\/v2\/users\/8"}],"replies":[{"embeddable":true,"href":"https:\/\/57safari.com\/fr\/wp-json\/wp\/v2\/comments?post=2665"}],"version-history":[{"count":0,"href":"https:\/\/57safari.com\/fr\/wp-json\/wp\/v2\/pages\/2665\/revisions"}],"wp:attachment":[{"href":"https:\/\/57safari.com\/fr\/wp-json\/wp\/v2\/media?parent=2665"}],"curies":[{"name":"wp","href":"https:\/\/api.w.org\/{rel}","templated":true}]}}