{"id":3,"date":"2023-07-17T06:17:35","date_gmt":"2023-07-17T06:17:35","guid":{"rendered":"http:\/\/localhost\/safari-57\/?page_id=3"},"modified":"2025-04-16T16:28:39","modified_gmt":"2025-04-16T12:28:39","slug":"politique-de-confidentialite","status":"publish","type":"page","link":"https:\/\/57safari.com\/fr\/politique-de-confidentialite\/","title":{"rendered":"politique de confidentialit\u00e9"},"content":{"rendered":"<div data-elementor-type=\"wp-page\" data-elementor-id=\"3\" class=\"elementor elementor-3\" data-elementor-post-type=\"page\">\n\t\t\t\t<div class=\"elementor-element elementor-element-eae31de e-flex e-con-boxed e-con e-parent\" data-id=\"eae31de\" data-element_type=\"container\" data-e-type=\"container\" data-settings=\"{&quot;background_background&quot;:&quot;classic&quot;}\">\n\t\t\t\t\t<div class=\"e-con-inner\">\n\t\t\t\t\t<\/div>\n\t\t\t\t<\/div>\n\t\t<div class=\"elementor-element elementor-element-0d9afe1 e-flex e-con-boxed e-con e-parent\" data-id=\"0d9afe1\" data-element_type=\"container\" data-e-type=\"container\">\n\t\t\t\t\t<div class=\"e-con-inner\">\n\t\t\t\t<div class=\"elementor-element elementor-element-ccae4cf elementor-widget elementor-widget-text-editor\" data-id=\"ccae4cf\" data-element_type=\"widget\" data-e-type=\"widget\" data-widget_type=\"text-editor.default\">\n\t\t\t\t\t\t\t\t\t<p class=\"\" data-start=\"276\" data-end=\"622\">\u00c0 <strong data-start=\"279\" data-end=\"306\">57 Tourisme du patrimoine LLC<\/strong>Nous nous engageons \u00e0 prot\u00e9ger vos informations personnelles et \u00e0 respecter votre vie priv\u00e9e. Cette politique de confidentialit\u00e9 explique comment nous collectons, utilisons, divulguons et prot\u00e9geons vos informations lorsque vous interagissez avec nous via notre site web, par courriel ou par t\u00e9l\u00e9phone. En utilisant nos services, vous acceptez les pratiques d\u00e9crites dans cette politique.<\/p><hr class=\"\" data-start=\"624\" data-end=\"627\" \/><h3 class=\"\" data-start=\"629\" data-end=\"662\"><strong data-start=\"633\" data-end=\"662\">1. Informations que nous collectons<\/strong><\/h3><p class=\"\" data-start=\"664\" data-end=\"726\">Nous pouvons collecter des donn\u00e9es personnelles que vous fournissez volontairement lorsque vous :<\/p><ul data-start=\"728\" data-end=\"907\"><li class=\"\" data-start=\"728\" data-end=\"795\"><p class=\"\" data-start=\"730\" data-end=\"795\">Faites des demandes de renseignements ou des r\u00e9servations via notre site Web, par e-mail ou par t\u00e9l\u00e9phone<\/p><\/li><li class=\"\" data-start=\"796\" data-end=\"855\"><p class=\"\" data-start=\"798\" data-end=\"855\">Abonnez-vous \u00e0 notre newsletter ou \u00e0 nos communications marketing<\/p><\/li><li class=\"\" data-start=\"856\" data-end=\"907\"><p class=\"\" data-start=\"858\" data-end=\"907\">Participer \u00e0 des sondages, des promotions ou des concours<\/p><\/li><\/ul><p class=\"\" data-start=\"909\" data-end=\"949\"><strong data-start=\"909\" data-end=\"947\">Les informations collect\u00e9es peuvent inclure :<\/strong><\/p><ul data-start=\"950\" data-end=\"1057\"><li class=\"\" data-start=\"950\" data-end=\"963\"><p class=\"\" data-start=\"952\" data-end=\"963\">Nom et pr\u00e9nom<\/p><\/li><li class=\"\" data-start=\"964\" data-end=\"981\"><p class=\"\" data-start=\"966\" data-end=\"981\">Adresse email<\/p><\/li><li class=\"\" data-start=\"982\" data-end=\"998\"><p class=\"\" data-start=\"984\" data-end=\"998\">Num\u00e9ro de t\u00e9l\u00e9phone<\/p><\/li><li class=\"\" data-start=\"999\" data-end=\"1057\"><p class=\"\" data-start=\"1001\" data-end=\"1057\">D\u00e9tails de r\u00e9servation ou autres donn\u00e9es pertinentes pour votre demande<\/p><\/li><\/ul><hr class=\"\" data-start=\"1059\" data-end=\"1062\" \/><h3 class=\"\" data-start=\"1064\" data-end=\"1102\"><strong data-start=\"1068\" data-end=\"1102\">2. Comment nous utilisons vos informations<\/strong><\/h3><p class=\"\" data-start=\"1104\" data-end=\"1165\">Nous utilisons les informations que nous collectons aux fins suivantes :<\/p><ul data-start=\"1167\" data-end=\"1530\"><li class=\"\" data-start=\"1167\" data-end=\"1264\"><p class=\"\" data-start=\"1169\" data-end=\"1264\">Pour fournir et g\u00e9rer nos services, y compris le traitement des r\u00e9servations et la r\u00e9ponse aux demandes de renseignements<\/p><\/li><li class=\"\" data-start=\"1265\" data-end=\"1346\"><p class=\"\" data-start=\"1267\" data-end=\"1346\">Pour communiquer avec vous concernant vos r\u00e9servations, mises \u00e0 jour de service ou demandes<\/p><\/li><li class=\"\" data-start=\"1347\" data-end=\"1444\"><p class=\"\" data-start=\"1349\" data-end=\"1444\">Pour envoyer du contenu promotionnel, des newsletters et des mises \u00e0 jour (avec la possibilit\u00e9 de se d\u00e9sinscrire \u00e0 tout moment)<\/p><\/li><li class=\"\" data-start=\"1445\" data-end=\"1530\"><p class=\"\" data-start=\"1447\" data-end=\"1530\">Pour analyser et am\u00e9liorer nos services, les performances de notre site Web et l&#039;exp\u00e9rience client<\/p><\/li><\/ul><hr class=\"\" data-start=\"1532\" data-end=\"1535\" \/><h3 class=\"\" data-start=\"1537\" data-end=\"1567\"><strong data-start=\"1541\" data-end=\"1567\">3. Partage d&#039;informations<\/strong><\/h3><p class=\"\" data-start=\"1569\" data-end=\"1874\">Nous faisons <strong data-start=\"1575\" data-end=\"1582\">pas<\/strong> vendre, louer ou \u00e9changer vos informations personnelles \u00e0 des tiers.<br data-start=\"1647\" data-end=\"1650\" \/>Nous pouvons partager vos donn\u00e9es avec des prestataires de services ou partenaires de confiance qui nous aident \u00e0 exploiter notre site web ou \u00e0 vous fournir des services. Ces parties sont contractuellement tenues de pr\u00e9server la s\u00e9curit\u00e9 et la confidentialit\u00e9 de vos informations.<\/p><p class=\"\" data-start=\"1876\" data-end=\"1966\"><strong data-start=\"1876\" data-end=\"1885\">Note:<\/strong> 57safari.com le fera <strong data-start=\"1904\" data-end=\"1913\">jamais<\/strong> transmettre les d\u00e9tails de votre carte de d\u00e9bit\/cr\u00e9dit \u00e0 des tiers.<\/p><hr class=\"\" data-start=\"1968\" data-end=\"1971\" \/><h3 class=\"\" data-start=\"1973\" data-end=\"1997\"><strong data-start=\"1977\" data-end=\"1997\">4. S\u00e9curit\u00e9 des donn\u00e9es<\/strong><\/h3><p class=\"\" data-start=\"1999\" data-end=\"2242\">Nous prenons des mesures techniques et organisationnelles raisonnables pour prot\u00e9ger vos donn\u00e9es personnelles contre tout acc\u00e8s, modification, divulgation ou destruction non autoris\u00e9s. Cependant, aucune m\u00e9thode de stockage ou de transmission \u00e9lectronique sur Internet n&#039;est s\u00e9curis\u00e9e.<\/p><hr class=\"\" data-start=\"2244\" data-end=\"2247\" \/><h3 class=\"\" data-start=\"2249\" data-end=\"2293\"><strong data-start=\"2253\" data-end=\"2293\">5. Cookies et technologies de suivi<\/strong><\/h3><p class=\"\" data-start=\"2295\" data-end=\"2352\">Notre site Web peut utiliser des cookies ou des outils de suivi similaires pour\u00a0:<\/p><ul data-start=\"2354\" data-end=\"2479\"><li class=\"\" data-start=\"2354\" data-end=\"2390\"><p class=\"\" data-start=\"2356\" data-end=\"2390\">Am\u00e9liorez votre exp\u00e9rience de navigation<\/p><\/li><li class=\"\" data-start=\"2391\" data-end=\"2436\"><p class=\"\" data-start=\"2393\" data-end=\"2436\">Analyser le trafic du site Web et le comportement des utilisateurs<\/p><\/li><li class=\"\" data-start=\"2437\" data-end=\"2479\"><p class=\"\" data-start=\"2439\" data-end=\"2479\">Personnaliser le contenu en fonction des pr\u00e9f\u00e9rences<\/p><\/li><\/ul><p class=\"\" data-start=\"2481\" data-end=\"2593\">Vous pouvez contr\u00f4ler ou d\u00e9sactiver les cookies via les param\u00e8tres de votre navigateur, mais certaines fonctionnalit\u00e9s de notre site peuvent \u00eatre affect\u00e9es.<\/p><hr class=\"\" data-start=\"2595\" data-end=\"2598\" \/><h3 class=\"\" data-start=\"2600\" data-end=\"2628\"><strong data-start=\"2604\" data-end=\"2628\">6. Liens tiers<\/strong><\/h3><p class=\"\" data-start=\"2630\" data-end=\"2858\">Notre site web peut contenir des liens vers des sites web tiers. Nous ne sommes pas responsables du contenu ni des pratiques de confidentialit\u00e9 de ces sites externes. Nous vous recommandons de consulter leurs politiques de confidentialit\u00e9 avant de fournir des informations personnelles.<\/p><hr class=\"\" data-start=\"2860\" data-end=\"2863\" \/><h3 class=\"\" data-start=\"2865\" data-end=\"2894\"><strong data-start=\"2869\" data-end=\"2894\">7. Vie priv\u00e9e des enfants<\/strong><\/h3><p class=\"\" data-start=\"2896\" data-end=\"3151\">Nos services ne sont pas destin\u00e9s aux personnes de moins de 18 ans.<br data-start=\"2962\" data-end=\"2965\" \/>Nous ne collectons pas sciemment d&#039;informations personnelles aupr\u00e8s de mineurs. Si vous pensez qu&#039;un enfant nous a transmis des donn\u00e9es, veuillez nous contacter imm\u00e9diatement\u00a0; nous supprimerons ces informations dans les meilleurs d\u00e9lais.<\/p><hr class=\"\" data-start=\"3153\" data-end=\"3156\" \/><h3 class=\"\" data-start=\"3158\" data-end=\"3189\"><strong data-start=\"3162\" data-end=\"3189\">8. Confirmation de paiement<\/strong><\/h3><p class=\"\" data-start=\"3191\" data-end=\"3309\">Une fois le paiement effectu\u00e9, vous recevrez un e-mail de confirmation dans les <strong data-start=\"3261\" data-end=\"3273\">24 heures<\/strong> de la transaction en cours de traitement.<\/p><hr class=\"\" data-start=\"3311\" data-end=\"3314\" \/><h3 class=\"\" data-start=\"3316\" data-end=\"3357\"><strong data-start=\"3320\" data-end=\"3357\">9. Mises \u00e0 jour de cette politique de confidentialit\u00e9<\/strong><\/h3><p class=\"\" data-start=\"3359\" data-end=\"3590\">Nous sommes susceptibles de mettre \u00e0 jour cette Politique de confidentialit\u00e9 de temps \u00e0 autre. Toute r\u00e9vision sera publi\u00e9e sur cette page, avec la date d&#039;entr\u00e9e en vigueur mise \u00e0 jour en haut. En continuant \u00e0 utiliser nos services apr\u00e8s modification, vous acceptez la politique r\u00e9vis\u00e9e.<\/p><hr class=\"\" data-start=\"3592\" data-end=\"3595\" \/><h3 class=\"\" data-start=\"3597\" data-end=\"3619\"><strong data-start=\"3601\" data-end=\"3619\">10. Contactez-nous<\/strong><\/h3><p class=\"\" data-start=\"3621\" data-end=\"3737\">Si vous avez des questions, des pr\u00e9occupations ou des demandes concernant cette politique de confidentialit\u00e9 ou vos donn\u00e9es personnelles, veuillez nous contacter :<\/p><p class=\"\" data-start=\"3739\" data-end=\"3833\">\ud83d\udce7 <strong data-start=\"3742\" data-end=\"3752\">E-mail:<\/strong> <a rel=\"noopener\" data-start=\"3753\" data-end=\"3798\">info@57safari.com<\/a><br data-start=\"3798\" data-end=\"3801\" \/>\ud83d\udcde <strong data-start=\"3804\" data-end=\"3814\">T\u00e9l\u00e9phone:<\/strong> +971 52 334 4891<\/p>\t\t\t\t\t\t\t\t<\/div>\n\t\t\t\t\t<\/div>\n\t\t\t\t<\/div>\n\t\t\t\t<\/div>","protected":false},"excerpt":{"rendered":"<p>Chez 57 Heritage Tourism LLC, nous nous engageons \u00e0 prot\u00e9ger vos informations personnelles et \u00e0 respecter votre vie priv\u00e9e. Cette politique de confidentialit\u00e9 explique comment nous collectons, utilisons, divulguons et prot\u00e9geons vos informations lorsque vous interagissez avec nous via notre site web, par e-mail ou par t\u00e9l\u00e9phone. En utilisant nos services, vous acceptez les pratiques d\u00e9crites dans cette politique. 1. [\u2026]<\/p>","protected":false},"author":8,"featured_media":1343,"parent":0,"menu_order":0,"comment_status":"closed","ping_status":"open","template":"","meta":{"_acf_changed":false,"iawp_total_views":4,"footnotes":""},"class_list":["post-3","page","type-page","status-publish","has-post-thumbnail","hentry"],"acf":[],"_links":{"self":[{"href":"https:\/\/57safari.com\/fr\/wp-json\/wp\/v2\/pages\/3","targetHints":{"allow":["GET"]}}],"collection":[{"href":"https:\/\/57safari.com\/fr\/wp-json\/wp\/v2\/pages"}],"about":[{"href":"https:\/\/57safari.com\/fr\/wp-json\/wp\/v2\/types\/page"}],"author":[{"embeddable":true,"href":"https:\/\/57safari.com\/fr\/wp-json\/wp\/v2\/users\/8"}],"replies":[{"embeddable":true,"href":"https:\/\/57safari.com\/fr\/wp-json\/wp\/v2\/comments?post=3"}],"version-history":[{"count":0,"href":"https:\/\/57safari.com\/fr\/wp-json\/wp\/v2\/pages\/3\/revisions"}],"wp:featuredmedia":[{"embeddable":true,"href":"https:\/\/57safari.com\/fr\/wp-json\/wp\/v2\/media\/1343"}],"wp:attachment":[{"href":"https:\/\/57safari.com\/fr\/wp-json\/wp\/v2\/media?parent=3"}],"curies":[{"name":"wp","href":"https:\/\/api.w.org\/{rel}","templated":true}]}}