{"id":4331,"date":"2024-07-11T17:19:01","date_gmt":"2024-07-11T13:19:01","guid":{"rendered":"https:\/\/57safari.com\/?page_id=4331"},"modified":"2025-09-25T17:19:59","modified_gmt":"2025-09-25T13:19:59","slug":"politique-dannulation","status":"publish","type":"page","link":"https:\/\/57safari.com\/fr\/politique-dannulation\/","title":{"rendered":"Politique d&#039;annulation et de remboursement"},"content":{"rendered":"<div data-elementor-type=\"wp-page\" data-elementor-id=\"4331\" class=\"elementor elementor-4331\" data-elementor-post-type=\"page\">\n\t\t\t\t<div class=\"elementor-element elementor-element-0c326e9 e-flex e-con-boxed e-con e-parent\" data-id=\"0c326e9\" data-element_type=\"container\" data-e-type=\"container\" data-settings=\"{&quot;background_background&quot;:&quot;classic&quot;}\">\n\t\t\t\t\t<div class=\"e-con-inner\">\n\t\t\t\t\t<\/div>\n\t\t\t\t<\/div>\n\t\t<div class=\"elementor-element elementor-element-0af03c0 e-flex e-con-boxed e-con e-parent\" data-id=\"0af03c0\" data-element_type=\"container\" data-e-type=\"container\">\n\t\t\t\t\t<div class=\"e-con-inner\">\n\t\t\t\t<div class=\"elementor-element elementor-element-165aeb6 elementor-widget elementor-widget-text-editor\" data-id=\"165aeb6\" data-element_type=\"widget\" data-e-type=\"widget\" data-widget_type=\"text-editor.default\">\n\t\t\t\t\t\t\t\t\t<p data-pm-slice=\"1 1 []\"><strong>1. Admissibilit\u00e9 au remboursement int\u00e9gral :<\/strong><\/p><ul data-spread=\"false\"><li><p>Annulations ou modifications effectu\u00e9es <strong>au moins 24 heures avant le d\u00e9part du voyage<\/strong> se qualifier pour un <strong>remboursement int\u00e9gral<\/strong>.<\/p><\/li><\/ul><p><strong>2. Cas non remboursables :<\/strong><\/p><ul data-spread=\"false\"><li><p>Annulations effectu\u00e9es <strong>dans les 24 heures suivant le d\u00e9part du voyage<\/strong> sont <strong>non \u00e9ligible \u00e0 un remboursement<\/strong>.<\/p><\/li><li><p>Ne pas rejoindre la tourn\u00e9e, rejoindre <strong>apr\u00e8s le d\u00e9part<\/strong>, ou partir avant son ach\u00e8vement <strong>annule tout remboursement<\/strong>.<\/p><\/li><\/ul><p><strong>3. M\u00e9t\u00e9o et retards op\u00e9rationnels :<\/strong><\/p><ul data-spread=\"false\"><li><p>Dans les cas de <strong>intemp\u00e9ries<\/strong>, les invit\u00e9s se verront proposer soit un <strong>remboursement complet ou une date de r\u00e9servation alternative<\/strong>.<\/p><\/li><li><p>Aucun remboursement n&#039;est pr\u00e9vu pour <strong>retards, r\u00e9ductions ou modifications raisonnables<\/strong> \u00e0 un voyage en raison de conditions m\u00e9t\u00e9orologiques ou de pannes m\u00e9caniques.<\/p><\/li><\/ul><p><strong>4. Traitement des paiements et des remboursements :<\/strong><\/p><ul data-spread=\"false\"><li><p>Les paiements sont accept\u00e9s en ligne via <strong>Visa et MasterCard<\/strong> dans le DEA.<\/p><\/li><li><p>Les remboursements sont trait\u00e9s via le <strong>mode de paiement original<\/strong>.<\/p><\/li><li><p>Remboursements pour les paiements effectu\u00e9s via <strong>passerelles de paiement en ligne<\/strong> sera trait\u00e9 <strong>moins les frais de transaction applicables<\/strong>.<\/p><\/li><\/ul><p><strong>5. Loi applicable :<\/strong><\/p><ul data-spread=\"false\"><li><p>Tout litige d\u00e9coulant de ou li\u00e9 \u00e0 ce site Web sera <strong>r\u00e9gi par les lois des \u00c9mirats arabes unis<\/strong>.<\/p><\/li><\/ul><p>Ces <strong>politiques d&#039;annulation et de remboursement<\/strong> sont susceptibles d&#039;\u00eatre modifi\u00e9s \u00e0 la discr\u00e9tion de <strong>57 Tourisme du patrimoine LLC<\/strong>En utilisant nos services, vous acceptez et vous engagez \u00e0 respecter ces conditions.<\/p><p>Pour toute question ou clarification, veuillez nous contacter \u00e0 <a><strong>info@57safari.com<\/strong><\/a> ou appelez <strong>+971 52 334 4891<\/strong>.<\/p>\t\t\t\t\t\t\t\t<\/div>\n\t\t\t\t\t<\/div>\n\t\t\t\t<\/div>\n\t\t\t\t<\/div>","protected":false},"excerpt":{"rendered":"<p>1. Admissibilit\u00e9 au remboursement int\u00e9gral\u00a0: Les annulations ou modifications effectu\u00e9es au moins 24\u00a0heures avant le d\u00e9part du circuit donnent droit \u00e0 un remboursement int\u00e9gral. 2. Cas non remboursables\u00a0: Les annulations effectu\u00e9es dans les 24\u00a0heures pr\u00e9c\u00e9dant le d\u00e9part du circuit ne donnent droit \u00e0 aucun remboursement. Tout remboursement sera annul\u00e9 en cas de non-participation au circuit, de participation apr\u00e8s le d\u00e9part ou de d\u00e9part anticip\u00e9. [\u2026]<\/p>","protected":false},"author":8,"featured_media":0,"parent":0,"menu_order":0,"comment_status":"closed","ping_status":"closed","template":"","meta":{"_acf_changed":false,"iawp_total_views":17,"footnotes":""},"class_list":["post-4331","page","type-page","status-publish","hentry"],"acf":[],"_links":{"self":[{"href":"https:\/\/57safari.com\/fr\/wp-json\/wp\/v2\/pages\/4331","targetHints":{"allow":["GET"]}}],"collection":[{"href":"https:\/\/57safari.com\/fr\/wp-json\/wp\/v2\/pages"}],"about":[{"href":"https:\/\/57safari.com\/fr\/wp-json\/wp\/v2\/types\/page"}],"author":[{"embeddable":true,"href":"https:\/\/57safari.com\/fr\/wp-json\/wp\/v2\/users\/8"}],"replies":[{"embeddable":true,"href":"https:\/\/57safari.com\/fr\/wp-json\/wp\/v2\/comments?post=4331"}],"version-history":[{"count":0,"href":"https:\/\/57safari.com\/fr\/wp-json\/wp\/v2\/pages\/4331\/revisions"}],"wp:attachment":[{"href":"https:\/\/57safari.com\/fr\/wp-json\/wp\/v2\/media?parent=4331"}],"curies":[{"name":"wp","href":"https:\/\/api.w.org\/{rel}","templated":true}]}}