{"id":9,"date":"2023-07-18T12:25:19","date_gmt":"2023-07-18T12:25:19","guid":{"rendered":"http:\/\/localhost\/safari-57\/?page_id=9"},"modified":"2025-10-20T20:32:13","modified_gmt":"2025-10-20T16:32:13","slug":"notre-histoire","status":"publish","type":"page","link":"https:\/\/57safari.com\/fr\/notre-histoire\/","title":{"rendered":"Notre histoire : Safari du patrimoine 57"},"content":{"rendered":"<div data-elementor-type=\"wp-page\" data-elementor-id=\"9\" class=\"elementor elementor-9\" data-elementor-post-type=\"page\">\n\t\t\t\t<div class=\"elementor-element elementor-element-a06fb1a e-flex e-con-boxed e-con e-parent\" data-id=\"a06fb1a\" data-element_type=\"container\" data-e-type=\"container\" data-settings=\"{&quot;background_background&quot;:&quot;classic&quot;}\">\n\t\t\t\t\t<div class=\"e-con-inner\">\n\t\t\t\t\t<\/div>\n\t\t\t\t<\/div>\n\t\t<div class=\"elementor-element elementor-element-8a59590 e-flex e-con-boxed e-con e-parent\" data-id=\"8a59590\" data-element_type=\"container\" data-e-type=\"container\">\n\t\t\t\t\t<div class=\"e-con-inner\">\n\t\t\t\t<div class=\"elementor-element elementor-element-455dd9c elementor-widget elementor-widget-text-editor\" data-id=\"455dd9c\" data-element_type=\"widget\" data-e-type=\"widget\" data-widget_type=\"text-editor.default\">\n\t\t\t\t\t\t\t\t\t<p data-start=\"142\" data-end=\"426\">Chez 57 Safari, chaque voyage est une ode au patrimoine, \u00e0 l&#039;aventure et \u00e0 la beaut\u00e9 intemporelle du d\u00e9sert. Tout a commenc\u00e9 avec la volont\u00e9 de faire revivre l&#039;esprit du d\u00e9sert d&#039;Arabie tout en rendant hommage au l\u00e9gendaire Land Rover de 1957, symbole d&#039;exploration et de d\u00e9couverte aux \u00c9mirats.<\/p><p data-start=\"428\" data-end=\"646\">Nous voulions cr\u00e9er bien plus qu&#039;un simple safari dans le d\u00e9sert. Nous souhaitions une exp\u00e9rience o\u00f9 histoire, culture et luxe se conjuguent, o\u00f9 chaque instant est unique et o\u00f9 chaque invit\u00e9 se sent au c\u0153ur de l&#039;aventure.<\/p>\t\t\t\t\t\t\t\t<\/div>\n\t\t\t\t\t<\/div>\n\t\t\t\t<\/div>\n\t\t<div class=\"elementor-element elementor-element-386e6c1 e-grid e-con-boxed e-con e-parent\" data-id=\"386e6c1\" data-element_type=\"container\" data-e-type=\"container\">\n\t\t\t\t\t<div class=\"e-con-inner\">\n\t\t<div class=\"elementor-element elementor-element-e9953a2 e-con-full e-flex e-con e-child\" data-id=\"e9953a2\" data-element_type=\"container\" data-e-type=\"container\">\n\t\t\t\t<div class=\"elementor-element elementor-element-8cc941e elementor-widget elementor-widget-heading\" data-id=\"8cc941e\" data-element_type=\"widget\" data-e-type=\"widget\" data-widget_type=\"heading.default\">\n\t\t\t\t\t<h2 class=\"elementor-heading-title elementor-size-default\">Notre vision<\/h2>\t\t\t\t<\/div>\n\t\t\t\t<div class=\"elementor-element elementor-element-fa6c6f3 elementor-widget elementor-widget-text-editor\" data-id=\"fa6c6f3\" data-element_type=\"widget\" data-e-type=\"widget\" data-widget_type=\"text-editor.default\">\n\t\t\t\t\t\t\t\t\t<p>Depuis nos d\u00e9buts, notre mission est de cr\u00e9er des exp\u00e9riences authentiques, immersives et inoubliables. Nous faisons les choses diff\u00e9remment car chaque d\u00e9tail compte.<\/p>\t\t\t\t\t\t\t\t<\/div>\n\t\t\t\t<\/div>\n\t\t<div class=\"elementor-element elementor-element-fde4a61 e-con-full e-flex e-con e-child\" data-id=\"fde4a61\" data-element_type=\"container\" data-e-type=\"container\">\n\t\t\t\t<div class=\"elementor-element elementor-element-5c5f25f elementor-widget elementor-widget-heading\" data-id=\"5c5f25f\" data-element_type=\"widget\" data-e-type=\"widget\" data-widget_type=\"heading.default\">\n\t\t\t\t\t<h3 class=\"elementor-heading-title elementor-size-default\">Restauration<\/h3>\t\t\t\t<\/div>\n\t\t\t\t<div class=\"elementor-element elementor-element-30f90b7 elementor-widget elementor-widget-text-editor\" data-id=\"30f90b7\" data-element_type=\"widget\" data-e-type=\"widget\" data-widget_type=\"text-editor.default\">\n\t\t\t\t\t\t\t\t\t<p>Savourez des plats arabes fra\u00eechement pr\u00e9par\u00e9s, servis \u00e0 votre table dans un espace intime et confortable. Servis \u00e0 volont\u00e9, chicha et service attentionn\u00e9 font de chaque repas un moment d&#039;exception.<\/p>\t\t\t\t\t\t\t\t<\/div>\n\t\t\t\t<\/div>\n\t\t<div class=\"elementor-element elementor-element-cbcc9f2 e-con-full e-flex e-con e-child\" data-id=\"cbcc9f2\" data-element_type=\"container\" data-e-type=\"container\">\n\t\t\t\t<div class=\"elementor-element elementor-element-1899b92 elementor-widget elementor-widget-heading\" data-id=\"1899b92\" data-element_type=\"widget\" data-e-type=\"widget\" data-widget_type=\"heading.default\">\n\t\t\t\t\t<h3 class=\"elementor-heading-title elementor-size-default\">Confort et espace<\/h3>\t\t\t\t<\/div>\n\t\t\t\t<div class=\"elementor-element elementor-element-3cf71bd elementor-widget elementor-widget-text-editor\" data-id=\"3cf71bd\" data-element_type=\"widget\" data-e-type=\"widget\" data-widget_type=\"text-editor.default\">\n\t\t\t\t\t\t\t\t\t<p>Voyagez dans des transferts de luxe jamais surcharg\u00e9s. Les excursions sont soigneusement organis\u00e9es, les toilettes sont climatis\u00e9es et chaque passager b\u00e9n\u00e9ficie d&#039;un traitement VIP.<\/p>\t\t\t\t\t\t\t\t<\/div>\n\t\t\t\t<\/div>\n\t\t<div class=\"elementor-element elementor-element-e32bad8 e-con-full e-flex e-con e-child\" data-id=\"e32bad8\" data-element_type=\"container\" data-e-type=\"container\">\n\t\t\t\t<div class=\"elementor-element elementor-element-c951069 elementor-widget elementor-widget-heading\" data-id=\"c951069\" data-element_type=\"widget\" data-e-type=\"widget\" data-widget_type=\"heading.default\">\n\t\t\t\t\t<h3 class=\"elementor-heading-title elementor-size-default\">Transparence et confiance<\/h3>\t\t\t\t<\/div>\n\t\t\t\t<div class=\"elementor-element elementor-element-bbc6332 elementor-widget elementor-widget-text-editor\" data-id=\"bbc6332\" data-element_type=\"widget\" data-e-type=\"widget\" data-widget_type=\"text-editor.default\">\n\t\t\t\t\t\t\t\t\t<p>Nos guides agr\u00e9\u00e9s et nos chauffeurs exp\u00e9riment\u00e9s vous offrent un service s\u00fbr et professionnel. Des options suppl\u00e9mentaires sont propos\u00e9es sans obligation d&#039;achat et \u00e0 un prix totalement transparent. Les photographes vous demandent toujours votre autorisation avant de prendre des photos\u00a0: votre confort est notre priorit\u00e9.<\/p>\t\t\t\t\t\t\t\t<\/div>\n\t\t\t\t<\/div>\n\t\t<div class=\"elementor-element elementor-element-ef6cce7 e-con-full e-flex e-con e-child\" data-id=\"ef6cce7\" data-element_type=\"container\" data-e-type=\"container\">\n\t\t\t\t<div class=\"elementor-element elementor-element-5a5054b elementor-widget elementor-widget-heading\" data-id=\"5a5054b\" data-element_type=\"widget\" data-e-type=\"widget\" data-widget_type=\"heading.default\">\n\t\t\t\t\t<h3 class=\"elementor-heading-title elementor-size-default\">Authenticit\u00e9 et patrimoine<\/h3>\t\t\t\t<\/div>\n\t\t\t\t<div class=\"elementor-element elementor-element-fb346a9 elementor-widget elementor-widget-text-editor\" data-id=\"fb346a9\" data-element_type=\"widget\" data-e-type=\"widget\" data-widget_type=\"text-editor.default\">\n\t\t\t\t\t\t\t\t\t<p>Explorez le v\u00e9ritable d\u00e9sert au sein de la R\u00e9serve de conservation du d\u00e9sert de Duba\u00ef. Observez la faune sauvage dans son habitat naturel et assistez \u00e0 des vols de fauconnerie. Chaque exp\u00e9rience, con\u00e7ue selon la vision de fondateurs \u00e9miratis et moyen-orientaux, offre d&#039;incroyables opportunit\u00e9s photographiques.<\/p>\t\t\t\t\t\t\t\t<\/div>\n\t\t\t\t<\/div>\n\t\t<div class=\"elementor-element elementor-element-7d2ae30 e-con-full e-flex e-con e-child\" data-id=\"7d2ae30\" data-element_type=\"container\" data-e-type=\"container\">\n\t\t\t\t<div class=\"elementor-element elementor-element-8b0ddcd elementor-widget elementor-widget-heading\" data-id=\"8b0ddcd\" data-element_type=\"widget\" data-e-type=\"widget\" data-widget_type=\"heading.default\">\n\t\t\t\t\t<h3 class=\"elementor-heading-title elementor-size-default\">Exp\u00e9riences adapt\u00e9es aux familles<\/h3>\t\t\t\t<\/div>\n\t\t\t\t<div class=\"elementor-element elementor-element-5e89d15 elementor-widget elementor-widget-text-editor\" data-id=\"5e89d15\" data-element_type=\"widget\" data-e-type=\"widget\" data-widget_type=\"text-editor.default\">\n\t\t\t\t\t\t\t\t\t<p>Les enfants disposent d&#039;espaces qui leur sont r\u00e9serv\u00e9s et de repas sp\u00e9cialement con\u00e7us pour eux. Chaque activit\u00e9 est pens\u00e9e pour que les visiteurs de tous \u00e2ges puissent partager l&#039;aventure ensemble.<\/p>\t\t\t\t\t\t\t\t<\/div>\n\t\t\t\t<\/div>\n\t\t\t\t\t<\/div>\n\t\t\t\t<\/div>\n\t\t<div class=\"elementor-element elementor-element-67429f3 e-flex e-con-boxed e-con e-parent\" data-id=\"67429f3\" data-element_type=\"container\" data-e-type=\"container\" data-settings=\"{&quot;background_background&quot;:&quot;classic&quot;}\">\n\t\t\t\t\t<div class=\"e-con-inner\">\n\t\t\t\t<div class=\"elementor-element elementor-element-3b0b236 elementor-widget elementor-widget-heading\" data-id=\"3b0b236\" data-element_type=\"widget\" data-e-type=\"widget\" data-widget_type=\"heading.default\">\n\t\t\t\t\t<h2 class=\"elementor-heading-title elementor-size-default\">Pourquoi nous le faisons<\/h2>\t\t\t\t<\/div>\n\t\t\t\t<div class=\"elementor-element elementor-element-c579515 elementor-widget elementor-widget-text-editor\" data-id=\"c579515\" data-element_type=\"widget\" data-e-type=\"widget\" data-widget_type=\"text-editor.default\">\n\t\t\t\t\t\t\t\t\t<p>Pour nous, le d\u00e9sert est bien plus que du sable et des dunes. C&#039;est un r\u00e9cit vivant de culture, de faune et de liens humains. Chez 57 Safari, nous cr\u00e9ons des aventures aussi uniques que ceux qui les vivent, leur laissant des souvenirs imp\u00e9rissables.<\/p>\t\t\t\t\t\t\t\t<\/div>\n\t\t\t\t\t<\/div>\n\t\t\t\t<\/div>\n\t\t<div class=\"elementor-element elementor-element-de3da15 e-flex e-con-boxed e-con e-parent\" data-id=\"de3da15\" data-element_type=\"container\" data-e-type=\"container\">\n\t\t\t\t\t<div class=\"e-con-inner\">\n\t\t<div class=\"elementor-element elementor-element-8f6398a e-con-full e-flex e-con e-child\" data-id=\"8f6398a\" data-element_type=\"container\" data-e-type=\"container\">\n\t\t\t\t<div class=\"elementor-element elementor-element-5e56ea3 elementor-widget elementor-widget-heading\" data-id=\"5e56ea3\" data-element_type=\"widget\" data-e-type=\"widget\" data-widget_type=\"heading.default\">\n\t\t\t\t\t<h2 class=\"elementor-heading-title elementor-size-default\">D\u00e9couvrez le d\u00e9sert avec nous<\/h2>\t\t\t\t<\/div>\n\t\t\t\t<div class=\"elementor-element elementor-element-05df535 elementor-widget elementor-widget-text-editor\" data-id=\"05df535\" data-element_type=\"widget\" data-e-type=\"widget\" data-widget_type=\"text-editor.default\">\n\t\t\t\t\t\t\t\t\t<p data-start=\"2712\" data-end=\"2851\">Plongez dans notre histoire et d\u00e9couvrez nos 57 circuits safari dans le d\u00e9sert pour 2024. Patrimoine, authenticit\u00e9 et luxe vous attendent, le tout pens\u00e9 pour vous.<\/p><p data-start=\"2853\" data-end=\"2931\">Bienvenue au 57 Heritage Safari, o\u00f9 l&#039;histoire, la culture et le luxe prennent vie.<\/p>\t\t\t\t\t\t\t\t<\/div>\n\t\t\t\t<\/div>\n\t\t<div class=\"elementor-element elementor-element-7c83b45 e-con-full e-flex e-con e-child\" data-id=\"7c83b45\" data-element_type=\"container\" data-e-type=\"container\" data-settings=\"{&quot;background_background&quot;:&quot;classic&quot;}\">\n\t\t\t\t<\/div>\n\t\t\t\t\t<\/div>\n\t\t\t\t<\/div>\n\t\t\t\t<\/div>","protected":false},"excerpt":{"rendered":"<p>Chez 57 Safari, chaque voyage est une invitation au voyage, un r\u00e9cit d&#039;h\u00e9ritage, d&#039;aventure et de la beaut\u00e9 intemporelle du d\u00e9sert. Tout a commenc\u00e9 avec la volont\u00e9 de faire revivre l&#039;esprit du d\u00e9sert d&#039;Arabie tout en rendant hommage au l\u00e9gendaire Land Rover de 1957, symbole d&#039;exploration et de d\u00e9couverte aux \u00c9mirats. Nous souhaitions cr\u00e9er davantage [\u2026]<\/p>","protected":false},"author":8,"featured_media":0,"parent":0,"menu_order":0,"comment_status":"closed","ping_status":"closed","template":"","meta":{"_acf_changed":false,"iawp_total_views":23,"footnotes":""},"class_list":["post-9","page","type-page","status-publish","hentry"],"acf":[],"_links":{"self":[{"href":"https:\/\/57safari.com\/fr\/wp-json\/wp\/v2\/pages\/9","targetHints":{"allow":["GET"]}}],"collection":[{"href":"https:\/\/57safari.com\/fr\/wp-json\/wp\/v2\/pages"}],"about":[{"href":"https:\/\/57safari.com\/fr\/wp-json\/wp\/v2\/types\/page"}],"author":[{"embeddable":true,"href":"https:\/\/57safari.com\/fr\/wp-json\/wp\/v2\/users\/8"}],"replies":[{"embeddable":true,"href":"https:\/\/57safari.com\/fr\/wp-json\/wp\/v2\/comments?post=9"}],"version-history":[{"count":0,"href":"https:\/\/57safari.com\/fr\/wp-json\/wp\/v2\/pages\/9\/revisions"}],"wp:attachment":[{"href":"https:\/\/57safari.com\/fr\/wp-json\/wp\/v2\/media?parent=9"}],"curies":[{"name":"wp","href":"https:\/\/api.w.org\/{rel}","templated":true}]}}