{"id":924,"date":"2023-12-27T04:59:32","date_gmt":"2023-12-27T00:59:32","guid":{"rendered":"https:\/\/57safari.com\/?page_id=924"},"modified":"2025-07-12T19:39:45","modified_gmt":"2025-07-12T15:39:45","slug":"conditions-generales","status":"publish","type":"page","link":"https:\/\/57safari.com\/fr\/conditions-generales\/","title":{"rendered":"Conditions g\u00e9n\u00e9rales"},"content":{"rendered":"<div data-elementor-type=\"wp-page\" data-elementor-id=\"924\" class=\"elementor elementor-924\" data-elementor-post-type=\"page\">\n\t\t\t\t<div class=\"elementor-element elementor-element-dc682b9 e-flex e-con-boxed e-con e-parent\" data-id=\"dc682b9\" data-element_type=\"container\" data-e-type=\"container\" data-settings=\"{&quot;background_background&quot;:&quot;classic&quot;}\">\n\t\t\t\t\t<div class=\"e-con-inner\">\n\t\t\t\t\t<\/div>\n\t\t\t\t<\/div>\n\t\t<div class=\"elementor-element elementor-element-45412dc e-flex e-con-boxed e-con e-parent\" data-id=\"45412dc\" data-element_type=\"container\" data-e-type=\"container\">\n\t\t\t\t\t<div class=\"e-con-inner\">\n\t\t\t\t<div class=\"elementor-element elementor-element-d8a8731 elementor-widget elementor-widget-text-editor\" data-id=\"d8a8731\" data-element_type=\"widget\" data-e-type=\"widget\" data-widget_type=\"text-editor.default\">\n\t\t\t\t\t\t\t\t\t<h3 class=\"\" data-start=\"187\" data-end=\"217\"><strong data-start=\"191\" data-end=\"217\">1. Informations g\u00e9n\u00e9rales<\/strong><\/h3><ul data-start=\"218\" data-end=\"708\"><li class=\"\" data-start=\"218\" data-end=\"330\"><p class=\"\" data-start=\"220\" data-end=\"330\">57 Heritage Tourism LLC est domicili\u00e9e aux \u00c9mirats arabes unis et tous les services sont r\u00e9gis par les lois des \u00c9mirats arabes unis.<\/p><\/li><li class=\"\" data-start=\"331\" data-end=\"398\"><p class=\"\" data-start=\"333\" data-end=\"398\">Nos services ne seront pas fournis aux pays sanctionn\u00e9s par l&#039;OFAC.<\/p><\/li><li class=\"\" data-start=\"399\" data-end=\"508\"><p class=\"\" data-start=\"401\" data-end=\"508\">Les mineurs de moins de 18 ans ne sont pas autoris\u00e9s \u00e0 s&#039;inscrire en tant qu&#039;utilisateurs ni \u00e0 effectuer des transactions sur ce site Web.<\/p><\/li><li class=\"\" data-start=\"509\" data-end=\"627\"><p class=\"\" data-start=\"511\" data-end=\"627\">Les titulaires de carte doivent conserver des copies de leurs relev\u00e9s de transactions et se conformer aux politiques et r\u00e9glementations du commer\u00e7ant.<\/p><\/li><li class=\"\" data-start=\"628\" data-end=\"708\"><p class=\"\" data-start=\"630\" data-end=\"708\">Les utilisateurs sont responsables de garantir la confidentialit\u00e9 et la s\u00e9curit\u00e9 de leurs comptes.<\/p><\/li><\/ul><hr class=\"\" data-start=\"710\" data-end=\"713\" \/><h3 class=\"\" data-start=\"715\" data-end=\"747\"><strong data-start=\"719\" data-end=\"747\">2. Itin\u00e9raire et modifications<\/strong><\/h3><ul data-start=\"748\" data-end=\"1163\"><li class=\"\" data-start=\"748\" data-end=\"900\"><p class=\"\" data-start=\"750\" data-end=\"900\">Les itin\u00e9raires sont exacts au moment de la publication mais peuvent subir de l\u00e9g\u00e8res modifications pour am\u00e9lioration ou en raison de facteurs externes ind\u00e9pendants de notre volont\u00e9.<\/p><\/li><li class=\"\" data-start=\"901\" data-end=\"1025\"><p class=\"\" data-start=\"903\" data-end=\"1025\">Si un service ou une activit\u00e9 sp\u00e9cifique ne peut \u00eatre fourni comme indiqu\u00e9, des alternatives appropri\u00e9es seront propos\u00e9es dans la mesure du possible.<\/p><\/li><li class=\"\" data-start=\"1026\" data-end=\"1163\"><p class=\"\" data-start=\"1028\" data-end=\"1163\">Des modifications d\u2019itin\u00e9raires peuvent survenir en raison des conditions saisonni\u00e8res, des conditions m\u00e9t\u00e9orologiques extr\u00eames, des catastrophes naturelles ou des exigences des r\u00e9serves de conservation.<\/p><\/li><\/ul><hr class=\"\" data-start=\"1165\" data-end=\"1168\" \/><h3 class=\"\" data-start=\"1170\" data-end=\"1201\"><strong data-start=\"1174\" data-end=\"1201\">3. Prix et validit\u00e9<\/strong><\/h3><ul data-start=\"1202\" data-end=\"1331\"><li class=\"\" data-start=\"1202\" data-end=\"1262\"><p class=\"\" data-start=\"1204\" data-end=\"1262\">Les prix sont indiqu\u00e9s en AED (Dirhams des \u00c9mirats arabes unis).<\/p><\/li><li class=\"\" data-start=\"1263\" data-end=\"1331\"><p class=\"\" data-start=\"1265\" data-end=\"1331\">La soci\u00e9t\u00e9 se r\u00e9serve le droit de modifier les prix \u00e0 sa discr\u00e9tion.<\/p><\/li><\/ul><hr class=\"\" data-start=\"1333\" data-end=\"1336\" \/><h3 class=\"\" data-start=\"1338\" data-end=\"1365\"><strong data-start=\"1342\" data-end=\"1365\">4. Assurance voyage<\/strong><\/h3><ul data-start=\"1366\" data-end=\"1603\"><li class=\"\" data-start=\"1366\" data-end=\"1506\"><p class=\"\" data-start=\"1368\" data-end=\"1506\">Nous vous conseillons vivement de souscrire une assurance voyage ad\u00e9quate couvrant les circonstances impr\u00e9vues emp\u00eachant la participation aux circuits programm\u00e9s.<\/p><\/li><li class=\"\" data-start=\"1507\" data-end=\"1603\"><p class=\"\" data-start=\"1509\" data-end=\"1603\">Sur demande, nous vous aiderons \u00e0 fournir la documentation n\u00e9cessaire \u00e0 votre compagnie d&#039;assurance.<\/p><\/li><\/ul><hr class=\"\" data-start=\"1605\" data-end=\"1608\" \/><h3 class=\"\" data-start=\"1610\" data-end=\"1648\"><strong data-start=\"1614\" data-end=\"1648\">5. M\u00e9t\u00e9o et op\u00e9rations touristiques<\/strong><\/h3><ul data-start=\"1649\" data-end=\"1870\"><li class=\"\" data-start=\"1649\" data-end=\"1742\"><p class=\"\" data-start=\"1651\" data-end=\"1742\">En cas de mauvais temps, un remboursement complet ou une autre date de r\u00e9servation sera propos\u00e9.<\/p><\/li><li class=\"\" data-start=\"1743\" data-end=\"1870\"><p class=\"\" data-start=\"1745\" data-end=\"1870\">Aucun remboursement n&#039;est accord\u00e9 en cas de retard, de r\u00e9duction ou de modification raisonnables dus aux conditions m\u00e9t\u00e9orologiques ou aux pannes m\u00e9caniques.<\/p><\/li><\/ul><hr class=\"\" data-start=\"2105\" data-end=\"2108\" \/><h3 class=\"\" data-start=\"2110\" data-end=\"2140\"><strong data-start=\"2114\" data-end=\"2140\">6. Reconnaissance des risques<\/strong><\/h3><ul data-start=\"2141\" data-end=\"2292\"><li class=\"\" data-start=\"2141\" data-end=\"2292\"><p class=\"\" data-start=\"2143\" data-end=\"2292\">Les participants reconnaissent les risques inh\u00e9rents aux activit\u00e9s et sont responsables de leur s\u00e9curit\u00e9, en acceptant de se conformer aux consignes de s\u00e9curit\u00e9 fournies.<\/p><\/li><\/ul><hr class=\"\" data-start=\"2294\" data-end=\"2297\" \/><h3 class=\"\" data-start=\"2299\" data-end=\"2337\"><strong data-start=\"2303\" data-end=\"2337\">7. Exigences en mati\u00e8re d&#039;\u00e2ge et de sant\u00e9<\/strong><\/h3><ul data-start=\"2338\" data-end=\"2658\"><li class=\"\" data-start=\"2338\" data-end=\"2406\"><p class=\"\" data-start=\"2340\" data-end=\"2406\">Les enfants de moins de 5 ans ne sont pas autoris\u00e9s dans les v\u00e9hicules partag\u00e9s.<\/p><\/li><li class=\"\" data-start=\"2407\" data-end=\"2511\"><p class=\"\" data-start=\"2409\" data-end=\"2511\">Des dispositions sp\u00e9cifiques peuvent \u00eatre prises pour les enfants \u00e2g\u00e9s de 12 mois \u00e0 5 ans en v\u00e9hicule priv\u00e9.<\/p><\/li><li class=\"\" data-start=\"2512\" data-end=\"2658\"><p class=\"\" data-start=\"2514\" data-end=\"2658\">Certaines activit\u00e9s sont soumises \u00e0 des restrictions d&#039;\u00e2ge, et il est d\u00e9conseill\u00e9 aux femmes enceintes de participer \u00e0 certaines exp\u00e9riences, en particulier en fin de grossesse.<\/p><\/li><\/ul><hr class=\"\" data-start=\"2660\" data-end=\"2663\" \/><h3 class=\"\" data-start=\"2665\" data-end=\"2695\"><strong data-start=\"2669\" data-end=\"2695\">8. Pr\u00e9f\u00e9rences alimentaires<\/strong><\/h3><ul data-start=\"2696\" data-end=\"2797\"><li class=\"\" data-start=\"2696\" data-end=\"2797\"><p class=\"\" data-start=\"2698\" data-end=\"2797\">Nous r\u00e9pondons \u00e0 tous les besoins alimentaires ; veuillez nous informer de toute exigence alimentaire au moment de la r\u00e9servation.<\/p><\/li><\/ul><hr class=\"\" data-start=\"2799\" data-end=\"2802\" \/><h3 class=\"\" data-start=\"2804\" data-end=\"2846\"><strong data-start=\"2808\" data-end=\"2846\">9. Tabagisme, alcool et comportement<\/strong><\/h3><ul data-start=\"2847\" data-end=\"3111\"><li class=\"\" data-start=\"2847\" data-end=\"2894\"><p class=\"\" data-start=\"2849\" data-end=\"2894\">Il est interdit de fumer \u00e0 l&#039;int\u00e9rieur des v\u00e9hicules de tourisme.<\/p><\/li><li class=\"\" data-start=\"2895\" data-end=\"2961\"><p class=\"\" data-start=\"2897\" data-end=\"2961\">Le transport d\u2019alcool dans les v\u00e9hicules touristiques est ill\u00e9gal en vertu de la loi des \u00c9mirats arabes unis.<\/p><\/li><li class=\"\" data-start=\"2962\" data-end=\"3111\"><p class=\"\" data-start=\"2964\" data-end=\"3111\">La soci\u00e9t\u00e9 se r\u00e9serve le droit de refuser le service aux personnes affichant un comportement pr\u00e9judiciable au plaisir du groupe ou constituant une menace pour la s\u00e9curit\u00e9.<\/p><\/li><\/ul><hr class=\"\" data-start=\"3113\" data-end=\"3116\" \/><h3 class=\"\" data-start=\"3118\" data-end=\"3150\"><strong data-start=\"3122\" data-end=\"3150\">10. Paiement et litiges<\/strong><\/h3><ul data-start=\"3151\" data-end=\"3374\"><li class=\"\" data-start=\"3151\" data-end=\"3215\"><p class=\"\" data-start=\"3153\" data-end=\"3215\">Les paiements sont accept\u00e9s en ligne via Visa et MasterCard en AED.<\/p><\/li><li class=\"\" data-start=\"3216\" data-end=\"3275\"><p class=\"\" data-start=\"3218\" data-end=\"3275\">Les remboursements sont trait\u00e9s via le mode de paiement d&#039;origine.<\/p><\/li><li class=\"\" data-start=\"3276\" data-end=\"3374\"><p class=\"\" data-start=\"3278\" data-end=\"3374\">Tout litige d\u00e9coulant ou li\u00e9 \u00e0 ce site Web sera r\u00e9gi par les lois des \u00c9mirats arabes unis.<\/p><\/li><\/ul><hr class=\"\" data-start=\"3376\" data-end=\"3379\" \/><h3 class=\"\" data-start=\"3381\" data-end=\"3409\"><strong data-start=\"3385\" data-end=\"3409\">11. Utilisation de la technologie<\/strong><\/h3><ul data-start=\"3410\" data-end=\"3692\"><li class=\"\" data-start=\"3410\" data-end=\"3507\"><p class=\"\" data-start=\"3412\" data-end=\"3507\">Les v\u00e9hicules peuvent \u00eatre \u00e9quip\u00e9s de la technologie de cam\u00e9ra de tableau de bord \u00e0 des fins juridiques, d\u2019assurance et de formation.<\/p><\/li><li class=\"\" data-start=\"3508\" data-end=\"3692\"><p class=\"\" data-start=\"3510\" data-end=\"3692\">Les drones sont interdits lors des spectacles r\u00e9guliers de faucons, sauf circonstances particuli\u00e8res approuv\u00e9es \u00e0 l&#039;avance par 57 Heritage Tourism LLC et l&#039;Autorit\u00e9 g\u00e9n\u00e9rale de l&#039;aviation civile des \u00c9mirats arabes unis (GCAA).<\/p><\/li><\/ul><hr class=\"\" data-start=\"3694\" data-end=\"3697\" \/><h3 class=\"\" data-start=\"3699\" data-end=\"3739\"><strong data-start=\"3703\" data-end=\"3739\">12. Droits de photographie et d&#039;image<\/strong><\/h3><ul data-start=\"3740\" data-end=\"3903\"><li class=\"\" data-start=\"3740\" data-end=\"3903\"><p class=\"\" data-start=\"3742\" data-end=\"3903\">Les participants acceptent la capture potentielle de leurs images, accordant \u00e0 l&#039;entreprise une licence perp\u00e9tuelle et libre de droits pour utiliser ces images \u00e0 des fins promotionnelles.<\/p><\/li><\/ul><hr class=\"\" data-start=\"3905\" data-end=\"3908\" \/><h3 class=\"\" data-start=\"3910\" data-end=\"3950\"><strong data-start=\"3914\" data-end=\"3950\">13. Politique d&#039;annulation et de remboursement<\/strong><\/h3><p class=\"\" data-start=\"3952\" data-end=\"3982\"><strong data-start=\"3952\" data-end=\"3980\">Admissibilit\u00e9 au remboursement int\u00e9gral :<\/strong><\/p><ul data-start=\"3983\" data-end=\"4088\"><li class=\"\" data-start=\"3983\" data-end=\"4088\"><p class=\"\" data-start=\"3985\" data-end=\"4088\">Les annulations ou modifications effectu\u00e9es au moins 48 heures avant le d\u00e9part du voyage donnent droit \u00e0 un remboursement complet.<\/p><\/li><\/ul><p class=\"\" data-start=\"4090\" data-end=\"4111\"><strong data-start=\"4090\" data-end=\"4109\">Non remboursable :<\/strong><\/p><ul data-start=\"4112\" data-end=\"4307\"><li class=\"\" data-start=\"4112\" data-end=\"4203\"><p class=\"\" data-start=\"4114\" data-end=\"4203\">Les annulations effectu\u00e9es dans les 48 heures pr\u00e9c\u00e9dant le d\u00e9part du voyage ne donnent pas droit \u00e0 un remboursement.<\/p><\/li><li class=\"\" data-start=\"4204\" data-end=\"4307\"><p class=\"\" data-start=\"4206\" data-end=\"4307\">Le fait de ne pas se joindre au voyage, de s&#039;y joindre apr\u00e8s le d\u00e9part ou de partir avant la fin du voyage annule tout remboursement.<\/p><\/li><\/ul><p class=\"\" data-start=\"4309\" data-end=\"4346\"><strong data-start=\"4309\" data-end=\"4344\">M\u00e9t\u00e9o et retards op\u00e9rationnels :<\/strong><\/p><ul data-start=\"4347\" data-end=\"4591\"><li class=\"\" data-start=\"4347\" data-end=\"4457\"><p class=\"\" data-start=\"4349\" data-end=\"4457\">En cas de mauvais temps, les clients se verront proposer soit un remboursement complet, soit une autre date de r\u00e9servation.<\/p><\/li><li class=\"\" data-start=\"4458\" data-end=\"4591\"><p class=\"\" data-start=\"4460\" data-end=\"4591\">Aucun remboursement n&#039;est accord\u00e9 en cas de retard raisonnable, de r\u00e9duction ou de modification d&#039;un voyage en raison de conditions m\u00e9t\u00e9orologiques ou de pannes m\u00e9caniques.<\/p><\/li><\/ul><p class=\"\" data-start=\"4816\" data-end=\"4852\"><strong data-start=\"4816\" data-end=\"4850\">Traitement des paiements et des remboursements :<\/strong><\/p><ul data-start=\"4853\" data-end=\"5098\"><li class=\"\" data-start=\"4853\" data-end=\"4917\"><p class=\"\" data-start=\"4855\" data-end=\"4917\">Les paiements sont accept\u00e9s en ligne via Visa et MasterCard en AED.<\/p><\/li><li class=\"\" data-start=\"4918\" data-end=\"4981\"><p class=\"\" data-start=\"4920\" data-end=\"4981\">Les remboursements sont trait\u00e9s via le mode de paiement d&#039;origine.<\/p><\/li><li class=\"\" data-start=\"4982\" data-end=\"5098\"><p class=\"\" data-start=\"4984\" data-end=\"5098\">Les remboursements pour les paiements effectu\u00e9s via les passerelles de paiement en ligne seront trait\u00e9s moins les frais de transaction applicables.<\/p><\/li><\/ul><p class=\"\" data-start=\"5100\" data-end=\"5120\"><strong data-start=\"5100\" data-end=\"5118\">Loi applicable :<\/strong><\/p><ul data-start=\"5121\" data-end=\"5219\"><li class=\"\" data-start=\"5121\" data-end=\"5219\"><p class=\"\" data-start=\"5123\" data-end=\"5219\">Tout litige d\u00e9coulant ou li\u00e9 \u00e0 ce site Web sera r\u00e9gi par les lois des \u00c9mirats arabes unis.<\/p><\/li><\/ul><hr class=\"\" data-start=\"5221\" data-end=\"5224\" \/><h3 class=\"\" data-start=\"5226\" data-end=\"5260\"><strong data-start=\"5230\" data-end=\"5260\">14. Buggies et quads<\/strong><\/h3><p class=\"\" data-start=\"5262\" data-end=\"5286\"><strong data-start=\"5262\" data-end=\"5284\">Admissibilit\u00e9 du conducteur<\/strong><\/p><ul data-start=\"5287\" data-end=\"5449\"><li class=\"\" data-start=\"5287\" data-end=\"5363\"><p class=\"\" data-start=\"5289\" data-end=\"5363\">Les conducteurs doivent \u00eatre \u00e2g\u00e9s d&#039;au moins 18 ans et d\u00e9tenir un permis de conduire valide.<\/p><\/li><li class=\"\" data-start=\"5364\" data-end=\"5449\"><p class=\"\" data-start=\"5366\" data-end=\"5449\">Les passagers doivent \u00eatre \u00e2g\u00e9s d&#039;au moins 10 ans et accompagn\u00e9s d&#039;un adulte s&#039;ils ont moins de 18 ans.<\/p><\/li><\/ul><p class=\"\" data-start=\"5451\" data-end=\"5472\"><strong data-start=\"5451\" data-end=\"5470\">Sant\u00e9 et s\u00e9curit\u00e9<\/strong><\/p><ul data-start=\"5473\" data-end=\"5687\"><li class=\"\" data-start=\"5473\" data-end=\"5596\"><p class=\"\" data-start=\"5475\" data-end=\"5596\">Ces activit\u00e9s ne sont pas recommand\u00e9es aux femmes enceintes ou aux personnes souffrant de probl\u00e8mes de dos, de cou ou de probl\u00e8mes m\u00e9dicaux graves.<\/p><\/li><li class=\"\" data-start=\"5597\" data-end=\"5687\"><p class=\"\" data-start=\"5599\" data-end=\"5687\">Tous les participants doivent porter un casque et un \u00e9quipement de protection fournis pendant l&#039;exp\u00e9rience.<\/p><\/li><\/ul><p class=\"\" data-start=\"5689\" data-end=\"5721\"><strong data-start=\"5689\" data-end=\"5719\">Conduite et responsabilit\u00e9<\/strong><\/p><ul data-start=\"5722\" data-end=\"6003\"><li class=\"\" data-start=\"5722\" data-end=\"5828\"><p class=\"\" data-start=\"5724\" data-end=\"5828\">La conduite imprudente, la conduite hors piste, la d\u00e9rive ou la d\u00e9sob\u00e9issance aux instructions du guide sont strictement interdites.<\/p><\/li><li class=\"\" data-start=\"5829\" data-end=\"5918\"><p class=\"\" data-start=\"5831\" data-end=\"5918\">Les participants doivent suivre toutes les consignes de s\u00e9curit\u00e9 et les instructions fournies par le guide.<\/p><\/li><li class=\"\" data-start=\"5919\" data-end=\"6003\"><p class=\"\" data-start=\"5921\" data-end=\"6003\">Les clients sont responsables de tout dommage caus\u00e9 aux v\u00e9hicules en raison d&#039;une n\u00e9gligence ou d&#039;une mauvaise utilisation.<\/p><\/li><\/ul><p class=\"\" data-start=\"6005\" data-end=\"6024\"><strong data-start=\"6005\" data-end=\"6022\">Consommation de substances<\/strong><\/p><ul data-start=\"6025\" data-end=\"6218\"><li class=\"\" data-start=\"6025\" data-end=\"6126\"><p class=\"\" data-start=\"6027\" data-end=\"6126\">La consommation d&#039;alcool ou de toute substance ill\u00e9gale avant ou pendant l&#039;activit\u00e9 est strictement interdite.<\/p><\/li><li class=\"\" data-start=\"6127\" data-end=\"6218\"><p class=\"\" data-start=\"6129\" data-end=\"6218\">Les invit\u00e9s soup\u00e7onn\u00e9s d&#039;\u00eatre sous l&#039;influence de l&#039;alcool se verront refuser la participation sans remboursement.<\/p><\/li><\/ul><p class=\"\" data-start=\"6220\" data-end=\"6260\"><strong data-start=\"6220\" data-end=\"6258\">Conditions m\u00e9t\u00e9orologiques et op\u00e9rationnelles<\/strong><\/p><ul data-start=\"6261\" data-end=\"6478\"><li class=\"\" data-start=\"6261\" data-end=\"6398\"><p class=\"\" data-start=\"6263\" data-end=\"6398\">En cas de conditions m\u00e9t\u00e9orologiques extr\u00eames ou de circonstances impr\u00e9vues, l&#039;exp\u00e9rience peut \u00eatre report\u00e9e ou annul\u00e9e dans l&#039;int\u00e9r\u00eat de la s\u00e9curit\u00e9.<\/p><\/li><li class=\"\" data-start=\"6399\" data-end=\"6478\"><p class=\"\" data-start=\"6401\" data-end=\"6478\">Dans de tels cas, les clients se verront proposer un remboursement complet ou une autre date.<\/p><\/li><\/ul><p class=\"\" data-start=\"6480\" data-end=\"6508\"><strong data-start=\"6480\" data-end=\"6506\">Reconnaissance des risques<\/strong><\/p><ul data-start=\"6509\" data-end=\"6711\"><li class=\"\" data-start=\"6509\" data-end=\"6633\"><p class=\"\" data-start=\"6511\" data-end=\"6633\">Les clients comprennent que les activit\u00e9s de buggy et de quad comportent des risques inh\u00e9rents et acceptent de participer \u00e0 leurs propres risques.<\/p><\/li><li class=\"\" data-start=\"6634\" data-end=\"6711\"><p class=\"\" data-start=\"6636\" data-end=\"6711\">Une d\u00e9charge de responsabilit\u00e9 peut \u00eatre requise et doit \u00eatre sign\u00e9e avant le d\u00e9but de l&#039;activit\u00e9.<\/p><\/li><\/ul><hr class=\"\" data-start=\"6713\" data-end=\"6716\" \/><p class=\"\" data-start=\"6718\" data-end=\"6853\"><strong data-start=\"6718\" data-end=\"6777\">Pour toute question ou clarification, veuillez nous contacter \u00e0<\/strong> <a rel=\"noopener\" data-start=\"6778\" data-end=\"6823\">info@57safari.com<\/a> <strong data-start=\"6824\" data-end=\"6835\">ou appelez<\/strong> +971 52 334 4891.<\/p>\t\t\t\t\t\t\t\t<\/div>\n\t\t\t\t\t<\/div>\n\t\t\t\t<\/div>\n\t\t\t\t<\/div>","protected":false},"excerpt":{"rendered":"<p>1. Informations g\u00e9n\u00e9rales\u00a0: 57 Heritage Tourism LLC est domicili\u00e9e aux \u00c9mirats arabes unis et tous ses services sont r\u00e9gis par la l\u00e9gislation des \u00c9mirats arabes unis. Nos services ne seront pas fournis aux pays approuv\u00e9s par l&#039;OFAC. Les mineurs de moins de 18\u00a0ans ne sont pas autoris\u00e9s \u00e0 s&#039;inscrire ni \u00e0 effectuer des transactions sur ce site web. Les titulaires de carte doivent conserver une copie de leur carte bancaire.<\/p>","protected":false},"author":8,"featured_media":0,"parent":0,"menu_order":0,"comment_status":"closed","ping_status":"closed","template":"","meta":{"_acf_changed":false,"iawp_total_views":4,"footnotes":""},"class_list":["post-924","page","type-page","status-publish","hentry"],"acf":[],"_links":{"self":[{"href":"https:\/\/57safari.com\/fr\/wp-json\/wp\/v2\/pages\/924","targetHints":{"allow":["GET"]}}],"collection":[{"href":"https:\/\/57safari.com\/fr\/wp-json\/wp\/v2\/pages"}],"about":[{"href":"https:\/\/57safari.com\/fr\/wp-json\/wp\/v2\/types\/page"}],"author":[{"embeddable":true,"href":"https:\/\/57safari.com\/fr\/wp-json\/wp\/v2\/users\/8"}],"replies":[{"embeddable":true,"href":"https:\/\/57safari.com\/fr\/wp-json\/wp\/v2\/comments?post=924"}],"version-history":[{"count":0,"href":"https:\/\/57safari.com\/fr\/wp-json\/wp\/v2\/pages\/924\/revisions"}],"wp:attachment":[{"href":"https:\/\/57safari.com\/fr\/wp-json\/wp\/v2\/media?parent=924"}],"curies":[{"name":"wp","href":"https:\/\/api.w.org\/{rel}","templated":true}]}}