{"id":10013,"date":"2024-12-09T01:40:13","date_gmt":"2024-12-08T21:40:13","guid":{"rendered":"https:\/\/57safari.com\/?post_type=product&#038;p=10013"},"modified":"2025-12-27T20:27:00","modified_gmt":"2025-12-27T16:27:00","slug":"infinity-yacht-experience-dubai","status":"publish","type":"product","link":"https:\/\/57safari.com\/fr\/product\/infinity-yacht-experience-dubai\/","title":{"rendered":"Exp\u00e9rience de yacht Infinity \u00e0 Duba\u00ef"},"content":{"rendered":"<div data-elementor-type=\"product-post\" data-elementor-id=\"10013\" class=\"elementor elementor-10013\" data-elementor-post-type=\"product\">\n\t\t\t\t<div class=\"elementor-element elementor-element-c16a6b5 e-flex e-con-boxed e-con e-parent\" data-id=\"c16a6b5\" data-element_type=\"container\" data-e-type=\"container\">\n\t\t\t\t\t<div class=\"e-con-inner\">\n\t\t\t\t<div class=\"elementor-element elementor-element-391a242 elementor-widget elementor-widget-template\" data-id=\"391a242\" data-element_type=\"widget\" data-e-type=\"widget\" data-widget_type=\"template.default\">\n\t\t\t\t<div class=\"elementor-widget-container\">\n\t\t\t\t\t\t\t<div class=\"elementor-template\">\n\t\t\t\t\t<div data-elementor-type=\"section\" data-elementor-id=\"9230\" class=\"elementor elementor-9230\" data-elementor-post-type=\"elementor_library\">\n\t\t\t<div class=\"elementor-element elementor-element-c76d877 e-con-full e-flex e-con e-parent\" data-id=\"c76d877\" data-element_type=\"container\" data-e-type=\"container\">\n\t\t\t\t<\/div>\n\t\t\t\t<\/div>\n\t\t\t\t<\/div>\n\t\t\t\t\t\t<\/div>\n\t\t\t\t<\/div>\n\t\t\t\t\t<\/div>\n\t\t\t\t<\/div>\n\t\t\t\t<\/div>","protected":false},"excerpt":{"rendered":"<p>Explorez la c\u00f4te de Duba\u00ef \u00e0 bord du yacht Infinity de 18 m\u00e8tres. Une exp\u00e9rience de croisi\u00e8re priv\u00e9e \u00e9l\u00e9gante et confortable, id\u00e9ale pour les visites touristiques, les r\u00e9unions intimes et des moments de luxe et de d\u00e9tente sur l&#039;eau.<\/p>","protected":false},"featured_media":13107,"template":"","meta":{"_acf_changed":false,"iawp_total_views":3},"car-type":[],"product_brand":[],"product_cat":[26],"product_tag":[55],"class_list":{"0":"post-10013","1":"product","2":"type-product","3":"status-publish","4":"has-post-thumbnail","6":"product_cat-uncategorized","7":"product_tag-yachts","9":"first","10":"instock","11":"virtual","12":"sold-individually","13":"taxable","14":"purchasable","15":"product-type-booking"},"acf":[],"_links":{"self":[{"href":"https:\/\/57safari.com\/fr\/wp-json\/wp\/v2\/product\/10013","targetHints":{"allow":["GET"]}}],"collection":[{"href":"https:\/\/57safari.com\/fr\/wp-json\/wp\/v2\/product"}],"about":[{"href":"https:\/\/57safari.com\/fr\/wp-json\/wp\/v2\/types\/product"}],"version-history":[{"count":0,"href":"https:\/\/57safari.com\/fr\/wp-json\/wp\/v2\/product\/10013\/revisions"}],"wp:featuredmedia":[{"embeddable":true,"href":"https:\/\/57safari.com\/fr\/wp-json\/wp\/v2\/media\/13107"}],"wp:attachment":[{"href":"https:\/\/57safari.com\/fr\/wp-json\/wp\/v2\/media?parent=10013"}],"wp:term":[{"taxonomy":"car-type","embeddable":true,"href":"https:\/\/57safari.com\/fr\/wp-json\/wp\/v2\/car-type?post=10013"},{"taxonomy":"product_brand","embeddable":true,"href":"https:\/\/57safari.com\/fr\/wp-json\/wp\/v2\/product_brand?post=10013"},{"taxonomy":"product_cat","embeddable":true,"href":"https:\/\/57safari.com\/fr\/wp-json\/wp\/v2\/product_cat?post=10013"},{"taxonomy":"product_tag","embeddable":true,"href":"https:\/\/57safari.com\/fr\/wp-json\/wp\/v2\/product_tag?post=10013"}],"curies":[{"name":"wp","href":"https:\/\/api.w.org\/{rel}","templated":true}]}}