{"id":9962,"date":"2024-12-09T01:00:23","date_gmt":"2024-12-08T21:00:23","guid":{"rendered":"https:\/\/57safari.com\/?post_type=product&#038;p=9962"},"modified":"2025-12-27T20:10:06","modified_gmt":"2025-12-27T16:10:06","slug":"caliente-yacht-experience-dubai","status":"publish","type":"product","link":"https:\/\/57safari.com\/fr\/product\/caliente-yacht-experience-dubai\/","title":{"rendered":"Caliente Yacht Experience Duba\u00ef"},"content":{"rendered":"<div data-elementor-type=\"product-post\" data-elementor-id=\"9962\" class=\"elementor elementor-9962\" data-elementor-post-type=\"product\">\n\t\t\t\t<div class=\"elementor-element elementor-element-c16a6b5 e-flex e-con-boxed e-con e-parent\" data-id=\"c16a6b5\" data-element_type=\"container\" data-e-type=\"container\">\n\t\t\t\t\t<div class=\"e-con-inner\">\n\t\t\t\t<div class=\"elementor-element elementor-element-391a242 elementor-widget elementor-widget-template\" data-id=\"391a242\" data-element_type=\"widget\" data-e-type=\"widget\" data-widget_type=\"template.default\">\n\t\t\t\t<div class=\"elementor-widget-container\">\n\t\t\t\t\t\t\t<div class=\"elementor-template\">\n\t\t\t\t\t<div data-elementor-type=\"section\" data-elementor-id=\"9230\" class=\"elementor elementor-9230\" data-elementor-post-type=\"elementor_library\">\n\t\t\t<div class=\"elementor-element elementor-element-c76d877 e-con-full e-flex e-con e-parent\" data-id=\"c76d877\" data-element_type=\"container\" data-e-type=\"container\">\n\t\t\t\t<\/div>\n\t\t\t\t<\/div>\n\t\t\t\t<\/div>\n\t\t\t\t\t\t<\/div>\n\t\t\t\t<\/div>\n\t\t\t\t\t<\/div>\n\t\t\t\t<\/div>\n\t\t\t\t<\/div>","protected":false},"excerpt":{"rendered":"<p>Embarquez \u00e0 bord du yacht Caliente de 29 m\u00e8tres pour une exp\u00e9rience de croisi\u00e8re haut de gamme \u00e0 Duba\u00ef. Ses ponts spacieux, ses int\u00e9rieurs \u00e9l\u00e9gants et sa navigation priv\u00e9e et paisible sont parfaits pour c\u00e9l\u00e9brer des \u00e9v\u00e9nements, d\u00e9couvrir le monde et profiter de moments de luxe sur l&#039;eau.<\/p>","protected":false},"featured_media":13028,"template":"","meta":{"_acf_changed":false,"iawp_total_views":1},"car-type":[],"product_brand":[],"product_cat":[26],"product_tag":[55],"class_list":{"0":"post-9962","1":"product","2":"type-product","3":"status-publish","4":"has-post-thumbnail","6":"product_cat-uncategorized","7":"product_tag-yachts","9":"first","10":"instock","11":"virtual","12":"sold-individually","13":"taxable","14":"purchasable","15":"product-type-booking"},"acf":[],"_links":{"self":[{"href":"https:\/\/57safari.com\/fr\/wp-json\/wp\/v2\/product\/9962","targetHints":{"allow":["GET"]}}],"collection":[{"href":"https:\/\/57safari.com\/fr\/wp-json\/wp\/v2\/product"}],"about":[{"href":"https:\/\/57safari.com\/fr\/wp-json\/wp\/v2\/types\/product"}],"version-history":[{"count":0,"href":"https:\/\/57safari.com\/fr\/wp-json\/wp\/v2\/product\/9962\/revisions"}],"wp:featuredmedia":[{"embeddable":true,"href":"https:\/\/57safari.com\/fr\/wp-json\/wp\/v2\/media\/13028"}],"wp:attachment":[{"href":"https:\/\/57safari.com\/fr\/wp-json\/wp\/v2\/media?parent=9962"}],"wp:term":[{"taxonomy":"car-type","embeddable":true,"href":"https:\/\/57safari.com\/fr\/wp-json\/wp\/v2\/car-type?post=9962"},{"taxonomy":"product_brand","embeddable":true,"href":"https:\/\/57safari.com\/fr\/wp-json\/wp\/v2\/product_brand?post=9962"},{"taxonomy":"product_cat","embeddable":true,"href":"https:\/\/57safari.com\/fr\/wp-json\/wp\/v2\/product_cat?post=9962"},{"taxonomy":"product_tag","embeddable":true,"href":"https:\/\/57safari.com\/fr\/wp-json\/wp\/v2\/product_tag?post=9962"}],"curies":[{"name":"wp","href":"https:\/\/api.w.org\/{rel}","templated":true}]}}